{"id":5006,"date":"2024-06-14T22:59:56","date_gmt":"2024-06-14T20:59:56","guid":{"rendered":"https:\/\/tinychat.com\/?page_id=5006"},"modified":"2025-06-12T10:28:13","modified_gmt":"2025-06-12T08:28:13","slug":"free-cam-chat","status":"publish","type":"page","link":"https:\/\/tinychat.com\/tr\/free-cam-chat\/","title":{"rendered":"\u00dccretsiz Kameral\u0131 Sohbet"},"content":{"rendered":"<p>Bazen sadece biriyle y\u00fcz y\u00fcze konu\u015fmak istersiniz, hi\u00e7bir ko\u015ful, maliyet ve karma\u015f\u0131k kay\u0131t olmadan. \u00dccretsiz kameral\u0131 sohbetin g\u00fczelli\u011fi budur - ger\u00e7ek, canl\u0131, spontane ba\u011flant\u0131y\u0131 istedi\u011finiz zaman sadece bir t\u0131k uza\u011f\u0131n\u0131za koyar. \u0130ster yeni arkada\u015flar ar\u0131yor olun, ister bir dil prati\u011fi yapmak istiyor olun ya da sadece d\u00fcnyan\u0131n her yerinden biriyle sohbet etmek istiyor olun, \u00fccretsiz kameral\u0131 sohbet bunu basit ve herkese a\u00e7\u0131k hale getirir.<\/p>\n<p>\u0130nsanlar\u0131 an\u0131nda, hi\u00e7bir engel olmadan bir araya getirmekle ilgilidir. Ayl\u0131k \u00fccret yok, premium y\u00fckseltmeler yok, g\u00fc\u00e7l\u00fck yok. Sadece siz, web kameran\u0131z ve d\u00fcnya.<\/p>\n<h2>\u00dccretsiz Kameral\u0131 Sohbeti \u00d6ne \u00c7\u0131karan Nedir?<\/h2>\n<p>\u00c7evrimi\u00e7i konu\u015fman\u0131n pek \u00e7ok yolu vard\u0131r, ancak \u00fccretsiz kameral\u0131 sohbetin birka\u00e7 b\u00fcy\u00fck avantaj\u0131 vard\u0131r:<\/p>\n<ul>\n<li>100% \u00fccretsizdir: Kat\u0131lmak veya sohbeti devam ettirmek i\u00e7in \u00f6deme yapmazs\u0131n\u0131z.<\/li>\n<li>An\u0131nda: Bir d\u00fc\u011fmeye t\u0131klay\u0131n ve saniyeler i\u00e7inde yeni biriyle y\u00fcz y\u00fcze gelin.<\/li>\n<li>Karma\u015f\u0131k kay\u0131t i\u015flemleri yok: \u00c7o\u011fu platformun ba\u015flamak i\u00e7in bir hesaba bile ihtiyac\u0131 yoktur.<\/li>\n<li>Her yerden insanlarla tan\u0131\u015f\u0131n: Her sohbet, tamamen farkl\u0131 biriyle ba\u011flant\u0131 kurmak i\u00e7in yeni bir \u015fanst\u0131r.<\/li>\n<\/ul>\n<p>T\u00fcm zaman boyunca kontrol sizdedir - sohbet t\u0131klanm\u0131yorsa, sadece bir sonraki ki\u015fiye ge\u00e7in, gariplik gerekmez.<\/p>\n<h2>\u00dccretsiz Kameral\u0131 Sohbet Nas\u0131l \u00c7al\u0131\u015f\u0131r?<\/h2>\n<p>\u00c7o\u011fu \u00fccretsiz kameral\u0131 sohbet sitesi i\u015fleri \u00e7ok basit tutar. Genelde \u015f\u00f6yle olur:<\/p>\n<ol>\n<li>\u00dccretsiz bir kameral\u0131 sohbet web sitesini ziyaret edin veya uygulamay\u0131 a\u00e7\u0131n.<\/li>\n<li>Web kameran\u0131za ve mikrofonunuza eri\u015fime izin verin.<\/li>\n<li>\"Ba\u015flat\" veya \"Canl\u0131 Yay\u0131na Ge\u00e7 \"e bas\u0131n ve an\u0131nda ba\u015fka bir kullan\u0131c\u0131yla e\u015fle\u015fin.<\/li>\n<li>\u0130stedi\u011finiz kadar sohbet edin, ard\u0131ndan yeni biriyle tan\u0131\u015fmak i\u00e7in \"\u0130leri\" ye t\u0131klay\u0131n.<\/li>\n<\/ol>\n<p>Baz\u0131 siteler dil veya konum gibi filtreler kullanman\u0131za izin verirken, di\u011ferleri tamamen rastgeledir. Utanga\u00e7 hissediyorsan\u0131z, bir\u00e7ok platform videoya ge\u00e7meden \u00f6nce metin veya sesle ba\u015flaman\u0131za izin verir.<\/p>\n<h2>En \u0130yi \u00dccretsiz Kameral\u0131 Sohbet Platformlar\u0131<\/h2>\n<p>Ba\u015flamak m\u0131 istiyorsunuz? \u0130\u015fte en pop\u00fcler ve g\u00fcvenilir se\u00e7eneklerden birka\u00e7\u0131:<\/p>\n<ul>\n<li>Omegle: Rastgele \u00fccretsiz kamera sohbetleri i\u00e7in orijinal klasik.<\/li>\n<li>Chatroulette: H\u0131zl\u0131 tempolu, kullan\u0131m\u0131 kolay ve her saat kullan\u0131c\u0131larla dolu.<\/li>\n<li>Chatrandom: Rastgele kameral\u0131 sohbet ve cinsiyete veya \u00fclkeye g\u00f6re filtreleme se\u00e7enekleri sunar.<\/li>\n<li>TinyChat: Hem grup hem de \u00f6zel g\u00f6r\u00fcnt\u00fcl\u00fc sohbetler i\u00e7in harika, hepsi \u00fccretsiz.<\/li>\n<li>Chatspin: \u00dccretsiz, g\u00f6steri\u015fsiz g\u00f6r\u00fcnt\u00fcl\u00fc sohbeti ve iste\u011fe ba\u011fl\u0131 filtreleriyle tan\u0131n\u0131r.<\/li>\n<\/ul>\n<p>Her sitenin kendine \u00f6zg\u00fc bir ki\u015fili\u011fi vard\u0131r, bu nedenle hangisinin tarz\u0131n\u0131za uydu\u011funu g\u00f6rmek i\u00e7in birka\u00e7\u0131n\u0131 deneyin.<\/p>\n<h2>G\u00fcvende Kalmak ve Harika Vakit Ge\u00e7irmek \u0130\u00e7in \u0130pu\u00e7lar\u0131<\/h2>\n<p>\u00c7o\u011fu insan sadece e\u011flenceli bir sohbet i\u00e7in orada olsa da, \u00e7evrimi\u00e7i ortamda kendinize dikkat etmeniz ak\u0131ll\u0131ca olacakt\u0131r:<\/p>\n<ul>\n<li>Ger\u00e7ek ad\u0131n\u0131z, adresiniz veya i\u015f yeriniz gibi ki\u015fisel bilgilerinizi payla\u015fmay\u0131n.<\/li>\n<li>E\u011fer kendinizi rahats\u0131z hissederseniz, sohbeti terk edin - a\u00e7\u0131klama yapman\u0131za gerek yok.<\/li>\n<li>Takma adlar kullan\u0131n ve kar\u015f\u0131n\u0131zdaki ki\u015fiden emin olana kadar i\u015fleri hafif tutun.<\/li>\n<li>Kibar ve sayg\u0131l\u0131 olun; ba\u015fkalar\u0131na size davran\u0131lmas\u0131n\u0131 istedi\u011finiz \u015fekilde davran\u0131n.<\/li>\n<li>K\u00f6t\u00fc davran\u0131\u015flarla kar\u015f\u0131la\u015f\u0131rsan\u0131z raporlama\/engelleme \u00f6zelliklerini kullan\u0131n.<\/li>\n<\/ul>\n<p>\u00dccretsiz olmas\u0131 daha az g\u00fcvenli oldu\u011fu anlam\u0131na gelmez - \u00e7o\u011fu platform denetlenir ve herhangi bir sorunu i\u015faretlemek i\u00e7in h\u0131zl\u0131 yollar vard\u0131r.<\/p>\n<h2>\u0130nsanlar \u00dccretsiz Kameral\u0131 Sohbeti Neden Seviyor?<\/h2>\n<p>Kolayd\u0131r, tazedir ve kiminle tan\u0131\u015faca\u011f\u0131n\u0131z\u0131 asla bilemezsiniz. Pek \u00e7ok insan i\u00e7in bu, her zamanki kabarc\u0131klar\u0131ndan \u00e7\u0131kman\u0131n, biraz sosyal enerji elde etmenin veya sadece her \u015feyin rastlant\u0131sall\u0131\u011f\u0131na g\u00fclmenin bir yoludur.<\/p>\n<p>\u0130\u015fte baz\u0131 kullan\u0131c\u0131lar\u0131n s\u00f6yledikleri:<\/p>\n<blockquote><p>\"D\u00fcnyan\u0131n \u00f6b\u00fcr ucundan biriyle tan\u0131\u015ft\u0131m ve \u015fimdi her hafta sohbet ediyoruz!\"<\/p>\n<p>\"E\u011fer bir sohbet gariple\u015firse, bir sonrakine ge\u00e7iyorum. Hi\u00e7 bask\u0131 yok.\"<\/p>\n<p>\"Arkada\u015f edinmek, \u0130ngilizce pratik yapmak ya da sadece g\u00fclmek i\u00e7in harika bir yol.\"<\/p><\/blockquote>\n<h2>\u00dccretsiz Kameral\u0131 Sohbet ve Di\u011fer G\u00f6r\u00fcnt\u00fcl\u00fc Sohbet Se\u00e7enekleri<\/h2>\n<table>\n<thead>\n<tr>\n<th>\u00d6zellik<\/th>\n<th>\u00dccretsiz Kameral\u0131 Sohbet<\/th>\n<th>\u00dccretli Kamera Siteleri<\/th>\n<th>Arkada\u015fl\u0131k Uygulamalar\u0131<\/th>\n<th>Grup G\u00f6r\u00fcnt\u00fcl\u00fc Sohbet<\/th>\n<\/tr>\n<\/thead>\n<tbody>\n<tr>\n<td>100% \u00fccretsiz<\/td>\n<td>\u2705<\/td>\n<td>\u274c<\/td>\n<td>\u274c<\/td>\n<td>\u2705<\/td>\n<\/tr>\n<tr>\n<td>Kay\u0131t gerekmiyor<\/td>\n<td>\u2705<\/td>\n<td>\u274c<\/td>\n<td>\u274c<\/td>\n<td>\u2705<\/td>\n<\/tr>\n<tr>\n<td>Rastgele e\u015fle\u015ftirme<\/td>\n<td>\u2705<\/td>\n<td>\u2705<\/td>\n<td>\u274c<\/td>\n<td>\u274c<\/td>\n<\/tr>\n<tr>\n<td>Bire bir g\u00f6r\u00fcnt\u00fcl\u00fc sohbet<\/td>\n<td>\u2705<\/td>\n<td>\u2705<\/td>\n<td>\u274c<\/td>\n<td>\u2705<\/td>\n<\/tr>\n<tr>\n<td>Herkesle, her yerde kullanabilir<\/td>\n<td>\u2705<\/td>\n<td>\u2705<\/td>\n<td>\u2705<\/td>\n<td>\u2705<\/td>\n<\/tr>\n<\/tbody>\n<\/table>\n<p>Esneklik, \u00f6zg\u00fcrl\u00fck ve taahh\u00fct veya maliyet olmadan ger\u00e7ek y\u00fcz y\u00fcze sohbet istedi\u011finizde, \u00fccretsiz kameral\u0131 sohbet mant\u0131kl\u0131d\u0131r.<\/p>\n<h2>\u00dccretsiz Kameral\u0131 Sohbetten En \u0130yi \u015eekilde Yararlanma<\/h2>\n<p>Deneyiminizi daha da iyi hale getirmek i\u00e7in birka\u00e7 h\u0131zl\u0131 fikir:<\/p>\n<ul>\n<li>A\u00e7\u0131k fikirli olun - her sohbet yeni bir f\u0131rsatt\u0131r.<\/li>\n<li>G\u00fcl\u00fcmseyin, rahatlay\u0131n ve sohbeti ba\u015flatmaktan korkmay\u0131n.<\/li>\n<li>D\u00fcnyan\u0131n her yerinden insanlarla tan\u0131\u015fmak i\u00e7in g\u00fcn\u00fcn farkl\u0131 saatlerini deneyin.<\/li>\n<li>Hafif ve e\u011flenceli tutun; e\u011fer de\u011filse, atlay\u0131n ve tekrar deneyin.<\/li>\n<li>E\u011fer bir dil \u00f6\u011freniyorsan\u0131z, bunu s\u00f6yleyin - bir\u00e7ok insan yard\u0131m etmeyi sever!<\/li>\n<\/ul>\n<p>\u00dccretsiz kameral\u0131 sohbet, \u00e7evrimi\u00e7i yeni insanlarla tan\u0131\u015fman\u0131n en e\u011flenceli ve esnek yollar\u0131ndan biridir. \u0130ster arkada\u015f edinmek, ister yeni bir \u015feyler denemek veya sadece rutini k\u0131rmak isteyin, tek yapman\u0131z gereken bir web kameras\u0131 ve bir t\u0131klama. S\u0131f\u0131r maliyet ve hi\u00e7bir engel olmadan, bir sonraki harika sohbetinizden her zaman bir arama uzaktas\u0131n\u0131z.<\/p>\n<p>\u00d6yleyse neden denemiyorsunuz? D\u00fcnya sizinle tan\u0131\u015fmay\u0131 bekliyor, her seferinde bir \u00fccretsiz kameral\u0131 sohbet.<\/p>","protected":false},"excerpt":{"rendered":"<p>Sometimes you just want to talk face-to-face with someone, no strings, no costs, and no complicated sign-up. That\u2019s the beauty of free cam chat\u2014it puts real, live, spontaneous connection just one click away, anytime you want. Whether you\u2019re looking for new friends, want to practice a language, or just feel like chatting with someone across [&hellip;]<\/p>\n","protected":false},"author":8,"featured_media":0,"parent":0,"menu_order":0,"comment_status":"closed","ping_status":"closed","template":"","meta":{"footnotes":""},"class_list":["post-5006","page","type-page","status-publish","hentry"],"yoast_head":"<!-- This site is optimized with the Yoast SEO plugin v27.4 - https:\/\/yoast.com\/product\/yoast-seo-wordpress\/ -->\n<title>Free Cam Chat with Video Chat on TinyChat.com<\/title>\n<meta name=\"description\" content=\"Enjoying Free Cam Chat? Join over 50,000,000 strangers on TinyChat! Turn on your cam and start meeting new people, or find a match.\" \/>\n<meta name=\"robots\" content=\"index, follow, max-snippet:-1, max-image-preview:large, max-video-preview:-1\" \/>\n<link rel=\"canonical\" href=\"https:\/\/tinychat.com\/tr\/free-cam-chat\/\" \/>\n<meta property=\"og:locale\" content=\"tr_TR\" \/>\n<meta property=\"og:type\" content=\"article\" \/>\n<meta property=\"og:title\" content=\"Free Cam Chat with Video Chat on TinyChat.com\" \/>\n<meta property=\"og:description\" content=\"Enjoying Free Cam Chat? Join over 50,000,000 strangers on TinyChat! Turn on your cam and start meeting new people, or find a match.\" \/>\n<meta property=\"og:url\" content=\"https:\/\/tinychat.com\/tr\/free-cam-chat\/\" \/>\n<meta property=\"og:site_name\" content=\"TinyChat\" \/>\n<meta property=\"article:publisher\" content=\"https:\/\/www.facebook.com\/tinychat\" \/>\n<meta property=\"article:modified_time\" content=\"2025-06-12T08:28:13+00:00\" \/>\n<meta property=\"og:image\" content=\"https:\/\/tinychat.com\/wp-content\/uploads\/2020\/04\/Tinychat-logo-1280x284-new-black.png\" \/>\n\t<meta property=\"og:image:width\" content=\"1280\" \/>\n\t<meta property=\"og:image:height\" content=\"284\" \/>\n\t<meta property=\"og:image:type\" content=\"image\/png\" \/>\n<meta name=\"twitter:card\" content=\"summary_large_image\" \/>\n<meta name=\"twitter:site\" content=\"@tinychat\" \/>\n<meta name=\"twitter:label1\" content=\"Tahmini okuma s\u00fcresi\" \/>\n\t<meta name=\"twitter:data1\" content=\"4 dakika\" \/>\n<script type=\"application\/ld+json\" class=\"yoast-schema-graph\">{\"@context\":\"https:\\\/\\\/schema.org\",\"@graph\":[{\"@type\":\"WebPage\",\"@id\":\"https:\\\/\\\/tinychat.com\\\/free-cam-chat\\\/\",\"url\":\"https:\\\/\\\/tinychat.com\\\/free-cam-chat\\\/\",\"name\":\"Free Cam Chat with Video Chat on TinyChat.com\",\"isPartOf\":{\"@id\":\"https:\\\/\\\/tinychat.com\\\/#website\"},\"datePublished\":\"2024-06-14T20:59:56+00:00\",\"dateModified\":\"2025-06-12T08:28:13+00:00\",\"description\":\"Enjoying Free Cam Chat? Join over 50,000,000 strangers on TinyChat! Turn on your cam and start meeting new people, or find a match.\",\"breadcrumb\":{\"@id\":\"https:\\\/\\\/tinychat.com\\\/free-cam-chat\\\/#breadcrumb\"},\"inLanguage\":\"tr\",\"potentialAction\":[{\"@type\":\"ReadAction\",\"target\":[\"https:\\\/\\\/tinychat.com\\\/free-cam-chat\\\/\"]}]},{\"@type\":\"BreadcrumbList\",\"@id\":\"https:\\\/\\\/tinychat.com\\\/free-cam-chat\\\/#breadcrumb\",\"itemListElement\":[{\"@type\":\"ListItem\",\"position\":1,\"name\":\"Home\",\"item\":\"https:\\\/\\\/tinychat.com\\\/\"},{\"@type\":\"ListItem\",\"position\":2,\"name\":\"Free Cam Chat\"}]},{\"@type\":\"WebSite\",\"@id\":\"https:\\\/\\\/tinychat.com\\\/#website\",\"url\":\"https:\\\/\\\/tinychat.com\\\/\",\"name\":\"TinyChat\",\"description\":\"Random Video Chat with Strangers\",\"publisher\":{\"@id\":\"https:\\\/\\\/tinychat.com\\\/#organization\"},\"alternateName\":\"TinyChat.com\",\"potentialAction\":[{\"@type\":\"SearchAction\",\"target\":{\"@type\":\"EntryPoint\",\"urlTemplate\":\"https:\\\/\\\/tinychat.com\\\/?s={search_term_string}\"},\"query-input\":{\"@type\":\"PropertyValueSpecification\",\"valueRequired\":true,\"valueName\":\"search_term_string\"}}],\"inLanguage\":\"tr\"},{\"@type\":\"Organization\",\"@id\":\"https:\\\/\\\/tinychat.com\\\/#organization\",\"name\":\"TinyChat\",\"alternateName\":\"TinyChat.com\",\"url\":\"https:\\\/\\\/tinychat.com\\\/\",\"logo\":{\"@type\":\"ImageObject\",\"inLanguage\":\"tr\",\"@id\":\"https:\\\/\\\/tinychat.com\\\/#\\\/schema\\\/logo\\\/image\\\/\",\"url\":\"https:\\\/\\\/tinychat.com\\\/wp-content\\\/uploads\\\/2023\\\/11\\\/Tinychat-icon-square.png\",\"contentUrl\":\"https:\\\/\\\/tinychat.com\\\/wp-content\\\/uploads\\\/2023\\\/11\\\/Tinychat-icon-square.png\",\"width\":284,\"height\":284,\"caption\":\"TinyChat\"},\"image\":{\"@id\":\"https:\\\/\\\/tinychat.com\\\/#\\\/schema\\\/logo\\\/image\\\/\"},\"sameAs\":[\"https:\\\/\\\/www.facebook.com\\\/tinychat\",\"https:\\\/\\\/x.com\\\/tinychat\"]}]}<\/script>\n<!-- \/ Yoast SEO plugin. -->","yoast_head_json":{"title":"TinyChat.com'da G\u00f6r\u00fcnt\u00fcl\u00fc Sohbet ile \u00dccretsiz Kameral\u0131 Sohbet","description":"\u00dccretsiz Kamera Sohbetinin tad\u0131n\u0131 m\u0131 \u00e7\u0131kar\u0131yorsunuz? TinyChat'de 50.000.000'dan fazla yabanc\u0131ya kat\u0131l\u0131n! Kameran\u0131z\u0131 a\u00e7\u0131n ve yeni insanlarla tan\u0131\u015fmaya ba\u015flay\u0131n veya bir e\u015fle\u015fme bulun.","robots":{"index":"index","follow":"follow","max-snippet":"max-snippet:-1","max-image-preview":"max-image-preview:large","max-video-preview":"max-video-preview:-1"},"canonical":"https:\/\/tinychat.com\/tr\/free-cam-chat\/","og_locale":"tr_TR","og_type":"article","og_title":"Free Cam Chat with Video Chat on TinyChat.com","og_description":"Enjoying Free Cam Chat? Join over 50,000,000 strangers on TinyChat! Turn on your cam and start meeting new people, or find a match.","og_url":"https:\/\/tinychat.com\/tr\/free-cam-chat\/","og_site_name":"TinyChat","article_publisher":"https:\/\/www.facebook.com\/tinychat","article_modified_time":"2025-06-12T08:28:13+00:00","og_image":[{"width":1280,"height":284,"url":"https:\/\/tinychat.com\/wp-content\/uploads\/2020\/04\/Tinychat-logo-1280x284-new-black.png","type":"image\/png"}],"twitter_card":"summary_large_image","twitter_site":"@tinychat","twitter_misc":{"Tahmini okuma s\u00fcresi":"4 dakika"},"schema":{"@context":"https:\/\/schema.org","@graph":[{"@type":"WebPage","@id":"https:\/\/tinychat.com\/free-cam-chat\/","url":"https:\/\/tinychat.com\/free-cam-chat\/","name":"TinyChat.com'da G\u00f6r\u00fcnt\u00fcl\u00fc Sohbet ile \u00dccretsiz Kameral\u0131 Sohbet","isPartOf":{"@id":"https:\/\/tinychat.com\/#website"},"datePublished":"2024-06-14T20:59:56+00:00","dateModified":"2025-06-12T08:28:13+00:00","description":"\u00dccretsiz Kamera Sohbetinin tad\u0131n\u0131 m\u0131 \u00e7\u0131kar\u0131yorsunuz? TinyChat'de 50.000.000'dan fazla yabanc\u0131ya kat\u0131l\u0131n! Kameran\u0131z\u0131 a\u00e7\u0131n ve yeni insanlarla tan\u0131\u015fmaya ba\u015flay\u0131n veya bir e\u015fle\u015fme bulun.","breadcrumb":{"@id":"https:\/\/tinychat.com\/free-cam-chat\/#breadcrumb"},"inLanguage":"tr","potentialAction":[{"@type":"ReadAction","target":["https:\/\/tinychat.com\/free-cam-chat\/"]}]},{"@type":"BreadcrumbList","@id":"https:\/\/tinychat.com\/free-cam-chat\/#breadcrumb","itemListElement":[{"@type":"ListItem","position":1,"name":"Home","item":"https:\/\/tinychat.com\/"},{"@type":"ListItem","position":2,"name":"Free Cam Chat"}]},{"@type":"WebSite","@id":"https:\/\/tinychat.com\/#website","url":"https:\/\/tinychat.com\/","name":"TinyChat","description":"Yabanc\u0131larla Rastgele G\u00f6r\u00fcnt\u00fcl\u00fc Sohbet","publisher":{"@id":"https:\/\/tinychat.com\/#organization"},"alternateName":"TinyChat.com","potentialAction":[{"@type":"SearchAction","target":{"@type":"EntryPoint","urlTemplate":"https:\/\/tinychat.com\/?s={search_term_string}"},"query-input":{"@type":"PropertyValueSpecification","valueRequired":true,"valueName":"search_term_string"}}],"inLanguage":"tr"},{"@type":"Organization","@id":"https:\/\/tinychat.com\/#organization","name":"TinyChat","alternateName":"TinyChat.com","url":"https:\/\/tinychat.com\/","logo":{"@type":"ImageObject","inLanguage":"tr","@id":"https:\/\/tinychat.com\/#\/schema\/logo\/image\/","url":"https:\/\/tinychat.com\/wp-content\/uploads\/2023\/11\/Tinychat-icon-square.png","contentUrl":"https:\/\/tinychat.com\/wp-content\/uploads\/2023\/11\/Tinychat-icon-square.png","width":284,"height":284,"caption":"TinyChat"},"image":{"@id":"https:\/\/tinychat.com\/#\/schema\/logo\/image\/"},"sameAs":["https:\/\/www.facebook.com\/tinychat","https:\/\/x.com\/tinychat"]}]}},"_links":{"self":[{"href":"https:\/\/tinychat.com\/tr\/wp-json\/wp\/v2\/pages\/5006","targetHints":{"allow":["GET"]}}],"collection":[{"href":"https:\/\/tinychat.com\/tr\/wp-json\/wp\/v2\/pages"}],"about":[{"href":"https:\/\/tinychat.com\/tr\/wp-json\/wp\/v2\/types\/page"}],"author":[{"embeddable":true,"href":"https:\/\/tinychat.com\/tr\/wp-json\/wp\/v2\/users\/8"}],"replies":[{"embeddable":true,"href":"https:\/\/tinychat.com\/tr\/wp-json\/wp\/v2\/comments?post=5006"}],"version-history":[{"count":3,"href":"https:\/\/tinychat.com\/tr\/wp-json\/wp\/v2\/pages\/5006\/revisions"}],"predecessor-version":[{"id":13243,"href":"https:\/\/tinychat.com\/tr\/wp-json\/wp\/v2\/pages\/5006\/revisions\/13243"}],"wp:attachment":[{"href":"https:\/\/tinychat.com\/tr\/wp-json\/wp\/v2\/media?parent=5006"}],"curies":[{"name":"wp","href":"https:\/\/api.w.org\/{rel}","templated":true}]}}