{"id":51,"date":"2020-04-08T23:24:23","date_gmt":"2020-04-08T21:24:23","guid":{"rendered":"https:\/\/tinychat.com\/?page_id=51"},"modified":"2025-05-03T17:23:14","modified_gmt":"2025-05-03T15:23:14","slug":"rules","status":"publish","type":"page","link":"https:\/\/tinychat.com\/tr\/rules\/","title":{"rendered":"Kurallar"},"content":{"rendered":"<p class=\"\" data-start=\"344\" data-end=\"639\"><a href=\"https:\/\/tinychat.com\/tr\/\">TinyChat<\/a> bire bir \u00fccretsiz ve anonim eri\u015fim sa\u011flar. <a href=\"https:\/\/tinychat.com\/tr\/\">rastgele g\u00f6r\u00fcnt\u00fcl\u00fc sohbet<\/a> deneyim, kay\u0131t gerekmez. Amac\u0131m\u0131z, di\u011fer kurslara benzer \u015fekilde g\u00fcvenli, ilgi \u00e7ekici ve sayg\u0131l\u0131 bir platform sunmakt\u0131r. <a href=\"https:\/\/tinychat.com\/tr\/chatroulette\/\">sohbet<\/a> gibi siteler <a href=\"https:\/\/tinychat.com\/tr\/omegle\/\">Omegle<\/a>Kullan\u0131c\u0131lar\u0131n spontane etkile\u015fimlerin keyfini \u00e7\u0131karabilece\u011fi ve \u00e7evrimi\u00e7i olarak yeni insanlarla tan\u0131\u015fabilece\u011fi yer.<\/p>\n<p class=\"\" data-start=\"641\" data-end=\"833\">T\u00fcm kullan\u0131c\u0131lar i\u00e7in olumlu bir ortam sa\u011flamak amac\u0131yla, a\u015fa\u011f\u0131da \u00f6zetlenen kurallara uyman\u0131z\u0131 rica ediyoruz. Bu kurallar\u0131n ihlal edilmesi, derhal yasaklanman\u0131za veya platformdan kal\u0131c\u0131 olarak \u00e7\u0131kar\u0131lman\u0131za neden olabilir.<\/p>\n<h2 data-start=\"840\" data-end=\"878\">TinyChat'de Yasaklanm\u0131\u015f Davran\u0131\u015flar<\/h2>\n<p class=\"\" data-start=\"880\" data-end=\"988\">G\u00fcvenli\u011fi, sayg\u0131y\u0131 ve yasal uygunlu\u011fu korumak i\u00e7in a\u015fa\u011f\u0131daki eylemler kesinlikle yasakt\u0131r <a href=\"https:\/\/tinychat.com\/tr\/\">TinyChat<\/a>:<\/p>\n<ul>\n<li data-start=\"992\" data-end=\"1127\">Re\u015fit Olmayanlar Taraf\u0131ndan Eri\u015fim: Kullan\u0131c\u0131lar a\u015fa\u011f\u0131dakileri kullanmak i\u00e7in 18 ya\u015f\u0131nda veya daha b\u00fcy\u00fck olmal\u0131d\u0131r <a href=\"https:\/\/tinychat.com\/tr\/\">TinyChat<\/a>. 18'in alt\u0131ndaki ki\u015filerin eri\u015fimi kesinlikle yasakt\u0131r.<\/li>\n<li data-start=\"992\" data-end=\"1127\">Uygunsuz Dil veya Davran\u0131\u015f: Kaba, cinsel i\u00e7erikli, \u015fiddet i\u00e7eren veya depresif bir dil kullan\u0131lmas\u0131na izin verilmez. Platformumuz rahats\u0131z edici veya zararl\u0131 i\u00e7eriklerin yer ald\u0131\u011f\u0131 bir yer de\u011fildir.<\/li>\n<li data-start=\"1326\" data-end=\"1556\">Ayr\u0131mc\u0131l\u0131k veya Nefret S\u00f6ylemi: Ba\u015fkalar\u0131n\u0131 din, \u0131rk, cinsiyet, cinsel y\u00f6nelim, milliyet veya ya\u015f temelinde a\u015fa\u011f\u0131lamamal\u0131, hakaret etmemeli veya sald\u0131rmamal\u0131s\u0131n\u0131z. Her t\u00fcrl\u00fc nefret s\u00f6ylemi veya ayr\u0131mc\u0131 davran\u0131\u015f kabul edilemez.<\/li>\n<li data-start=\"1560\" data-end=\"1732\">Taciz veya Suistimal: Ba\u015fka bir kullan\u0131c\u0131y\u0131 s\u00f6zl\u00fc, g\u00f6rsel veya ba\u015fka bir \u015fekilde taciz etmek, korkutmak veya kas\u0131tl\u0131 olarak sayg\u0131s\u0131zl\u0131k g\u00f6stermek kesinlikle yasakt\u0131r.<\/li>\n<li data-start=\"1736\" data-end=\"1949\">Kimliksiz K\u0131smi \u00c7\u0131plakl\u0131k: Ayn\u0131 anda y\u00fcz\u00fcn\u00fcz a\u00e7\u0131k\u00e7a g\u00f6r\u00fcnmedi\u011fi s\u00fcrece \u00e7\u0131plak g\u00f6\u011fs\u00fcn\u00fcz\u00fc kamerada g\u00f6steremezsiniz. Bu kural anonim uygunsuz te\u015fhiri \u00f6nlemek i\u00e7in uygulanmaktad\u0131r.<\/li>\n<li data-start=\"1953\" data-end=\"2105\">\u00c7\u0131plakl\u0131k veya \u0130\u00e7 \u00c7ama\u015f\u0131r\u0131 Te\u015fhiri: Kamera \u00f6n\u00fcndeyken tamamen \u00e7\u0131plak g\u00f6r\u00fcnmek veya sadece i\u00e7 \u00e7ama\u015f\u0131r\u0131 giymek hi\u00e7bir ko\u015fulda yasakt\u0131r.<\/li>\n<li data-start=\"1953\" data-end=\"2105\">Cinsel \u0130\u00e7erikli Davran\u0131\u015flar: <span style=\"font-family: -apple-system, BlinkMacSystemFont, 'Segoe UI', Roboto, 'Helvetica Neue', Arial, 'Noto Sans', sans-serif, 'Apple Color Emoji', 'Segoe UI Emoji', 'Segoe UI Symbol', 'Noto Color Emoji';\">Kesinlikle yasakt\u0131r:<\/span>\n<ul>\n<li data-start=\"2178\" data-end=\"2236\">Ba\u015fkalar\u0131ndan sanal cinsel aktivite talep etmek veya onlar\u0131 buna zorlamak.<\/li>\n<li data-start=\"2241\" data-end=\"2281\">\u00d6zel b\u00f6lgelerini kameraya g\u00f6ster.<\/li>\n<li data-start=\"2286\" data-end=\"2355\">Kamera \u00f6n\u00fcndeyken cinsel organ\u0131n\u0131za dokunun veya dokunma taklidi yap\u0131n.<\/li>\n<li data-start=\"2360\" data-end=\"2412\">Kameran\u0131z\u0131 kas\u0131tl\u0131 olarak g\u00f6\u011fs\u00fcn alt\u0131na odaklay\u0131n.<\/li>\n<\/ul>\n<\/li>\n<li>Tan\u0131t\u0131m veya Y\u00f6nlendirme \u0130\u00e7eri\u011fi: <span style=\"font-family: -apple-system, BlinkMacSystemFont, 'Segoe UI', Roboto, 'Helvetica Neue', Arial, 'Noto Sans', sans-serif, 'Apple Color Emoji', 'Segoe UI Emoji', 'Segoe UI Symbol', 'Noto Color Emoji';\">Kullanamazs\u0131n\u0131z <a href=\"https:\/\/tinychat.com\/tr\/\">TinyChat<\/a> i\u00e7in:<\/span>\n<ul>\n<li>Kullan\u0131c\u0131lar\u0131 ba\u015fka web sitelerine, platformlara veya hizmetlere y\u00f6nlendirmek amac\u0131yla metin, resim veya video g\u00f6r\u00fcnt\u00fclemek.<\/li>\n<li>Mesajlar veya promosyonlar dahil olmak \u00fczere bilgisayar ekran\u0131n\u0131z\u0131 g\u00f6sterin.<\/li>\n<li>Yan\u0131ltmak veya reklam yapmak i\u00e7in web kameras\u0131 em\u00fclat\u00f6rleri, sanal cihazlar veya video d\u00f6ng\u00fcleri kullan\u0131n.<\/li>\n<li>Platformdaki herhangi bir medya bi\u00e7imi arac\u0131l\u0131\u011f\u0131yla oy talep etmek, ba\u011flant\u0131lar\u0131 tan\u0131tmak veya \u00fcr\u00fcn veya hizmet satmak.<\/li>\n<\/ul>\n<\/li>\n<li>Yasad\u0131\u015f\u0131 veya \u0130stismar Ama\u00e7l\u0131 Kullan\u0131m: <span style=\"font-family: -apple-system, BlinkMacSystemFont, 'Segoe UI', Roboto, 'Helvetica Neue', Arial, 'Noto Sans', sans-serif, 'Apple Color Emoji', 'Segoe UI Emoji', 'Segoe UI Symbol', 'Noto Color Emoji';\">Kullan\u0131lmas\u0131 kesinlikle yasakt\u0131r <a href=\"https:\/\/tinychat.com\/tr\/\">TinyChat<\/a> herhangi bir t\u00fcr\u00fcne kat\u0131lmak, te\u015fvik etmek veya kolayla\u015ft\u0131rmak:<\/span>\n<ul>\n<li>Seks ticareti<\/li>\n<li>\u0130nsan ka\u00e7ak\u00e7\u0131l\u0131\u011f\u0131<\/li>\n<li>Fuhu\u015f<\/li>\n<li>Fiziksel veya psikolojik istismar<\/li>\n<li>Ba\u015fkalar\u0131n\u0131n istismar\u0131n\u0131 i\u00e7eren her t\u00fcrl\u00fc yasa d\u0131\u015f\u0131 faaliyet<\/li>\n<\/ul>\n<\/li>\n<\/ul>\n<h2 data-start=\"3196\" data-end=\"3222\">\u015eikayette Bulunma<\/h2>\n<p class=\"\" data-start=\"3224\" data-end=\"3383\">Kurallar\u0131 ihlal eden bir kullan\u0131c\u0131yla kar\u015f\u0131la\u015f\u0131rsan\u0131z, olay\u0131 derhal bildirmenizi \u00f6neririz. Destek sistemimiz arac\u0131l\u0131\u011f\u0131yla bir \u015fikayet g\u00f6nderebilirsiniz.<\/p>\n<p class=\"\" data-start=\"3385\" data-end=\"3551\">Daha h\u0131zl\u0131 ve etkili bir i\u015flem i\u00e7in, l\u00fctfen \u015fikayetinizi g\u00f6nderirken ihlalin ekran g\u00f6r\u00fcnt\u00fcs\u00fcn\u00fc ekleyin. Bu, h\u0131zl\u0131 ve do\u011fru i\u015flem yapmam\u0131za yard\u0131mc\u0131 olur.<\/p>\n<h2 data-start=\"3558\" data-end=\"3591\">Uygulama ve Kullan\u0131c\u0131 Yasaklar\u0131<\/h2>\n<p class=\"\" data-start=\"3593\" data-end=\"3779\"><a href=\"https:\/\/tinychat.com\/tr\/\">TinyChat<\/a> kurallar\u0131 ihlal eden kullan\u0131c\u0131lara kar\u015f\u0131 s\u0131f\u0131r tolerans politikas\u0131n\u0131 s\u00fcrd\u00fcrmektedir. Bir kullan\u0131c\u0131 birden fazla \u015fikayet al\u0131rsa, sistemimiz otomatik olarak eri\u015fimini engelleyecektir. <a href=\"https:\/\/tinychat.com\/tr\/\">TinyChat<\/a>.<\/p>\n<p class=\"\" data-start=\"3781\" data-end=\"4065\">Raporlar\u0131 ciddiye al\u0131yoruz, ancak kal\u0131c\u0131 bir yasaklama karar\u0131 vermeden \u00f6nce birden fazla fakt\u00f6r\u00fc de g\u00f6z \u00f6n\u00fcnde bulunduruyoruz. <a href=\"https:\/\/tinychat.com\/tr\/\">TinyChat<\/a> tek ba\u015f\u0131m\u0131za her etkile\u015fimi ger\u00e7ek zamanl\u0131 olarak izleyemeyiz. Sayg\u0131l\u0131 bir ortam\u0131n korunmas\u0131na yard\u0131mc\u0131 olmak i\u00e7in toplulu\u011fumuza g\u00fcveniyoruz. \u0130hlalleri bildirme konusunda i\u015fbirli\u011finiz \u00e7ok \u00f6nemlidir.<\/p>\n<p class=\"\" data-start=\"4067\" data-end=\"4228\">Birlikte, herkes i\u00e7in g\u00fcvenli, spontane ve e\u011flenceli bir platform olu\u015fturmaya devam edebiliriz. Yapmam\u0131za yard\u0131m etti\u011finiz i\u00e7in te\u015fekk\u00fcrler <a href=\"https:\/\/tinychat.com\/tr\/\">TinyChat<\/a> daha iyi bir yer <a href=\"https:\/\/tinychat.com\/tr\/chatroulette\/\">sohbet<\/a>.<\/p>","protected":false},"excerpt":{"rendered":"<p>TinyChat provides free, anonymous access to a one-on-one random video chat experience, no registration required. Our goal is to offer a safe, engaging, and respectful platform similar to other chat sites like Omegle, where users can enjoy spontaneous interactions and meet new people online. To ensure a positive environment for all users, we ask that [&hellip;]<\/p>\n","protected":false},"author":1,"featured_media":0,"parent":0,"menu_order":0,"comment_status":"closed","ping_status":"closed","template":"","meta":{"footnotes":""},"class_list":["post-51","page","type-page","status-publish","hentry"],"yoast_head":"<!-- This site is optimized with the Yoast SEO plugin v27.6 - https:\/\/yoast.com\/product\/yoast-seo-wordpress\/ -->\n<title>Rules - TinyChat<\/title>\n<meta name=\"robots\" content=\"index, follow, max-snippet:-1, max-image-preview:large, max-video-preview:-1\" \/>\n<link rel=\"canonical\" href=\"https:\/\/tinychat.com\/tr\/rules\/\" \/>\n<meta property=\"og:locale\" content=\"tr_TR\" \/>\n<meta property=\"og:type\" content=\"article\" \/>\n<meta property=\"og:title\" content=\"Rules - TinyChat\" \/>\n<meta property=\"og:description\" content=\"TinyChat provides free, anonymous access to a one-on-one random video chat experience, no registration required. Our goal is to offer a safe, engaging, and respectful platform similar to other chat sites like Omegle, where users can enjoy spontaneous interactions and meet new people online. To ensure a positive environment for all users, we ask that [&hellip;]\" \/>\n<meta property=\"og:url\" content=\"https:\/\/tinychat.com\/tr\/rules\/\" \/>\n<meta property=\"og:site_name\" content=\"TinyChat\" \/>\n<meta property=\"article:publisher\" content=\"https:\/\/www.facebook.com\/tinychat\" \/>\n<meta property=\"article:modified_time\" content=\"2025-05-03T15:23:14+00:00\" \/>\n<meta property=\"og:image\" content=\"https:\/\/tinychat.com\/wp-content\/uploads\/2020\/04\/Tinychat-logo-1280x284-new-black.png\" \/>\n\t<meta property=\"og:image:width\" content=\"1280\" \/>\n\t<meta property=\"og:image:height\" content=\"284\" \/>\n\t<meta property=\"og:image:type\" content=\"image\/png\" \/>\n<meta name=\"twitter:card\" content=\"summary_large_image\" \/>\n<meta name=\"twitter:site\" content=\"@tinychat\" \/>\n<meta name=\"twitter:label1\" content=\"Tahmini okuma s\u00fcresi\" \/>\n\t<meta name=\"twitter:data1\" content=\"3 dakika\" \/>\n<script type=\"application\/ld+json\" class=\"yoast-schema-graph\">{\"@context\":\"https:\\\/\\\/schema.org\",\"@graph\":[{\"@type\":\"WebPage\",\"@id\":\"https:\\\/\\\/tinychat.com\\\/rules\\\/\",\"url\":\"https:\\\/\\\/tinychat.com\\\/rules\\\/\",\"name\":\"Rules - TinyChat\",\"isPartOf\":{\"@id\":\"https:\\\/\\\/tinychat.com\\\/#website\"},\"datePublished\":\"2020-04-08T21:24:23+00:00\",\"dateModified\":\"2025-05-03T15:23:14+00:00\",\"breadcrumb\":{\"@id\":\"https:\\\/\\\/tinychat.com\\\/rules\\\/#breadcrumb\"},\"inLanguage\":\"tr\",\"potentialAction\":[{\"@type\":\"ReadAction\",\"target\":[\"https:\\\/\\\/tinychat.com\\\/rules\\\/\"]}]},{\"@type\":\"BreadcrumbList\",\"@id\":\"https:\\\/\\\/tinychat.com\\\/rules\\\/#breadcrumb\",\"itemListElement\":[{\"@type\":\"ListItem\",\"position\":1,\"name\":\"Home\",\"item\":\"https:\\\/\\\/tinychat.com\\\/\"},{\"@type\":\"ListItem\",\"position\":2,\"name\":\"Rules\"}]},{\"@type\":\"WebSite\",\"@id\":\"https:\\\/\\\/tinychat.com\\\/#website\",\"url\":\"https:\\\/\\\/tinychat.com\\\/\",\"name\":\"TinyChat\",\"description\":\"Random Video Chat with Strangers\",\"publisher\":{\"@id\":\"https:\\\/\\\/tinychat.com\\\/#organization\"},\"alternateName\":\"TinyChat.com\",\"potentialAction\":[{\"@type\":\"SearchAction\",\"target\":{\"@type\":\"EntryPoint\",\"urlTemplate\":\"https:\\\/\\\/tinychat.com\\\/?s={search_term_string}\"},\"query-input\":{\"@type\":\"PropertyValueSpecification\",\"valueRequired\":true,\"valueName\":\"search_term_string\"}}],\"inLanguage\":\"tr\"},{\"@type\":\"Organization\",\"@id\":\"https:\\\/\\\/tinychat.com\\\/#organization\",\"name\":\"TinyChat\",\"alternateName\":\"TinyChat.com\",\"url\":\"https:\\\/\\\/tinychat.com\\\/\",\"logo\":{\"@type\":\"ImageObject\",\"inLanguage\":\"tr\",\"@id\":\"https:\\\/\\\/tinychat.com\\\/#\\\/schema\\\/logo\\\/image\\\/\",\"url\":\"https:\\\/\\\/tinychat.com\\\/wp-content\\\/uploads\\\/2023\\\/11\\\/Tinychat-icon-square.png\",\"contentUrl\":\"https:\\\/\\\/tinychat.com\\\/wp-content\\\/uploads\\\/2023\\\/11\\\/Tinychat-icon-square.png\",\"width\":284,\"height\":284,\"caption\":\"TinyChat\"},\"image\":{\"@id\":\"https:\\\/\\\/tinychat.com\\\/#\\\/schema\\\/logo\\\/image\\\/\"},\"sameAs\":[\"https:\\\/\\\/www.facebook.com\\\/tinychat\",\"https:\\\/\\\/x.com\\\/tinychat\"]}]}<\/script>\n<!-- \/ Yoast SEO plugin. -->","yoast_head_json":{"title":"Kurallar - TinyChat","robots":{"index":"index","follow":"follow","max-snippet":"max-snippet:-1","max-image-preview":"max-image-preview:large","max-video-preview":"max-video-preview:-1"},"canonical":"https:\/\/tinychat.com\/tr\/rules\/","og_locale":"tr_TR","og_type":"article","og_title":"Rules - TinyChat","og_description":"TinyChat provides free, anonymous access to a one-on-one random video chat experience, no registration required. Our goal is to offer a safe, engaging, and respectful platform similar to other chat sites like Omegle, where users can enjoy spontaneous interactions and meet new people online. To ensure a positive environment for all users, we ask that [&hellip;]","og_url":"https:\/\/tinychat.com\/tr\/rules\/","og_site_name":"TinyChat","article_publisher":"https:\/\/www.facebook.com\/tinychat","article_modified_time":"2025-05-03T15:23:14+00:00","og_image":[{"width":1280,"height":284,"url":"https:\/\/tinychat.com\/wp-content\/uploads\/2020\/04\/Tinychat-logo-1280x284-new-black.png","type":"image\/png"}],"twitter_card":"summary_large_image","twitter_site":"@tinychat","twitter_misc":{"Tahmini okuma s\u00fcresi":"3 dakika"},"schema":{"@context":"https:\/\/schema.org","@graph":[{"@type":"WebPage","@id":"https:\/\/tinychat.com\/rules\/","url":"https:\/\/tinychat.com\/rules\/","name":"Kurallar - TinyChat","isPartOf":{"@id":"https:\/\/tinychat.com\/#website"},"datePublished":"2020-04-08T21:24:23+00:00","dateModified":"2025-05-03T15:23:14+00:00","breadcrumb":{"@id":"https:\/\/tinychat.com\/rules\/#breadcrumb"},"inLanguage":"tr","potentialAction":[{"@type":"ReadAction","target":["https:\/\/tinychat.com\/rules\/"]}]},{"@type":"BreadcrumbList","@id":"https:\/\/tinychat.com\/rules\/#breadcrumb","itemListElement":[{"@type":"ListItem","position":1,"name":"Home","item":"https:\/\/tinychat.com\/"},{"@type":"ListItem","position":2,"name":"Rules"}]},{"@type":"WebSite","@id":"https:\/\/tinychat.com\/#website","url":"https:\/\/tinychat.com\/","name":"TinyChat","description":"Yabanc\u0131larla Rastgele G\u00f6r\u00fcnt\u00fcl\u00fc Sohbet","publisher":{"@id":"https:\/\/tinychat.com\/#organization"},"alternateName":"TinyChat.com","potentialAction":[{"@type":"SearchAction","target":{"@type":"EntryPoint","urlTemplate":"https:\/\/tinychat.com\/?s={search_term_string}"},"query-input":{"@type":"PropertyValueSpecification","valueRequired":true,"valueName":"search_term_string"}}],"inLanguage":"tr"},{"@type":"Organization","@id":"https:\/\/tinychat.com\/#organization","name":"TinyChat","alternateName":"TinyChat.com","url":"https:\/\/tinychat.com\/","logo":{"@type":"ImageObject","inLanguage":"tr","@id":"https:\/\/tinychat.com\/#\/schema\/logo\/image\/","url":"https:\/\/tinychat.com\/wp-content\/uploads\/2023\/11\/Tinychat-icon-square.png","contentUrl":"https:\/\/tinychat.com\/wp-content\/uploads\/2023\/11\/Tinychat-icon-square.png","width":284,"height":284,"caption":"TinyChat"},"image":{"@id":"https:\/\/tinychat.com\/#\/schema\/logo\/image\/"},"sameAs":["https:\/\/www.facebook.com\/tinychat","https:\/\/x.com\/tinychat"]}]}},"_links":{"self":[{"href":"https:\/\/tinychat.com\/tr\/wp-json\/wp\/v2\/pages\/51","targetHints":{"allow":["GET"]}}],"collection":[{"href":"https:\/\/tinychat.com\/tr\/wp-json\/wp\/v2\/pages"}],"about":[{"href":"https:\/\/tinychat.com\/tr\/wp-json\/wp\/v2\/types\/page"}],"author":[{"embeddable":true,"href":"https:\/\/tinychat.com\/tr\/wp-json\/wp\/v2\/users\/1"}],"replies":[{"embeddable":true,"href":"https:\/\/tinychat.com\/tr\/wp-json\/wp\/v2\/comments?post=51"}],"version-history":[{"count":3,"href":"https:\/\/tinychat.com\/tr\/wp-json\/wp\/v2\/pages\/51\/revisions"}],"predecessor-version":[{"id":13052,"href":"https:\/\/tinychat.com\/tr\/wp-json\/wp\/v2\/pages\/51\/revisions\/13052"}],"wp:attachment":[{"href":"https:\/\/tinychat.com\/tr\/wp-json\/wp\/v2\/media?parent=51"}],"curies":[{"name":"wp","href":"https:\/\/api.w.org\/{rel}","templated":true}]}}