{"id":5113,"date":"2025-06-19T21:05:49","date_gmt":"2025-06-19T19:05:49","guid":{"rendered":"https:\/\/tinychat.com\/?page_id=5113"},"modified":"2025-07-07T18:18:42","modified_gmt":"2025-07-07T16:18:42","slug":"chatiw","status":"publish","type":"page","link":"https:\/\/tinychat.com\/tr\/chatiw\/","title":{"rendered":"Chatiw"},"content":{"rendered":"<p>Sosyal a\u011flar\u0131n algoritmalar, arkada\u015fl\u0131k istekleri ve gizlilik engelleriyle dolu oldu\u011fu bir \u00e7a\u011fda, i\u015fleri h\u0131zl\u0131, basit ve anonim tutan sohbet platformlar\u0131n\u0131n ger\u00e7ek bir \u00e7ekicili\u011fi var. Chatiw'ye girin: do\u011frudan sohbete atlamak isteyen herkes i\u00e7in tasarlanm\u0131\u015f bir sohbet sitesi - kay\u0131t yok, indirme yok, \u015fart yok.<\/p>\n<p>Baz\u0131 platformlar g\u00f6r\u00fcnt\u00fcl\u00fc sohbet, fl\u00f6rt veya grup odalar\u0131na odaklan\u0131rken, Chatiw'nin temel misyonu d\u00fcnyan\u0131n d\u00f6rt bir yan\u0131ndan yabanc\u0131larla anl\u0131k, metin tabanl\u0131 ba\u011flant\u0131lar kurmakt\u0131r. Hafif tasar\u0131m\u0131, mobil dostu aray\u00fcz\u00fc ve a\u00e7\u0131k kap\u0131 felsefesi, h\u0131zl\u0131, ger\u00e7ek ve risksiz etkile\u015fimlere de\u011fer veren kullan\u0131c\u0131lar i\u00e7in bir favori haline getirmi\u015ftir - ister arkada\u015fl\u0131k, ister g\u00fcndelik sohbet, hatta biraz fl\u00f6rt ar\u0131yor olsunlar.<\/p>\n<p>Bu kapsaml\u0131 k\u0131lavuzda, Chatiw'nin nas\u0131l \u00e7al\u0131\u015ft\u0131\u011f\u0131n\u0131, temel \u00f6zelliklerini, di\u011fer sohbet sitelerine k\u0131yasla nas\u0131l oldu\u011funu, g\u00fcvenlik ipu\u00e7lar\u0131n\u0131 ve \u00e7evrimi\u00e7i yabanc\u0131larla konu\u015farak zaman\u0131n\u0131z\u0131 nas\u0131l en iyi \u015fekilde de\u011ferlendirebilece\u011finizi ke\u015ffedece\u011fiz.<\/p>\n<h2>Chatiw Nedir?<\/h2>\n<p>Chatiw, kullan\u0131c\u0131lar\u0131 \u00f6ncelikle metin tabanl\u0131 sohbet yoluyla d\u00fcnyan\u0131n d\u00f6rt bir yan\u0131ndan rastgele insanlarla anonim olarak bulu\u015fturan \u00fccretsiz bir \u00e7evrimi\u00e7i sohbet platformudur. On y\u0131l\u0131 a\u015fk\u0131n bir s\u00fcre \u00f6nce kurulan Chatiw, h\u0131z ve basitli\u011fe odaklanarak web'in en pop\u00fcler \"yabanc\u0131 sohbet\" yerlerinden biri haline geldi.<\/p>\n<p>Uzun kay\u0131tlar, e-posta do\u011frulamalar\u0131 veya kurulacak karma\u015f\u0131k profiller yoktur. Sadece bir kullan\u0131c\u0131 ad\u0131 se\u00e7er, \u00fclkenizi, ya\u015f\u0131n\u0131z\u0131 ve cinsiyetinizi belirler ve bir sohbet odas\u0131na veya bire bir sohbete atlars\u0131n\u0131z. Chatiw ayr\u0131ca kay\u0131tl\u0131 kullan\u0131c\u0131lar i\u00e7in iste\u011fe ba\u011fl\u0131 \u00f6zellikler sunar, ancak \u00f6z\u00fcnde h\u0131zl\u0131, anonim ve s\u00fcrt\u00fcnmesiz konu\u015fma i\u00e7in bir platform olmaya devam eder.<\/p>\n<p>Chatiw, hem masa\u00fcst\u00fc hem de mobil cihazlarda herhangi bir taray\u0131c\u0131 arac\u0131l\u0131\u011f\u0131yla kullan\u0131labilir ve ayr\u0131ca Android kullan\u0131c\u0131lar\u0131 i\u00e7in \u00f6zel bir mobil uygulama sunar.<\/p>\n<h2>Chatiw'nin Temel \u00d6zellikleri<\/h2>\n<p>Konsept basit olsa da Chatiw, sohbet deneyimini geli\u015ftirmek ve kullan\u0131c\u0131lar\u0131n ilgisini canl\u0131 tutmak i\u00e7in bir\u00e7ok kullan\u0131\u015fl\u0131 ve kullan\u0131c\u0131 dostu \u00f6zelli\u011fi bir araya getiriyor:<\/p>\n<h3>1. An\u0131nda Anonim Sohbet<\/h3>\n<p>Chatiw'nin ay\u0131rt edici \u00f6zelli\u011fi h\u0131z ve anonimliktir. Sohbet etmeye ba\u015flamak i\u00e7in bir hesap olu\u015fturman\u0131z veya herhangi bir ki\u015fisel bilgi vermeniz gerekmez. Sadece h\u0131zl\u0131 bir form doldurun (takma ad, ya\u015f, cinsiyet, \u00fclke), \u015fartlar\u0131 kabul edin ve hemen ba\u011flan\u0131n.<\/p>\n<p>Bu, Chatiw'yi h\u0131zl\u0131, d\u00fc\u015f\u00fck taahh\u00fctl\u00fc konu\u015fmalar yapmak isteyen ki\u015filer i\u00e7in ideal k\u0131lar.<\/p>\n<h3>2. K\u00fcresel Sohbet Odalar\u0131 ve Bire Bir Sohbet<\/h3>\n<p>\u0130\u00e7eri girdi\u011finizde yapabilirsiniz:<\/p>\n<ul>\n<li>D\u00fcnyan\u0131n her yerinden kullan\u0131c\u0131larla herkese a\u00e7\u0131k bir sohbet odas\u0131na kat\u0131l\u0131n.<\/li>\n<li>Odadaki herhangi biriyle \u00f6zel bire bir sohbet ba\u015flat\u0131n.<\/li>\n<\/ul>\n<p>Bu esneklik, kat\u0131l\u0131m seviyenizi se\u00e7menize olanak tan\u0131r: grup sohbetlerine atlay\u0131n veya \u00f6zel, anlaml\u0131 konu\u015fmalar aray\u0131n.<\/p>\n<h3>3. \u00d6zel Mesajla\u015fma ve Arkada\u015f Listesi<\/h3>\n<p>Kullan\u0131c\u0131lar sohbet odas\u0131nda tan\u0131\u015ft\u0131klar\u0131 herkese \u00f6zel mesaj g\u00f6nderebilirler. E\u011fer anla\u015f\u0131rsan\u0131z, gelecekteki sohbetlerinizi kolayla\u015ft\u0131rmak i\u00e7in bu ki\u015fileri arkada\u015f listenize ekleyebilirsiniz (kay\u0131tl\u0131 kullan\u0131c\u0131lar i\u00e7in).<\/p>\n<h3>4. \u0130ste\u011fe Ba\u011fl\u0131 Profil Kayd\u0131<\/h3>\n<p>Chatiw'yi misafir olarak kullanabilirsiniz, ancak kay\u0131tl\u0131 kullan\u0131c\u0131lar al\u0131r:<\/p>\n<ul>\n<li>Benzersiz bir profil (foto\u011frafl\u0131)<\/li>\n<li>Arkada\u015flar\u0131 kaydetme yetene\u011fi<\/li>\n<li>Mesaj ge\u00e7mi\u015fine eri\u015fim<\/li>\n<li>Kullan\u0131c\u0131 engelleme ve raporlama \u00f6zellikleri<\/li>\n<\/ul>\n<p>Kay\u0131t hala basittir ve sadece temel bilgileri gerektirir.<\/p>\n<h3>5. Android i\u00e7in Mobil Uygulama<\/h3>\n<p>Hareket halindeki sohbet\u00e7iler i\u00e7in Chatiw, taray\u0131c\u0131 s\u00fcr\u00fcm\u00fcyle ayn\u0131 hafif, an\u0131nda eri\u015fim deneyimi i\u00e7in tasarlanm\u0131\u015f \u00f6zel bir Android uygulamas\u0131 sunar. Mobil uygulama anl\u0131k bildirimlere, genel ve \u00f6zel sohbetler aras\u0131nda kolay ge\u00e7i\u015fe ve k\u00fc\u00e7\u00fck ekranlar i\u00e7in optimize edilmi\u015f bir d\u00fczene olanak tan\u0131r.<\/p>\n<h3>6. Filtreler ve \u00dclke Se\u00e7imi<\/h3>\n<p>Chatiw, kullan\u0131c\u0131lar\u0131n sohbetleri \u00fclkeye g\u00f6re filtrelemesine olanak tan\u0131yarak belirli b\u00f6lgelerden insanlarla ba\u011flant\u0131 kurman\u0131za veya yerel halk\u0131 bulman\u0131za yard\u0131mc\u0131 olur. Bu, bir dil prati\u011fi yapmak, ba\u015fka bir k\u00fclt\u00fcr hakk\u0131nda bilgi edinmek veya yak\u0131ndaki insanlarla tan\u0131\u015fmak isteyenler i\u00e7in m\u00fckemmeldir.<\/p>\n<h3>7. Basit Moderasyon ve Raporlama<\/h3>\n<p>Chatiw otomatik spam kontrolleri kullan\u0131r ve kullan\u0131c\u0131lara k\u00f6t\u00fc niyetli kullan\u0131c\u0131lar\u0131 engellemek veya bildirmek i\u00e7in ara\u00e7lar sa\u011flar. Moderat\u00f6rler platformu uygunsuz davran\u0131\u015flara kar\u015f\u0131 izler ve samimi, s\u0131cak bir alan sa\u011flamak i\u00e7in \u00e7aba g\u00f6sterir.<\/p>\n<h3>8. Emoji, Medya ve Dosya Payla\u015f\u0131m\u0131<\/h3>\n<p>\u0130\u015fleri e\u011flenceli hale getirmek i\u00e7in Chatiw emojileri, GIF'leri ve s\u0131n\u0131rl\u0131 dosya payla\u015f\u0131m\u0131n\u0131 (kay\u0131tl\u0131 kullan\u0131c\u0131lar i\u00e7in) destekleyerek konu\u015fmalar\u0131 daha etkileyici ve ilgi \u00e7ekici hale getirir.<\/p>\n<h2>Chatiw Nas\u0131l Kullan\u0131l\u0131r<\/h2>\n<p>Chatiw'nin en g\u00fc\u00e7l\u00fc yanlar\u0131ndan biri kullan\u0131m kolayl\u0131\u011f\u0131d\u0131r. \u0130\u015fte nas\u0131l ba\u015flayaca\u011f\u0131n\u0131z:<\/p>\n<h3>Ad\u0131m 1: Web Sitesine Gidin veya Uygulamay\u0131 \u0130ndirin<\/h3>\n<p>Taray\u0131c\u0131n\u0131zda (masa\u00fcst\u00fc veya mobil) chatiw.com adresini ziyaret edin veya Google Play Store'dan Chatiw uygulamas\u0131n\u0131 indirin.<\/p>\n<h3>Ad\u0131m 2: Bilgilerinizi Girin<\/h3>\n<p>Sohbet formunu doldurun:<\/p>\n<ul>\n<li>Bir takma ad se\u00e7in<\/li>\n<li>Ya\u015f\u0131n\u0131z\u0131, cinsiyetinizi ve \u00fclkenizi se\u00e7in<\/li>\n<\/ul>\n<p>E-posta veya ger\u00e7ek isim gerekmez!<\/p>\n<h3>3. Ad\u0131m: \u015eartlar\u0131 Kabul Edin<\/h3>\n<p>Sitenin kullan\u0131m ko\u015fullar\u0131n\u0131 ve kurallar\u0131n\u0131 kabul etti\u011finizi onaylamak i\u00e7in kutuyu i\u015faretleyin.<\/p>\n<h3>Ad\u0131m 4: Sohbete Ba\u015flay\u0131n<\/h3>\n<p>\u015eimdi i\u00e7eridesiniz! Herkesin g\u00f6rebilece\u011fi mesajlar g\u00f6nderebilece\u011finiz genel sohbet odas\u0131na girin veya \u00f6zel bir sohbet ba\u015flatmak i\u00e7in herhangi bir kullan\u0131c\u0131 ad\u0131na t\u0131klay\u0131n.<\/p>\n<h3>Ad\u0131m 5: (\u0130ste\u011fe Ba\u011fl\u0131) Bir Profil i\u00e7in Kaydolun<\/h3>\n<p>Daha fazla \u00f6zelli\u011fin kilidini a\u00e7mak istiyorsan\u0131z, \u00fccretsiz bir hesap olu\u015fturmak i\u00e7in \"Kaydol \"a t\u0131klay\u0131n. Bir foto\u011fraf ekleyin, arkada\u015f listenizi olu\u015fturun ve profilinizi \u00f6zelle\u015ftirin.<\/p>\n<h2>Chatiw'de Kullan\u0131c\u0131 Deneyimi<\/h2>\n<p>Chatiw tamamen basitlik ve eri\u015filebilirlikle ilgilidir. Aray\u00fcz, net sohbet pencereleri, kolay gezinme ve minimum dikkat da\u011f\u0131t\u0131c\u0131 unsurlar ile basittir.<\/p>\n<h3>Kullan\u0131c\u0131lar Neyi Seviyor?<\/h3>\n<ul>\n<li>Temel sohbet i\u00e7in kay\u0131t gerekmez<\/li>\n<li>H\u0131zl\u0131, k\u00fcresel ba\u011flant\u0131lar - her an y\u00fczlerce kullan\u0131c\u0131 \u00e7evrimi\u00e7i<\/li>\n<li>D\u00fc\u015f\u00fck veri kullan\u0131m\u0131, h\u0131zl\u0131 y\u00fckleme, yava\u015f ba\u011flant\u0131lar i\u00e7in harika<\/li>\n<li>Utanga\u00e7 kullan\u0131c\u0131lar veya video yerine metni tercih edenler i\u00e7in m\u00fckemmel<\/li>\n<li>Mobil uyumlu ve her cihazda kullan\u0131m\u0131 kolay<\/li>\n<\/ul>\n<h3>Geli\u015febilece\u011fi Yerler<\/h3>\n<ul>\n<li>Genel odalarda ara s\u0131ra spam ve botlar<\/li>\n<li>G\u00f6r\u00fcnt\u00fcl\u00fc sohbet yok - sadece metin<\/li>\n<li>\u00dccretsiz s\u00fcr\u00fcmdeki reklamlar rahats\u0131z edici olabilir<\/li>\n<li>Misafir kullan\u0131c\u0131lar i\u00e7in s\u0131n\u0131rl\u0131 \u00f6zellikler<\/li>\n<\/ul>\n<h3>Ger\u00e7ek Kullan\u0131c\u0131 Geri Bildirimi<\/h3>\n<blockquote><p>\"Chatiw'nin kullan\u0131m\u0131n\u0131n bu kadar kolay olmas\u0131n\u0131 seviyorum. Kaydolmam veya \u00e7emberlerden atlamam gerekmiyor - sadece sohbet edin!\"<br \/>\n- <em>Maria P., Trustpilot<\/em><\/p><\/blockquote>\n<blockquote><p>\"Burada be\u015f farkl\u0131 \u00fclkeden insanla tan\u0131\u015ft\u0131m. Bazen aptalca, bazen de derin. Zaman ge\u00e7irmek i\u00e7in harika bir yol.\"<br \/>\n- <em>Samir D., Google Play<\/em><\/p><\/blockquote>\n<blockquote><p>\"G\u00f6r\u00fcnt\u00fcl\u00fc sohbet ekleseler daha da iyi olurdu ama ben arkada\u015f edinmek ve fl\u00f6rt etmek i\u00e7in seviyorum.\"<br \/>\n- <em>Jessica W., Sitejabber<\/em><\/p><\/blockquote>\n<h2>Chatiw vs Di\u011fer Sohbet Platformlar\u0131<\/h2>\n<p>\u0130\u015fte Chatiw'nin di\u011fer \u00f6nde gelen sohbet platformlar\u0131yla kar\u015f\u0131la\u015ft\u0131rmas\u0131:<\/p>\n<table>\n<thead>\n<tr>\n<th>\u00d6zellik<\/th>\n<th>Chatiw<\/th>\n<th>Omegle<\/th>\n<th>ChatHub<\/th>\n<th>Camfrog<\/th>\n<th>Emerald Chat<\/th>\n<th>Thundr<\/th>\n<\/tr>\n<\/thead>\n<tbody>\n<tr>\n<td>Anonim Kullan\u0131m<\/td>\n<td>Evet<\/td>\n<td>Evet<\/td>\n<td>Evet<\/td>\n<td>\u2705 Misafir<\/td>\n<td>\u2705 \u0130ste\u011fe ba\u011fl\u0131<\/td>\n<td>Evet<\/td>\n<\/tr>\n<tr>\n<td>Metin Sohbeti<\/td>\n<td>Evet<\/td>\n<td>Evet<\/td>\n<td>Evet<\/td>\n<td>Evet<\/td>\n<td>Evet<\/td>\n<td>Evet<\/td>\n<\/tr>\n<tr>\n<td>G\u00f6r\u00fcnt\u00fcl\u00fc Sohbet<\/td>\n<td>\u274c Hay\u0131r<\/td>\n<td>Evet<\/td>\n<td>Evet<\/td>\n<td>Evet<\/td>\n<td>Evet<\/td>\n<td>Evet<\/td>\n<\/tr>\n<tr>\n<td>Genel Sohbet Odalar\u0131<\/td>\n<td>Evet<\/td>\n<td>\u274c Hay\u0131r<\/td>\n<td>\u274c Hay\u0131r<\/td>\n<td>Evet<\/td>\n<td>\u274c Hay\u0131r<\/td>\n<td>\u274c Hay\u0131r<\/td>\n<\/tr>\n<tr>\n<td>\u00d6zel Mesajla\u015fma<\/td>\n<td>Evet<\/td>\n<td>Evet<\/td>\n<td>Evet<\/td>\n<td>Evet<\/td>\n<td>Evet<\/td>\n<td>Evet<\/td>\n<\/tr>\n<tr>\n<td>Profil Kayd\u0131<\/td>\n<td>\u2705 \u0130ste\u011fe ba\u011fl\u0131<\/td>\n<td>\u274c Hay\u0131r<\/td>\n<td>Evet<\/td>\n<td>Evet<\/td>\n<td>Evet<\/td>\n<td>\u274c Hay\u0131r<\/td>\n<\/tr>\n<tr>\n<td>Mobil Uygulama<\/td>\n<td>\u2705 Android<\/td>\n<td>\u274c Hay\u0131r<\/td>\n<td>Evet<\/td>\n<td>Evet<\/td>\n<td>\u274c Hay\u0131r<\/td>\n<td>\u274c Hay\u0131r<\/td>\n<\/tr>\n<tr>\n<td>Filtreler\/Hedeflenen Sohbet<\/td>\n<td>\u00dclke<\/td>\n<td>Faiz<\/td>\n<td>\u2705 Cinsiyet<\/td>\n<td>Odalar<\/td>\n<td>Faiz<\/td>\n<td>\u2705 Cinsiyet<\/td>\n<\/tr>\n<tr>\n<td>Uygulama \u0130\u00e7i Para Birimi\/Hediyeler<\/td>\n<td>\u274c Hay\u0131r<\/td>\n<td>\u274c Hay\u0131r<\/td>\n<td>\u274c Hay\u0131r<\/td>\n<td>Evet<\/td>\n<td>\u274c Hay\u0131r<\/td>\n<td>\u274c Hay\u0131r<\/td>\n<\/tr>\n<\/tbody>\n<\/table>\n<p>\u00d6zet: Chatiw, hem grup hem de \u00f6zel se\u00e7eneklerle h\u0131zl\u0131, sorunsuz, metin tabanl\u0131 sohbet isteyen kullan\u0131c\u0131lar i\u00e7in m\u00fckemmeldir. G\u00f6rsellerden \u00e7ok ger\u00e7ek ve spontane sohbete \u00f6nem verir.<\/p>\n<h2>Chatiw G\u00fcvenli mi?<\/h2>\n<p>Chatiw g\u00fcvenli bir ortama \u00f6ncelik verir, ancak herhangi bir anonim sohbet sitesinde oldu\u011fu gibi, kullan\u0131c\u0131 uyan\u0131kl\u0131\u011f\u0131 esast\u0131r. \u0130\u015fte bilmeniz gerekenler:<\/p>\n<h3>G\u00fcvenlik \u00d6zellikleri<\/h3>\n<ul>\n<li>Tacizci kullan\u0131c\u0131lar i\u00e7in engelleme ve raporlama d\u00fc\u011fmeleri<\/li>\n<li>Otomatik spam alg\u0131lama ve yasaklama<\/li>\n<li>Halka a\u00e7\u0131k odalarda bulunan moderat\u00f6rler<\/li>\n<li>Temel i\u00e7erik filtreleme (a\u00e7\u0131k g\u00f6r\u00fcnt\u00fcler yok, s\u0131n\u0131rl\u0131 dosya payla\u015f\u0131m\u0131)<\/li>\n<\/ul>\n<h3>En \u0130yi Uygulamalar<\/h3>\n<ul>\n<li>Ki\u015fisel bilgilerinizi payla\u015fmay\u0131n (ger\u00e7ek isim, e-posta, adres, telefon numaras\u0131)<\/li>\n<li>\u00d6zellikle misafir olarak takma ad veya rumuz kullan\u0131n<\/li>\n<li>Asla para g\u00f6ndermeyin veya bilinmeyen ba\u011flant\u0131lara t\u0131klamay\u0131n<\/li>\n<li>\u015e\u00fcpheli veya sald\u0131rgan kullan\u0131c\u0131lar\u0131 engelleyin ve bildirin<\/li>\n<\/ul>\n<h2>Chatiw'den En \u0130yi \u015eekilde Yararlanmak \u0130\u00e7in \u0130pu\u00e7lar\u0131<\/h2>\n<ul>\n<li>Farkl\u0131 odalar\u0131 deneyin: Herkese a\u00e7\u0131k sohbetlerle denemeler yap\u0131n, ard\u0131ndan rahat ettik\u00e7e \u00f6zel sohbetlere ge\u00e7in.<\/li>\n<li>\u00dclkeleri ke\u015ffedin: Farkl\u0131 b\u00f6lgelerden insanlarla tan\u0131\u015fmak i\u00e7in filtreyi kullan\u0131n.<\/li>\n<li>Mobil uygulamay\u0131 kullan\u0131n: Hareket halindeyken ba\u011flant\u0131da kal\u0131n.<\/li>\n<li>Sayg\u0131l\u0131 olun: Nezaket daha iyi sohbetlere ve yeni arkada\u015flara yol a\u00e7ar.<\/li>\n<li>Kimli\u011finizi koruyun: Ki\u015fisel bilgilerinizi gizli tutun ve payla\u015fma bask\u0131s\u0131 alt\u0131nda kalmay\u0131n.<\/li>\n<\/ul>\n<h2>Yayg\u0131n Chatiw Sorunlar\u0131n\u0131 Giderme<\/h2>\n<h3>Sohbete Ba\u011flanam\u0131yorum<\/h3>\n<p>Sayfay\u0131 yenileyin, \u00e7erezleri temizleyin veya farkl\u0131 bir taray\u0131c\u0131 deneyin. \u00dclkenizin sohbet sitelerini engelleyip engellemedi\u011fini kontrol edin.<\/p>\n<h3>\u00c7ok Fazla Reklam<\/h3>\n<p>Premium (reklams\u0131z) bir hesaba kaydolmay\u0131 veya bir reklam engelleyici kullanmay\u0131 d\u00fc\u015f\u00fcn\u00fcn (yaln\u0131zca taray\u0131c\u0131 s\u00fcr\u00fcm\u00fc).<\/p>\n<h3>Spam veya Botlar<\/h3>\n<p>Kullan\u0131c\u0131lar\u0131 engelleyin ve raporlay\u0131n. G\u00fcvenilir kullan\u0131c\u0131larla \u00f6zel sohbetlere ge\u00e7in.<\/p>\n<h3>Mesaj Al\u0131nm\u0131yor<\/h3>\n<p>\u0130nternet ba\u011flant\u0131n\u0131z\u0131 kontrol edin, sayfay\u0131 yenileyin veya oturumu kapat\u0131p tekrar giri\u015f yap\u0131n.<\/p>\n<h3>Uygulama \u00c7\u00f6k\u00fcyor<\/h3>\n<p>Uygulamay\u0131 g\u00fcncelleyin, cihaz\u0131n\u0131z\u0131 yeniden ba\u015flat\u0131n veya Google Play Store'dan yeniden y\u00fckleyin.<\/p>\n<h2>Son D\u00fc\u015f\u00fcnceler: Chatiw Buna De\u011fer mi?<\/h2>\n<p>Kesinlikle - anl\u0131k, anonim, metin tabanl\u0131 konu\u015fmalara de\u011fer veren herkes i\u00e7in. Chatiw, di\u011fer sosyal uygulamalar\u0131 s\u0131k\u0131c\u0131 hale getiren engelleri ortadan kald\u0131r\u0131r ve saniyeler i\u00e7inde sohbet etmenizi sa\u011flar.<\/p>\n<p>Derin profiller, geli\u015fmi\u015f \u00e7\u00f6p\u00e7atanl\u0131k veya HD video i\u00e7in uygun bir yer de\u011fil - ama tam da bu y\u00fczden bu kadar \u00e7ok kullan\u0131c\u0131 onu seviyor. Chatiw saf, insani ba\u011flant\u0131 vaadini yerine getiriyor: ger\u00e7ek zamanl\u0131, anonim ve canland\u0131r\u0131c\u0131 derecede basit.<\/p>\n<p>\u0130ster zaman \u00f6ld\u00fcrmek, ister arkada\u015f edinmek, fl\u00f6rt etmek veya sohbet ederek d\u00fcnyay\u0131 ke\u015ffetmek isteyin, Chatiw m\u00fckemmel bir ge\u00e7it sa\u011flar.<\/p>\n<p>chatiw.com adresini ziyaret edin veya uygulamay\u0131 indirin ve \u015fimdi sohbete ba\u015flay\u0131n - bir sonraki ad\u0131mda kiminle tan\u0131\u015faca\u011f\u0131n\u0131z\u0131 asla bilemezsiniz.<\/p>","protected":false},"excerpt":{"rendered":"<p>In an age where social networks are filled with algorithms, friend requests, and privacy hurdles, there\u2019s a real appeal to chat platforms that keep things fast, simple, and anonymous. Enter Chatiw: a chat site designed for anyone who wants to jump straight into conversation \u2014 no sign-up, no downloads, no strings attached. While some platforms [&hellip;]<\/p>\n","protected":false},"author":6,"featured_media":0,"parent":0,"menu_order":0,"comment_status":"closed","ping_status":"closed","template":"","meta":{"footnotes":""},"class_list":["post-5113","page","type-page","status-publish","hentry"],"yoast_head":"<!-- This site is optimized with the Yoast SEO plugin v27.6 - https:\/\/yoast.com\/product\/yoast-seo-wordpress\/ -->\n<title>Chatiw - Text Chat Rooms to Chat with Strangers - TinyChat.com<\/title>\n<meta name=\"description\" content=\"Enjoying Chatiw? Join over 50,000,000 strangers on TinyChat! Turn on your cam and start meeting new people, or find a match.\" \/>\n<meta name=\"robots\" content=\"index, follow, max-snippet:-1, max-image-preview:large, max-video-preview:-1\" \/>\n<link rel=\"canonical\" href=\"https:\/\/tinychat.com\/tr\/chatiw\/\" \/>\n<meta property=\"og:locale\" content=\"tr_TR\" \/>\n<meta property=\"og:type\" content=\"article\" \/>\n<meta property=\"og:title\" content=\"Chatiw - Text Chat Rooms to Chat with Strangers - TinyChat.com\" \/>\n<meta property=\"og:description\" content=\"Enjoying Chatiw? Join over 50,000,000 strangers on TinyChat! Turn on your cam and start meeting new people, or find a match.\" \/>\n<meta property=\"og:url\" content=\"https:\/\/tinychat.com\/tr\/chatiw\/\" \/>\n<meta property=\"og:site_name\" content=\"TinyChat\" \/>\n<meta property=\"article:publisher\" content=\"https:\/\/www.facebook.com\/tinychat\" \/>\n<meta property=\"article:modified_time\" content=\"2025-07-07T16:18:42+00:00\" \/>\n<meta property=\"og:image\" content=\"https:\/\/tinychat.com\/wp-content\/uploads\/2020\/04\/Tinychat-logo-1280x284-new-black.png\" \/>\n\t<meta property=\"og:image:width\" content=\"1280\" \/>\n\t<meta property=\"og:image:height\" content=\"284\" \/>\n\t<meta property=\"og:image:type\" content=\"image\/png\" \/>\n<meta name=\"twitter:card\" content=\"summary_large_image\" \/>\n<meta name=\"twitter:site\" content=\"@tinychat\" \/>\n<meta name=\"twitter:label1\" content=\"Tahmini okuma s\u00fcresi\" \/>\n\t<meta name=\"twitter:data1\" content=\"7 dakika\" \/>\n<script type=\"application\/ld+json\" class=\"yoast-schema-graph\">{\"@context\":\"https:\\\/\\\/schema.org\",\"@graph\":[{\"@type\":\"WebPage\",\"@id\":\"https:\\\/\\\/tinychat.com\\\/chatiw\\\/\",\"url\":\"https:\\\/\\\/tinychat.com\\\/chatiw\\\/\",\"name\":\"Chatiw - Text Chat Rooms to Chat with Strangers - TinyChat.com\",\"isPartOf\":{\"@id\":\"https:\\\/\\\/tinychat.com\\\/#website\"},\"datePublished\":\"2025-06-19T19:05:49+00:00\",\"dateModified\":\"2025-07-07T16:18:42+00:00\",\"description\":\"Enjoying Chatiw? Join over 50,000,000 strangers on TinyChat! Turn on your cam and start meeting new people, or find a match.\",\"breadcrumb\":{\"@id\":\"https:\\\/\\\/tinychat.com\\\/chatiw\\\/#breadcrumb\"},\"inLanguage\":\"tr\",\"potentialAction\":[{\"@type\":\"ReadAction\",\"target\":[\"https:\\\/\\\/tinychat.com\\\/chatiw\\\/\"]}]},{\"@type\":\"BreadcrumbList\",\"@id\":\"https:\\\/\\\/tinychat.com\\\/chatiw\\\/#breadcrumb\",\"itemListElement\":[{\"@type\":\"ListItem\",\"position\":1,\"name\":\"Home\",\"item\":\"https:\\\/\\\/tinychat.com\\\/\"},{\"@type\":\"ListItem\",\"position\":2,\"name\":\"Chatiw\"}]},{\"@type\":\"WebSite\",\"@id\":\"https:\\\/\\\/tinychat.com\\\/#website\",\"url\":\"https:\\\/\\\/tinychat.com\\\/\",\"name\":\"TinyChat\",\"description\":\"Random Video Chat with Strangers\",\"publisher\":{\"@id\":\"https:\\\/\\\/tinychat.com\\\/#organization\"},\"alternateName\":\"TinyChat.com\",\"potentialAction\":[{\"@type\":\"SearchAction\",\"target\":{\"@type\":\"EntryPoint\",\"urlTemplate\":\"https:\\\/\\\/tinychat.com\\\/?s={search_term_string}\"},\"query-input\":{\"@type\":\"PropertyValueSpecification\",\"valueRequired\":true,\"valueName\":\"search_term_string\"}}],\"inLanguage\":\"tr\"},{\"@type\":\"Organization\",\"@id\":\"https:\\\/\\\/tinychat.com\\\/#organization\",\"name\":\"TinyChat\",\"alternateName\":\"TinyChat.com\",\"url\":\"https:\\\/\\\/tinychat.com\\\/\",\"logo\":{\"@type\":\"ImageObject\",\"inLanguage\":\"tr\",\"@id\":\"https:\\\/\\\/tinychat.com\\\/#\\\/schema\\\/logo\\\/image\\\/\",\"url\":\"https:\\\/\\\/tinychat.com\\\/wp-content\\\/uploads\\\/2023\\\/11\\\/Tinychat-icon-square.png\",\"contentUrl\":\"https:\\\/\\\/tinychat.com\\\/wp-content\\\/uploads\\\/2023\\\/11\\\/Tinychat-icon-square.png\",\"width\":284,\"height\":284,\"caption\":\"TinyChat\"},\"image\":{\"@id\":\"https:\\\/\\\/tinychat.com\\\/#\\\/schema\\\/logo\\\/image\\\/\"},\"sameAs\":[\"https:\\\/\\\/www.facebook.com\\\/tinychat\",\"https:\\\/\\\/x.com\\\/tinychat\"]}]}<\/script>\n<!-- \/ Yoast SEO plugin. -->","yoast_head_json":{"title":"Chatiw - Yabanc\u0131larla Sohbet Etmek i\u00e7in Metin Sohbet Odalar\u0131 - TinyChat.com","description":"Chatiw'yi be\u011feniyor musunuz? TinyChat'de 50.000.000'dan fazla yabanc\u0131ya kat\u0131l\u0131n! Kameran\u0131z\u0131 a\u00e7\u0131n ve yeni insanlarla tan\u0131\u015fmaya ba\u015flay\u0131n veya bir e\u015fle\u015fme bulun.","robots":{"index":"index","follow":"follow","max-snippet":"max-snippet:-1","max-image-preview":"max-image-preview:large","max-video-preview":"max-video-preview:-1"},"canonical":"https:\/\/tinychat.com\/tr\/chatiw\/","og_locale":"tr_TR","og_type":"article","og_title":"Chatiw - Text Chat Rooms to Chat with Strangers - TinyChat.com","og_description":"Enjoying Chatiw? Join over 50,000,000 strangers on TinyChat! Turn on your cam and start meeting new people, or find a match.","og_url":"https:\/\/tinychat.com\/tr\/chatiw\/","og_site_name":"TinyChat","article_publisher":"https:\/\/www.facebook.com\/tinychat","article_modified_time":"2025-07-07T16:18:42+00:00","og_image":[{"width":1280,"height":284,"url":"https:\/\/tinychat.com\/wp-content\/uploads\/2020\/04\/Tinychat-logo-1280x284-new-black.png","type":"image\/png"}],"twitter_card":"summary_large_image","twitter_site":"@tinychat","twitter_misc":{"Tahmini okuma s\u00fcresi":"7 dakika"},"schema":{"@context":"https:\/\/schema.org","@graph":[{"@type":"WebPage","@id":"https:\/\/tinychat.com\/chatiw\/","url":"https:\/\/tinychat.com\/chatiw\/","name":"Chatiw - Yabanc\u0131larla Sohbet Etmek i\u00e7in Metin Sohbet Odalar\u0131 - TinyChat.com","isPartOf":{"@id":"https:\/\/tinychat.com\/#website"},"datePublished":"2025-06-19T19:05:49+00:00","dateModified":"2025-07-07T16:18:42+00:00","description":"Chatiw'yi be\u011feniyor musunuz? TinyChat'de 50.000.000'dan fazla yabanc\u0131ya kat\u0131l\u0131n! Kameran\u0131z\u0131 a\u00e7\u0131n ve yeni insanlarla tan\u0131\u015fmaya ba\u015flay\u0131n veya bir e\u015fle\u015fme bulun.","breadcrumb":{"@id":"https:\/\/tinychat.com\/chatiw\/#breadcrumb"},"inLanguage":"tr","potentialAction":[{"@type":"ReadAction","target":["https:\/\/tinychat.com\/chatiw\/"]}]},{"@type":"BreadcrumbList","@id":"https:\/\/tinychat.com\/chatiw\/#breadcrumb","itemListElement":[{"@type":"ListItem","position":1,"name":"Home","item":"https:\/\/tinychat.com\/"},{"@type":"ListItem","position":2,"name":"Chatiw"}]},{"@type":"WebSite","@id":"https:\/\/tinychat.com\/#website","url":"https:\/\/tinychat.com\/","name":"TinyChat","description":"Yabanc\u0131larla Rastgele G\u00f6r\u00fcnt\u00fcl\u00fc Sohbet","publisher":{"@id":"https:\/\/tinychat.com\/#organization"},"alternateName":"TinyChat.com","potentialAction":[{"@type":"SearchAction","target":{"@type":"EntryPoint","urlTemplate":"https:\/\/tinychat.com\/?s={search_term_string}"},"query-input":{"@type":"PropertyValueSpecification","valueRequired":true,"valueName":"search_term_string"}}],"inLanguage":"tr"},{"@type":"Organization","@id":"https:\/\/tinychat.com\/#organization","name":"TinyChat","alternateName":"TinyChat.com","url":"https:\/\/tinychat.com\/","logo":{"@type":"ImageObject","inLanguage":"tr","@id":"https:\/\/tinychat.com\/#\/schema\/logo\/image\/","url":"https:\/\/tinychat.com\/wp-content\/uploads\/2023\/11\/Tinychat-icon-square.png","contentUrl":"https:\/\/tinychat.com\/wp-content\/uploads\/2023\/11\/Tinychat-icon-square.png","width":284,"height":284,"caption":"TinyChat"},"image":{"@id":"https:\/\/tinychat.com\/#\/schema\/logo\/image\/"},"sameAs":["https:\/\/www.facebook.com\/tinychat","https:\/\/x.com\/tinychat"]}]}},"_links":{"self":[{"href":"https:\/\/tinychat.com\/tr\/wp-json\/wp\/v2\/pages\/5113","targetHints":{"allow":["GET"]}}],"collection":[{"href":"https:\/\/tinychat.com\/tr\/wp-json\/wp\/v2\/pages"}],"about":[{"href":"https:\/\/tinychat.com\/tr\/wp-json\/wp\/v2\/types\/page"}],"author":[{"embeddable":true,"href":"https:\/\/tinychat.com\/tr\/wp-json\/wp\/v2\/users\/6"}],"replies":[{"embeddable":true,"href":"https:\/\/tinychat.com\/tr\/wp-json\/wp\/v2\/comments?post=5113"}],"version-history":[{"count":3,"href":"https:\/\/tinychat.com\/tr\/wp-json\/wp\/v2\/pages\/5113\/revisions"}],"predecessor-version":[{"id":13288,"href":"https:\/\/tinychat.com\/tr\/wp-json\/wp\/v2\/pages\/5113\/revisions\/13288"}],"wp:attachment":[{"href":"https:\/\/tinychat.com\/tr\/wp-json\/wp\/v2\/media?parent=5113"}],"curies":[{"name":"wp","href":"https:\/\/api.w.org\/{rel}","templated":true}]}}