{"id":8554,"date":"2021-10-18T10:33:50","date_gmt":"2021-10-18T08:33:50","guid":{"rendered":"https:\/\/tinychat.com\/?page_id=8554"},"modified":"2025-05-03T17:25:13","modified_gmt":"2025-05-03T15:25:13","slug":"refund","status":"publish","type":"page","link":"https:\/\/tinychat.com\/tr\/refund\/","title":{"rendered":"Geri \u00d6demeler ve Ters \u0130braz"},"content":{"rendered":"<p class=\"\" data-start=\"351\" data-end=\"740\">Web sitemizi kulland\u0131\u011f\u0131n\u0131z i\u00e7in te\u015fekk\u00fcr ederiz. Bu web sitesindeki ba\u011flant\u0131lar arac\u0131l\u0131\u011f\u0131yla yap\u0131lan sat\u0131n al\u0131mlarla ilgili t\u00fcm faturaland\u0131rma, geri \u00f6demeler, ters ibrazlar ve m\u00fc\u015fteri deste\u011fi sorular\u0131n\u0131n yaln\u0131zca CooMeet taraf\u0131ndan y\u00f6netildi\u011fini l\u00fctfen unutmay\u0131n. Ba\u011f\u0131ms\u0131z bir ba\u011fl\u0131 kurulu\u015f olarak, CooMeet hizmetlerini i\u00e7eren i\u015flemler i\u00e7in \u00f6demeleri i\u015fleme koymuyor, faturaland\u0131rma sorunlar\u0131n\u0131 ele alm\u0131yor veya do\u011frudan m\u00fc\u015fteri deste\u011fi sa\u011flam\u0131yoruz.<\/p>\n<h2 data-start=\"747\" data-end=\"782\">Dijital \u00dcr\u00fcnler ve Hizmetler<\/h2>\n<p class=\"\" data-start=\"784\" data-end=\"1106\">Web sitemiz, CooMeet taraf\u0131ndan sa\u011flanan somut olmayan, dijital hizmetleri ve \u00fcr\u00fcnleri tan\u0131tmaktad\u0131r. Bunlar abonelikleri, premium \u00fcyelikleri veya ek \u00f6zellikleri i\u00e7erebilir.<br data-start=\"951\" data-end=\"954\" \/>Herhangi bir sat\u0131n alma i\u015flemi yapmadan \u00f6nce, beklentilerinizle uyumlu oldu\u011fundan emin olmak i\u00e7in \u00fcr\u00fcn veya hizmet a\u00e7\u0131klamas\u0131n\u0131 dikkatlice incelemenizi \u00f6nemle tavsiye ederiz.<\/p>\n<p class=\"\" data-start=\"1108\" data-end=\"1335\">\u00dcr\u00fcn, \u00f6zellikler, fiyatland\u0131rma veya abonelik ko\u015fullar\u0131 hakk\u0131nda sorular\u0131n\u0131z varsa, l\u00fctfen \u00f6demenizi tamamlamadan \u00f6nce CooMeet'in resmi destek ekibiyle ileti\u015fime ge\u00e7in. Bu teklifleri netle\u015ftirme veya de\u011fi\u015ftirme yetkimiz yoktur.<\/p>\n<h2 data-start=\"1342\" data-end=\"1363\">Para \u0130adesi Politikas\u0131<\/h2>\n<p class=\"\" data-start=\"1365\" data-end=\"1560\">CooMeet t\u00fcm \u00f6deme i\u015flemlerini ger\u00e7ekle\u015ftirdi\u011finden, herhangi bir iade talebi do\u011frudan m\u00fc\u015fteri destek ekibine iletilmelidir. Para iadeleri, a\u015fa\u011f\u0131daki gibi belirli ko\u015fullar alt\u0131nda de\u011ferlendirilebilir:<\/p>\n<ul>\n<li data-start=\"1564\" data-end=\"1588\">M\u00fckerrer i\u015flemler<\/li>\n<li data-start=\"1591\" data-end=\"1609\">Teknik hatalar<\/li>\n<li data-start=\"1612\" data-end=\"1632\">Yetkisiz \u00fccretlendirme<\/li>\n<\/ul>\n<p class=\"\" data-start=\"1634\" data-end=\"1709\">Para iadesi talep etmek i\u00e7in l\u00fctfen CooMeet'e a\u015fa\u011f\u0131daki bilgileri sa\u011flay\u0131n:<\/p>\n<ul>\n<li data-start=\"1713\" data-end=\"1741\">\u00d6deme tarihi ve miktar\u0131<\/li>\n<li data-start=\"1744\" data-end=\"1765\">Kullan\u0131lan \u00f6deme y\u00f6ntemi<\/li>\n<li data-start=\"1768\" data-end=\"1800\">\u0130\u015flem kimli\u011fi veya sipari\u015f numaras\u0131<\/li>\n<li data-start=\"1803\" data-end=\"1833\">\u0130ade talebinizin nedeni<\/li>\n<\/ul>\n<p class=\"\" data-start=\"1835\" data-end=\"2106\">\u0130adeniz onaylan\u0131rsa, l\u00fctfen bankan\u0131z\u0131n veya kart\u0131n\u0131z\u0131 veren kurulu\u015fun iadeyi i\u015fleme koymas\u0131 i\u00e7in 3-10 i\u015f g\u00fcn\u00fc bekleyin. Geri \u00f6deme yap\u0131ld\u0131ktan sonra zamanlamas\u0131n\u0131 takip edemiyoruz veya etkileyemiyoruz. G\u00fcncellemeler veya endi\u015feleriniz i\u00e7in l\u00fctfen do\u011frudan CooMeet destek ekibiyle ileti\u015fime ge\u00e7in.<\/p>\n<h2 data-start=\"2113\" data-end=\"2132\">Ters ibrazlar<\/h2>\n<p class=\"\" data-start=\"2134\" data-end=\"2385\">Bir ters ibraz ba\u015flatmay\u0131 d\u00fc\u015f\u00fcn\u00fcyorsan\u0131z, sorunu \u00e7\u00f6zmek i\u00e7in \u00f6nce CooMeet destek ekibiyle ileti\u015fime ge\u00e7menizi \u00f6neririz. \u00d6nce destek almadan ters ibraz ba\u015fvurusunda bulunmak, \u00e7\u00f6z\u00fcm\u00fc geciktirebilir ve hesab\u0131n\u0131za veya gelecekteki eri\u015fiminize k\u0131s\u0131tlamalar getirebilir.<\/p>\n<p class=\"\" data-start=\"2387\" data-end=\"2567\">T\u00fcm ters ibrazlar CooMeet taraf\u0131ndan incelenir ve ara\u015ft\u0131r\u0131l\u0131r. Hileli veya kan\u0131tlanmam\u0131\u015f bir ters ibraz g\u00f6ndermek, kullan\u0131m ko\u015fullar\u0131n\u0131 ihlal edebilir ve hizmetin ask\u0131ya al\u0131nmas\u0131na neden olabilir.<\/p>\n<h2 data-start=\"2574\" data-end=\"2610\">\u00dc\u00e7\u00fcnc\u00fc Taraf Hizmetleri ve Ba\u011flant\u0131lar\u0131<\/h2>\n<p class=\"\" data-start=\"2612\" data-end=\"2818\">Web sitemiz, CooMeet dahil olmak \u00fczere \u00fc\u00e7\u00fcnc\u00fc taraf platformlara ba\u011flant\u0131lar i\u00e7erebilir. Bu ba\u011flant\u0131lar arac\u0131l\u0131\u011f\u0131yla eri\u015fti\u011finiz herhangi bir \u00fcr\u00fcn veya hizmet, bizim de\u011fil, \u00fc\u00e7\u00fcnc\u00fc taraf\u0131n kendi h\u00fck\u00fcm ve politikalar\u0131na tabidir.<\/p>\n<p class=\"\" data-start=\"2820\" data-end=\"3042\">Bu harici hizmetlerin i\u015fleyi\u015finden sorumlu olmad\u0131\u011f\u0131m\u0131z gibi, m\u00fc\u015fteri hizmetleri veya geri \u00f6deme prosed\u00fcrlerine de m\u00fcdahale edemeyiz. Harici sat\u0131n al\u0131mlarla ilgili herhangi bir sorun i\u00e7in l\u00fctfen do\u011frudan \u00fc\u00e7\u00fcnc\u00fc taraf sa\u011flay\u0131c\u0131yla ileti\u015fime ge\u00e7in.<\/p>\n<h2 data-start=\"3049\" data-end=\"3070\">Bize Ula\u015f\u0131n<\/h2>\n<p class=\"\" data-start=\"3072\" data-end=\"3376\">Sitemizdeki i\u00e7erik veya CooMeet ile ortakl\u0131k ili\u015fkimiz hakk\u0131nda sorular\u0131n\u0131z varsa, ileti\u015fim sayfam\u0131z arac\u0131l\u0131\u011f\u0131yla bize ula\u015fmaktan \u00e7ekinmeyin. Bununla birlikte, faturaland\u0131rma, geri \u00f6deme veya abonelik konular\u0131nda yard\u0131mc\u0131 olamayaca\u011f\u0131m\u0131z\u0131 l\u00fctfen unutmay\u0131n; bunlar CooMeet'in m\u00fc\u015fteri destek ekibine y\u00f6nlendirilmelidir.<\/p>","protected":false},"excerpt":{"rendered":"<p>Thank you for using our website. Please be advised that all billing, refunds, chargebacks, and customer support inquiries related to purchases made through links on this website are exclusively managed by CooMeet. As an independent affiliate, we do not process payments, handle billing issues, or provide direct customer support for transactions involving CooMeet services. Digital [&hellip;]<\/p>\n","protected":false},"author":1,"featured_media":0,"parent":0,"menu_order":0,"comment_status":"closed","ping_status":"closed","template":"","meta":{"footnotes":""},"class_list":["post-8554","page","type-page","status-publish","hentry"],"yoast_head":"<!-- This site is optimized with the Yoast SEO plugin v27.5 - https:\/\/yoast.com\/product\/yoast-seo-wordpress\/ -->\n<title>Refunds &amp; Chargeback - TinyChat<\/title>\n<meta name=\"robots\" content=\"index, follow, max-snippet:-1, max-image-preview:large, max-video-preview:-1\" \/>\n<link rel=\"canonical\" href=\"https:\/\/tinychat.com\/tr\/refund\/\" \/>\n<meta property=\"og:locale\" content=\"tr_TR\" \/>\n<meta property=\"og:type\" content=\"article\" \/>\n<meta property=\"og:title\" content=\"Refunds &amp; Chargeback - TinyChat\" \/>\n<meta property=\"og:description\" content=\"Thank you for using our website. Please be advised that all billing, refunds, chargebacks, and customer support inquiries related to purchases made through links on this website are exclusively managed by CooMeet. As an independent affiliate, we do not process payments, handle billing issues, or provide direct customer support for transactions involving CooMeet services. Digital [&hellip;]\" \/>\n<meta property=\"og:url\" content=\"https:\/\/tinychat.com\/tr\/refund\/\" \/>\n<meta property=\"og:site_name\" content=\"TinyChat\" \/>\n<meta property=\"article:publisher\" content=\"https:\/\/www.facebook.com\/tinychat\" \/>\n<meta property=\"article:modified_time\" content=\"2025-05-03T15:25:13+00:00\" \/>\n<meta property=\"og:image\" content=\"https:\/\/tinychat.com\/wp-content\/uploads\/2020\/04\/Tinychat-logo-1280x284-new-black.png\" \/>\n\t<meta property=\"og:image:width\" content=\"1280\" \/>\n\t<meta property=\"og:image:height\" content=\"284\" \/>\n\t<meta property=\"og:image:type\" content=\"image\/png\" \/>\n<meta name=\"twitter:card\" content=\"summary_large_image\" \/>\n<meta name=\"twitter:site\" content=\"@tinychat\" \/>\n<meta name=\"twitter:label1\" content=\"Tahmini okuma s\u00fcresi\" \/>\n\t<meta name=\"twitter:data1\" content=\"2 dakika\" \/>\n<script type=\"application\/ld+json\" class=\"yoast-schema-graph\">{\"@context\":\"https:\\\/\\\/schema.org\",\"@graph\":[{\"@type\":\"WebPage\",\"@id\":\"https:\\\/\\\/tinychat.com\\\/refund\\\/\",\"url\":\"https:\\\/\\\/tinychat.com\\\/refund\\\/\",\"name\":\"Refunds & Chargeback - TinyChat\",\"isPartOf\":{\"@id\":\"https:\\\/\\\/tinychat.com\\\/#website\"},\"datePublished\":\"2021-10-18T08:33:50+00:00\",\"dateModified\":\"2025-05-03T15:25:13+00:00\",\"breadcrumb\":{\"@id\":\"https:\\\/\\\/tinychat.com\\\/refund\\\/#breadcrumb\"},\"inLanguage\":\"tr\",\"potentialAction\":[{\"@type\":\"ReadAction\",\"target\":[\"https:\\\/\\\/tinychat.com\\\/refund\\\/\"]}]},{\"@type\":\"BreadcrumbList\",\"@id\":\"https:\\\/\\\/tinychat.com\\\/refund\\\/#breadcrumb\",\"itemListElement\":[{\"@type\":\"ListItem\",\"position\":1,\"name\":\"Home\",\"item\":\"https:\\\/\\\/tinychat.com\\\/\"},{\"@type\":\"ListItem\",\"position\":2,\"name\":\"Refunds &#038; Chargeback\"}]},{\"@type\":\"WebSite\",\"@id\":\"https:\\\/\\\/tinychat.com\\\/#website\",\"url\":\"https:\\\/\\\/tinychat.com\\\/\",\"name\":\"TinyChat\",\"description\":\"Random Video Chat with Strangers\",\"publisher\":{\"@id\":\"https:\\\/\\\/tinychat.com\\\/#organization\"},\"alternateName\":\"TinyChat.com\",\"potentialAction\":[{\"@type\":\"SearchAction\",\"target\":{\"@type\":\"EntryPoint\",\"urlTemplate\":\"https:\\\/\\\/tinychat.com\\\/?s={search_term_string}\"},\"query-input\":{\"@type\":\"PropertyValueSpecification\",\"valueRequired\":true,\"valueName\":\"search_term_string\"}}],\"inLanguage\":\"tr\"},{\"@type\":\"Organization\",\"@id\":\"https:\\\/\\\/tinychat.com\\\/#organization\",\"name\":\"TinyChat\",\"alternateName\":\"TinyChat.com\",\"url\":\"https:\\\/\\\/tinychat.com\\\/\",\"logo\":{\"@type\":\"ImageObject\",\"inLanguage\":\"tr\",\"@id\":\"https:\\\/\\\/tinychat.com\\\/#\\\/schema\\\/logo\\\/image\\\/\",\"url\":\"https:\\\/\\\/tinychat.com\\\/wp-content\\\/uploads\\\/2023\\\/11\\\/Tinychat-icon-square.png\",\"contentUrl\":\"https:\\\/\\\/tinychat.com\\\/wp-content\\\/uploads\\\/2023\\\/11\\\/Tinychat-icon-square.png\",\"width\":284,\"height\":284,\"caption\":\"TinyChat\"},\"image\":{\"@id\":\"https:\\\/\\\/tinychat.com\\\/#\\\/schema\\\/logo\\\/image\\\/\"},\"sameAs\":[\"https:\\\/\\\/www.facebook.com\\\/tinychat\",\"https:\\\/\\\/x.com\\\/tinychat\"]}]}<\/script>\n<!-- \/ Yoast SEO plugin. -->","yoast_head_json":{"title":"\u0130adeler ve Ters \u0130braz - TinyChat","robots":{"index":"index","follow":"follow","max-snippet":"max-snippet:-1","max-image-preview":"max-image-preview:large","max-video-preview":"max-video-preview:-1"},"canonical":"https:\/\/tinychat.com\/tr\/refund\/","og_locale":"tr_TR","og_type":"article","og_title":"Refunds & Chargeback - TinyChat","og_description":"Thank you for using our website. Please be advised that all billing, refunds, chargebacks, and customer support inquiries related to purchases made through links on this website are exclusively managed by CooMeet. As an independent affiliate, we do not process payments, handle billing issues, or provide direct customer support for transactions involving CooMeet services. Digital [&hellip;]","og_url":"https:\/\/tinychat.com\/tr\/refund\/","og_site_name":"TinyChat","article_publisher":"https:\/\/www.facebook.com\/tinychat","article_modified_time":"2025-05-03T15:25:13+00:00","og_image":[{"width":1280,"height":284,"url":"https:\/\/tinychat.com\/wp-content\/uploads\/2020\/04\/Tinychat-logo-1280x284-new-black.png","type":"image\/png"}],"twitter_card":"summary_large_image","twitter_site":"@tinychat","twitter_misc":{"Tahmini okuma s\u00fcresi":"2 dakika"},"schema":{"@context":"https:\/\/schema.org","@graph":[{"@type":"WebPage","@id":"https:\/\/tinychat.com\/refund\/","url":"https:\/\/tinychat.com\/refund\/","name":"\u0130adeler ve Ters \u0130braz - TinyChat","isPartOf":{"@id":"https:\/\/tinychat.com\/#website"},"datePublished":"2021-10-18T08:33:50+00:00","dateModified":"2025-05-03T15:25:13+00:00","breadcrumb":{"@id":"https:\/\/tinychat.com\/refund\/#breadcrumb"},"inLanguage":"tr","potentialAction":[{"@type":"ReadAction","target":["https:\/\/tinychat.com\/refund\/"]}]},{"@type":"BreadcrumbList","@id":"https:\/\/tinychat.com\/refund\/#breadcrumb","itemListElement":[{"@type":"ListItem","position":1,"name":"Home","item":"https:\/\/tinychat.com\/"},{"@type":"ListItem","position":2,"name":"Refunds &#038; Chargeback"}]},{"@type":"WebSite","@id":"https:\/\/tinychat.com\/#website","url":"https:\/\/tinychat.com\/","name":"TinyChat","description":"Yabanc\u0131larla Rastgele G\u00f6r\u00fcnt\u00fcl\u00fc Sohbet","publisher":{"@id":"https:\/\/tinychat.com\/#organization"},"alternateName":"TinyChat.com","potentialAction":[{"@type":"SearchAction","target":{"@type":"EntryPoint","urlTemplate":"https:\/\/tinychat.com\/?s={search_term_string}"},"query-input":{"@type":"PropertyValueSpecification","valueRequired":true,"valueName":"search_term_string"}}],"inLanguage":"tr"},{"@type":"Organization","@id":"https:\/\/tinychat.com\/#organization","name":"TinyChat","alternateName":"TinyChat.com","url":"https:\/\/tinychat.com\/","logo":{"@type":"ImageObject","inLanguage":"tr","@id":"https:\/\/tinychat.com\/#\/schema\/logo\/image\/","url":"https:\/\/tinychat.com\/wp-content\/uploads\/2023\/11\/Tinychat-icon-square.png","contentUrl":"https:\/\/tinychat.com\/wp-content\/uploads\/2023\/11\/Tinychat-icon-square.png","width":284,"height":284,"caption":"TinyChat"},"image":{"@id":"https:\/\/tinychat.com\/#\/schema\/logo\/image\/"},"sameAs":["https:\/\/www.facebook.com\/tinychat","https:\/\/x.com\/tinychat"]}]}},"_links":{"self":[{"href":"https:\/\/tinychat.com\/tr\/wp-json\/wp\/v2\/pages\/8554","targetHints":{"allow":["GET"]}}],"collection":[{"href":"https:\/\/tinychat.com\/tr\/wp-json\/wp\/v2\/pages"}],"about":[{"href":"https:\/\/tinychat.com\/tr\/wp-json\/wp\/v2\/types\/page"}],"author":[{"embeddable":true,"href":"https:\/\/tinychat.com\/tr\/wp-json\/wp\/v2\/users\/1"}],"replies":[{"embeddable":true,"href":"https:\/\/tinychat.com\/tr\/wp-json\/wp\/v2\/comments?post=8554"}],"version-history":[{"count":3,"href":"https:\/\/tinychat.com\/tr\/wp-json\/wp\/v2\/pages\/8554\/revisions"}],"predecessor-version":[{"id":13054,"href":"https:\/\/tinychat.com\/tr\/wp-json\/wp\/v2\/pages\/8554\/revisions\/13054"}],"wp:attachment":[{"href":"https:\/\/tinychat.com\/tr\/wp-json\/wp\/v2\/media?parent=8554"}],"curies":[{"name":"wp","href":"https:\/\/api.w.org\/{rel}","templated":true}]}}