{"id":8689,"date":"2025-10-21T11:18:47","date_gmt":"2025-10-21T09:18:47","guid":{"rendered":"https:\/\/tinychat.com\/?page_id=8689"},"modified":"2025-10-21T13:17:16","modified_gmt":"2025-10-21T11:17:16","slug":"chathour","status":"publish","type":"page","link":"https:\/\/tinychat.com\/tr\/chathour\/","title":{"rendered":"ChatHour"},"content":{"rendered":"<p>Sosyal medya algoritmalar\u0131 ve fl\u00f6rt uygulamalar\u0131n\u0131n hakim oldu\u011fu bir \u00e7a\u011fda ChatHour, \u00e7evrimi\u00e7i ileti\u015fimin k\u00f6klerine - sohbet odalar\u0131na - ferahlat\u0131c\u0131 bir geri d\u00f6n\u00fc\u015f sunuyor. Sohbet sanat\u0131n\u0131 kutlayan, insanlar\u0131n kayd\u0131rmalar veya se\u00e7ilmi\u015f beslemeler yoluyla de\u011fil, ortak ilgi alanlar\u0131 ve spontane etkile\u015fim yoluyla bulu\u015ftu\u011fu bir platformdur.<\/p>\n<p>\u00c7e\u015fitli temal\u0131 sohbet odalar\u0131nda binlerce aktif kullan\u0131c\u0131s\u0131yla ChatHour, klasik sohbet odas\u0131 deneyimi ile modern \u00e7evrimi\u00e7i a\u011f aras\u0131nda bir melez olarak hizmet vermektedir. \u0130ster arkada\u015f edinmek, ister sevdi\u011finiz konular\u0131 ke\u015ffetmek veya sadece yeni insanlarla sohbet ederek zaman ge\u00e7irmek isteyin, ChatHour bunu kolay, h\u0131zl\u0131 ve \u015fa\u015f\u0131rt\u0131c\u0131 derecede ilgi \u00e7ekici hale getirir.<\/p>\n<p>Bu inceleme, ChatHour'nin ne oldu\u011funu, nas\u0131l \u00e7al\u0131\u015ft\u0131\u011f\u0131n\u0131, \u00f6ne \u00e7\u0131kan \u00f6zelliklerini, kullan\u0131c\u0131 deneyimini, rakipleriyle kar\u015f\u0131la\u015ft\u0131rmalar\u0131n\u0131, g\u00fcvenlik ipu\u00e7lar\u0131n\u0131 ve neden sad\u0131k bir k\u00fcresel kitlenin ilgisini \u00e7ekmeye devam etti\u011fini ara\u015ft\u0131r\u0131yor.<\/p>\n<h2>ChatHour Nedir?<\/h2>\n<p>ChatHour, kullan\u0131c\u0131lar\u0131 genel sohbet odalar\u0131 ve \u00f6zel konu\u015fmalar arac\u0131l\u0131\u011f\u0131yla birbirine ba\u011flayan \u00fccretsiz bir \u00e7evrimi\u00e7i sohbet platformudur. Omegle veya Chatroulette gibi rastgele video e\u015fle\u015ftirmesine dayanmaz - bunun yerine kullan\u0131c\u0131lara bir se\u00e7enek sunar. Temal\u0131 sohbet odalar\u0131na kat\u0131labilir, grup tart\u0131\u015fmalar\u0131na kat\u0131labilir veya ilgi alanlar\u0131n\u0131z\u0131 payla\u015fan ki\u015filerle \u00f6zel sohbetler ba\u015flatabilirsiniz.<\/p>\n<p>2000'lerin ortas\u0131nda ba\u015flat\u0131lan ChatHour, basitli\u011fi, \u00e7ok \u00e7e\u015fitli sohbet konular\u0131 ve metin tabanl\u0131 ileti\u015fime verdi\u011fi \u00f6nem sayesinde g\u00fc\u00e7l\u00fc bir kullan\u0131c\u0131 taban\u0131n\u0131 korumu\u015ftur. Kamera bask\u0131s\u0131 olmadan konu\u015fmay\u0131 tercih edenler i\u00e7in, \u00e7evrimi\u00e7i en aktif metin sohbeti topluluklar\u0131ndan biri olmaya devam ediyor.<\/p>\n<h2>ChatHour'nin Temel \u00d6zellikleri<\/h2>\n<p>ChatHour, eski tarz cazibesi ve modern kullan\u0131labilirlik dengesiyle \u00f6ne \u00e7\u0131k\u0131yor. Temel \u00f6zellikleri esneklik ve ileti\u015fim kolayl\u0131\u011f\u0131 \u00fczerine kurulmu\u015ftur.<\/p>\n<h3>1. Temal\u0131 Genel Sohbet Odalar\u0131<\/h3>\n<ul>\n<li>M\u00fczik, seyahat, spor, ili\u015fkiler veya yerel b\u00f6lgeler gibi ilgi alanlar\u0131na g\u00f6re binlerce sohbet odas\u0131na kat\u0131l\u0131n.<\/li>\n<li>Sohbet odalar\u0131 d\u00fcnyan\u0131n d\u00f6rt bir yan\u0131ndan gelen kullan\u0131c\u0131larla 7\/24 aktiftir.<\/li>\n<li>Be\u011fendi\u011finiz bir konu bulamazsan\u0131z kendi odan\u0131z\u0131 olu\u015fturun.<\/li>\n<\/ul>\n<h3>2. \u00d6zel Mesajla\u015fma<\/h3>\n<ul>\n<li>Genel odalarda tan\u0131\u015ft\u0131\u011f\u0131n\u0131z kullan\u0131c\u0131larla bire bir sohbetler ba\u015flat\u0131n.<\/li>\n<li>Platformdan ayr\u0131lmadan konu\u015fmalara \u00f6zel olarak devam edin.<\/li>\n<\/ul>\n<h3>3. Kullan\u0131c\u0131 Profilleri<\/h3>\n<ul>\n<li>Foto\u011fraflar ve k\u0131sa bir biyografi i\u00e7eren basit bir profil olu\u015fturun.<\/li>\n<li>Ba\u015fkalar\u0131n\u0131n ilgi alanlar\u0131n\u0131z hakk\u0131nda bilgi edinmesine ve anlaml\u0131 sohbetler ba\u015flatmas\u0131na yard\u0131mc\u0131 olur.<\/li>\n<\/ul>\n<h3>4. Mobil ve Masa\u00fcst\u00fc Uyumlulu\u011fu<\/h3>\n<ul>\n<li>Hem web taray\u0131c\u0131lar\u0131nda hem de mobil cihazlarda sorunsuz \u00e7al\u0131\u015f\u0131r.<\/li>\n<li>Uygulama indirmeye gerek yok, ancak mobil kullan\u0131c\u0131lar h\u0131zl\u0131 eri\u015fim i\u00e7in siteyi yer imlerine ekleyebilirler.<\/li>\n<\/ul>\n<h3>5. Arama ve Filtreler<\/h3>\n<ul>\n<li>Kullan\u0131c\u0131 ad\u0131, cinsiyet veya konuma g\u00f6re ki\u015fi aray\u0131n.<\/li>\n<li>Filtreler, ilgi alanlar\u0131n\u0131za uyan sohbet odalar\u0131n\u0131 veya kullan\u0131c\u0131lar\u0131 bulman\u0131za yard\u0131mc\u0131 olur.<\/li>\n<\/ul>\n<h3>6. \u00dccretsiz Eri\u015fim<\/h3>\n<ul>\n<li>Temel \u00f6zellikler tamamen \u00fccretsizdir.<\/li>\n<li>Gizli \u00f6deme duvarlar\u0131 veya premium abonelik tuzaklar\u0131 yok.<\/li>\n<\/ul>\n<h3>7. \u00d6zel Sohbet Odalar\u0131<\/h3>\n<ul>\n<li>Kay\u0131tl\u0131 kullan\u0131c\u0131lar kendi genel veya \u00f6zel sohbet odalar\u0131n\u0131 olu\u015fturabilirler.<\/li>\n<li>Moderasyon ara\u00e7lar\u0131, kimlerin girebilece\u011fini ve kat\u0131labilece\u011fini y\u00f6netmeye yard\u0131mc\u0131 olur.<\/li>\n<\/ul>\n<h2>ChatHour Nas\u0131l Kullan\u0131l\u0131r<\/h2>\n<p>ChatHour, sohbet odalar\u0131nda \u00f6nceden deneyimi olmayanlar da dahil olmak \u00fczere herkesin kullanabilece\u011fi \u015fekilde basit ve kolay olacak \u015fekilde tasarlanm\u0131\u015ft\u0131r.<\/p>\n<h3>Ad\u0131m 1: ChatHour Web Sitesini Ziyaret Edin<\/h3>\n<p>ChatHour'yi masa\u00fcst\u00fc veya mobil taray\u0131c\u0131n\u0131zda a\u00e7\u0131n.<\/p>\n<h3>Ad\u0131m 2: Bir Oda Se\u00e7in veya Olu\u015fturun<\/h3>\n<p>Mevcut kategorilere g\u00f6z at\u0131n ve ilginizi \u00e7eken bir odaya kat\u0131l\u0131n veya kendi \u00f6zel sohbet odan\u0131z\u0131 ba\u015flat\u0131n.<\/p>\n<h3>3. Ad\u0131m: Bir Profil Olu\u015fturun (\u0130ste\u011fe Ba\u011fl\u0131)<\/h3>\n<p>Misafir olarak sohbet edebilirsiniz, ancak \u00fccretsiz bir hesap olu\u015fturmak bir foto\u011fraf y\u00fcklemenize, favori odalar\u0131n\u0131z\u0131 kaydetmenize ve kullan\u0131c\u0131lara \u00f6zel olarak mesaj g\u00f6ndermenize olanak tan\u0131r.<\/p>\n<h3>Ad\u0131m 4: Sohbete Ba\u015flay\u0131n<\/h3>\n<p>Herhangi bir odaya girin ve sohbete kat\u0131l\u0131n. \u00c7o\u011fu sohbet odas\u0131nda devam eden tart\u0131\u015fmalar vard\u0131r, bu da sohbete kat\u0131lmay\u0131 kolayla\u015ft\u0131r\u0131r.<\/p>\n<h3>Ad\u0131m 5: \u00d6zel Olarak Ba\u011flan\u0131n<\/h3>\n<p>\u0130lgin\u00e7 birini bulursan\u0131z, daha ki\u015fisel etkile\u015fim i\u00e7in \u00f6zel bire bir sohbet ba\u015flatabilirsiniz.<\/p>\n<p>T\u00fcm s\u00fcre\u00e7 bir dakikadan k\u0131sa s\u00fcr\u00fcyor - indirme yok, bekleme yok, sadece konu\u015fma var.<\/p>\n<h2>ChatHour'de Kullan\u0131c\u0131 Deneyimi<\/h2>\n<p>ChatHour, Yahoo! Chat veya IRC gibi ilk sohbet platformlar\u0131n\u0131 pop\u00fcler yapan basitli\u011fi korurken, onu g\u00fcncel tutmak i\u00e7in yeterince modern \u00f6zellik sunuyor.<\/p>\n<h3>Kullan\u0131c\u0131lar Neyi Sever<\/h3>\n<ul>\n<li>Konuya ve b\u00f6lgeye g\u00f6re \u00e7ok \u00e7e\u015fitli sohbet odalar\u0131.<\/li>\n<li>Herkese a\u00e7\u0131k veya \u00f6zel sohbet etme se\u00e7ene\u011fi.<\/li>\n<li>Basit, sa\u00e7ma olmayan aray\u00fcz.<\/li>\n<li>Her cihazda \u00e7al\u0131\u015f\u0131r.<\/li>\n<li>7\/24 aktif kullan\u0131c\u0131 taban\u0131.<\/li>\n<\/ul>\n<h3>Kullan\u0131c\u0131lar\u0131n \u0130yile\u015ftirme \u0130\u00e7in Yer G\u00f6rd\u00fc\u011f\u00fc Noktalar<\/h3>\n<ul>\n<li>G\u00f6r\u00fcnt\u00fcl\u00fc sohbet i\u015flevi yok.<\/li>\n<li>Baz\u0131 sohbet odalar\u0131 belirli saatlerde etkin olmayabilir.<\/li>\n<li>Aray\u00fcz gen\u00e7 kullan\u0131c\u0131lara eski gelebilir.<\/li>\n<li>Genel odalarda ara s\u0131ra spam kullan\u0131c\u0131lar.<\/li>\n<\/ul>\n<p>Genel olarak, kullan\u0131c\u0131 deneyimi nostaljik ancak g\u00fcvenilirdir - g\u00f6steri\u015fli tasar\u0131m yerine sohbete \u00f6ncelik verir, sadeli\u011fe ve anlaml\u0131 al\u0131\u015fveri\u015flere de\u011fer veren insanlar\u0131 \u00e7eker.<\/p>\n<h2>ChatHour vs. Di\u011fer Sohbet Platformlar\u0131<\/h2>\n<p>\u0130\u015fte ChatHour'nin di\u011fer sohbet ve sosyal platformlarla kar\u015f\u0131la\u015ft\u0131rmas\u0131:<\/p>\n<table>\n<thead>\n<tr>\n<th>\u00d6zellik<\/th>\n<th>ChatHour<\/th>\n<th>Omegle<\/th>\n<th>Chatroulette<\/th>\n<th>ChatHub<\/th>\n<th>Wireclub<\/th>\n<th>Paltalk<\/th>\n<\/tr>\n<\/thead>\n<tbody>\n<tr>\n<td>Genel Sohbet Odalar\u0131<\/td>\n<td>Evet<\/td>\n<td>\u274c Hay\u0131r<\/td>\n<td>\u274c Hay\u0131r<\/td>\n<td>\u274c Hay\u0131r<\/td>\n<td>Evet<\/td>\n<td>Evet<\/td>\n<\/tr>\n<tr>\n<td>\u00d6zel Mesajla\u015fma<\/td>\n<td>Evet<\/td>\n<td>\u274c Hay\u0131r<\/td>\n<td>\u274c Hay\u0131r<\/td>\n<td>Evet<\/td>\n<td>Evet<\/td>\n<td>Evet<\/td>\n<\/tr>\n<tr>\n<td>Kullan\u0131c\u0131 Profilleri<\/td>\n<td>Evet<\/td>\n<td>\u274c Hay\u0131r<\/td>\n<td>\u274c Hay\u0131r<\/td>\n<td>Evet<\/td>\n<td>Evet<\/td>\n<td>Evet<\/td>\n<\/tr>\n<tr>\n<td>G\u00f6r\u00fcnt\u00fcl\u00fc Sohbet<\/td>\n<td>\u274c Hay\u0131r<\/td>\n<td>Evet<\/td>\n<td>Evet<\/td>\n<td>Evet<\/td>\n<td>Evet<\/td>\n<td>Evet<\/td>\n<\/tr>\n<tr>\n<td>Sesli Sohbet<\/td>\n<td>\u274c Hay\u0131r<\/td>\n<td>\u274c Hay\u0131r<\/td>\n<td>\u274c Hay\u0131r<\/td>\n<td>\u274c Hay\u0131r<\/td>\n<td>S\u0131n\u0131rl\u0131<\/td>\n<td>Evet<\/td>\n<\/tr>\n<tr>\n<td>Anonimlik<\/td>\n<td>\u2705 Il\u0131ml\u0131<\/td>\n<td>G\u00fc\u00e7l\u00fc<\/td>\n<td>G\u00fc\u00e7l\u00fc<\/td>\n<td>\u2705 Il\u0131ml\u0131<\/td>\n<td>\u2705 Il\u0131ml\u0131<\/td>\n<td>S\u0131n\u0131rl\u0131<\/td>\n<\/tr>\n<tr>\n<td>Mobil Dostu<\/td>\n<td>Evet<\/td>\n<td>Evet<\/td>\n<td>Evet<\/td>\n<td>Evet<\/td>\n<td>Evet<\/td>\n<td>Evet<\/td>\n<\/tr>\n<\/tbody>\n<\/table>\n<p>\u00d6zet: ChatHour, Omegle gibi rastgele sohbet uygulamalar\u0131ndan daha topluluk odakl\u0131 ve Paltalk gibi karma\u015f\u0131k platformlardan daha eri\u015filebilir. \u00d6ng\u00f6r\u00fclemeyen video ba\u011flant\u0131lar\u0131 yerine yap\u0131land\u0131r\u0131lm\u0131\u015f metin sohbetini tercih eden kullan\u0131c\u0131lar i\u00e7in tatl\u0131 bir nokta.<\/p>\n<h2>ChatHour G\u00fcvenli mi?<\/h2>\n<p>ChatHour kullan\u0131c\u0131 g\u00fcvenli\u011fini ciddiye al\u0131r, ancak her genel sohbet platformunda oldu\u011fu gibi, sorumlu kullan\u0131m esast\u0131r.<\/p>\n<h3>Yerle\u015fik G\u00fcvenlik \u00d6zellikleri<\/h3>\n<ul>\n<li>Pop\u00fcler sohbet odalar\u0131nda temel moderasyon.<\/li>\n<li>Uygunsuz kullan\u0131c\u0131lar i\u00e7in engelleme ve raporlama se\u00e7enekleri.<\/li>\n<li>\u00d6zel sohbet kontrolleri.<\/li>\n<\/ul>\n<h3>Kullan\u0131c\u0131lar i\u00e7in G\u00fcvenlik \u0130pu\u00e7lar\u0131<\/h3>\n<ul>\n<li>Ki\u015fisel veya finansal bilgilerinizi payla\u015fmaktan ka\u00e7\u0131n\u0131n.<\/li>\n<li>Denetlenen veya kalabal\u0131k sohbet odalar\u0131nda kal\u0131n.<\/li>\n<li>Harici ba\u011flant\u0131lara t\u0131klarken dikkatli olun.<\/li>\n<li>Ebeveynler siteyi kullanan k\u00fc\u00e7\u00fckleri denetlemelidir.<\/li>\n<\/ul>\n<p>ChatHour'nin salt metin yap\u0131s\u0131 do\u011fal olarak g\u00f6r\u00fcnt\u00fcl\u00fc sohbetlerle ili\u015fkili riskleri s\u0131n\u0131rland\u0131r\u0131r ve ak\u0131ll\u0131ca kullan\u0131ld\u0131\u011f\u0131nda g\u00fcndelik sohbet i\u00e7in daha g\u00fcvenli se\u00e7eneklerden biri haline gelir.<\/p>\n<h2>ChatHour'den En \u0130yi \u015eekilde Yararlanmak \u0130\u00e7in \u0130pu\u00e7lar\u0131<\/h2>\n<ul>\n<li>Birden fazla sohbet odas\u0131n\u0131 ke\u015ffedin - sadece bir tanesine ba\u011fl\u0131 kalmay\u0131n; akla gelebilecek neredeyse her konu i\u00e7in bir oda var.<\/li>\n<li>Yo\u011fun saatleri kontrol edin - ak\u015famlar ve hafta sonlar\u0131 genellikle en aktif kullan\u0131c\u0131lara sahiptir.<\/li>\n<li>Kibarca etkile\u015fime ge\u00e7in - arkada\u015f canl\u0131s\u0131 kullan\u0131c\u0131lar daha fazla yan\u0131t alma e\u011filimindedir.<\/li>\n<li>Profilinizi \u00f6zelle\u015ftirin - k\u0131sa ve ger\u00e7ek bir biyografi ba\u015fkalar\u0131n\u0131n sizinle ba\u011flant\u0131 kurmas\u0131na yard\u0131mc\u0131 olur.<\/li>\n<li>Spam g\u00f6ndericileri bildirin - odalar\u0131 temiz tutmak toplulu\u011fun geli\u015fmesine yard\u0131mc\u0131 olur.<\/li>\n<li>Favori odalar\u0131n\u0131z\u0131 yer imlerine ekleyin - b\u00f6ylece bir dahaki sefere kolayca geri d\u00f6nebilirsiniz.<\/li>\n<\/ul>\n<p>Bu k\u00fc\u00e7\u00fck al\u0131\u015fkanl\u0131klar ChatHour deneyimini daha \u00f6d\u00fcllendirici ve keyifli hale getirir.<\/p>\n<h2>Yayg\u0131n Sorunlar ve D\u00fczeltmeler<\/h2>\n<h3>Sorun: Giri\u015f Yapam\u0131yorum<\/h3>\n<ul>\n<li>\u00c7erezlerin etkinle\u015ftirildi\u011finden emin olun.<\/li>\n<li>\u015eifrenizi s\u0131f\u0131rlamay\u0131 veya taray\u0131c\u0131 \u00f6nbelle\u011fini temizlemeyi deneyin.<\/li>\n<\/ul>\n<h3>Sorun: Mesajlar G\u00f6nderilmiyor<\/h3>\n<ul>\n<li>Sohbet odas\u0131n\u0131 yenileyin.<\/li>\n<li>\u0130nternet ba\u011flant\u0131n\u0131z\u0131 kontrol edin.<\/li>\n<\/ul>\n<h3>Sorun: \u00c7ok Fazla Bo\u015fta Kullan\u0131c\u0131<\/h3>\n<ul>\n<li>Di\u011fer odalar\u0131 ke\u015ffedin veya g\u00fcn\u00fcn daha yo\u011fun saatlerinde deneyin.<\/li>\n<\/ul>\n<h3>Sorun: Uygunsuz Kullan\u0131c\u0131lar<\/h3>\n<ul>\n<li>Onlar\u0131 derhal engelleyin ve rapor edin.<\/li>\n<li>Daha g\u00fcvenli etkile\u015fimler i\u00e7in moderat\u00f6rl\u00fc odalardan ayr\u0131lmay\u0131n.<\/li>\n<\/ul>\n<h2>\u0130nsanlar Neden ChatHour'yi Se\u00e7iyor?<\/h2>\n<p>\u0130nsanlar bir\u00e7ok nedenden dolay\u0131 ChatHour'yi se\u00e7iyor:<\/p>\n<ul>\n<li>Se\u00e7im \u00f6zg\u00fcrl\u00fc\u011f\u00fc - herkese a\u00e7\u0131k sohbetlere kat\u0131l\u0131n veya istedi\u011finiz zaman \u00f6zel sohbete ge\u00e7in.<\/li>\n<li>\u00c7e\u015fitlilik - d\u00fcnyan\u0131n d\u00f6rt bir yan\u0131ndan binlerce konu ve kullan\u0131c\u0131.<\/li>\n<li>Basitlik - kat\u0131lmas\u0131 h\u0131zl\u0131, kullan\u0131m\u0131 kolay.<\/li>\n<li>Topluluk - tek seferlik kar\u015f\u0131la\u015fmalar\u0131n \u00f6tesine ge\u00e7en arkada\u015fl\u0131klar kurun.<\/li>\n<\/ul>\n<p>Video tabanl\u0131 platformlar\u0131n hakim oldu\u011fu dijital bir d\u00fcnyada ChatHour, \u00f6zellikle kameras\u0131z konu\u015fmay\u0131 tercih edenler i\u00e7in yaz\u0131l\u0131 sohbetin hala g\u00fc\u00e7l\u00fc oldu\u011funu kan\u0131tl\u0131yor.<\/p>\n<h2>Son D\u00fc\u015f\u00fcnceler: ChatHour Kullanmaya De\u011fer mi?<\/h2>\n<p>Klasik sohbet odalar\u0131n\u0131n oldu\u011fu g\u00fcnleri \u00f6zl\u00fcyorsan\u0131z ya da ortak ilgi alanlar\u0131 arac\u0131l\u0131\u011f\u0131yla insanlarla tan\u0131\u015fmaktan ho\u015flan\u0131yorsan\u0131z, ChatHour kesinlikle denemeye de\u011fer. Trendleri takip etmiyor veya tekerle\u011fi yeniden icat etmiyor - bunun yerine, ilk internet topluluklar\u0131n\u0131n geli\u015fmesini sa\u011flayan zamans\u0131z form\u00fcl\u00fc geli\u015ftiriyor.<\/p>\n<p>Rastgele g\u00f6r\u00fcnt\u00fcl\u00fc sohbet veya g\u00f6steri\u015fli filtreler sunmasa da, ChatHour'nin g\u00fcvenilirli\u011fi, topluluk oda\u011f\u0131 ve k\u00fcresel eri\u015fimi, onu anlaml\u0131 \u00e7evrimi\u00e7i sohbetler i\u00e7in \u00f6ne \u00e7\u0131kan bir se\u00e7enek haline getiriyor.<\/p>\n<p>\u0130steseniz de istemeseniz de:<\/p>\n<ul>\n<li>Yeni arkada\u015flarla tan\u0131\u015f\u0131n,<\/li>\n<li>En sevdi\u011finiz konular\u0131 tart\u0131\u015f\u0131n,<\/li>\n<li>Ya da sadece gece boyunca sohbet edin...<\/li>\n<\/ul>\n<p>ChatHour, bunu \u00f6zg\u00fcrce ve zahmetsizce yapmak i\u00e7in dijital alan sa\u011flar.<\/p>\n<p>K\u0131sacas\u0131: ChatHour, klasik \u00e7evrimi\u00e7i sohbet odalar\u0131n\u0131n modern bir devam\u0131d\u0131r ve metin yoluyla insanlarla tan\u0131\u015fmak i\u00e7in g\u00fcvenli, sosyal ve kolay bir yol sunar. Algoritmalar yerine ger\u00e7ek konu\u015fmalar\u0131 tercih eden ve \u00e7evrimi\u00e7i topluluk hissinden ho\u015flanan kullan\u0131c\u0131lar i\u00e7in idealdir.<\/p>\n<p>Sohbete ba\u015flamaya haz\u0131r m\u0131s\u0131n\u0131z? ChatHour'yi ziyaret edin, ilginizi \u00e7eken bir odaya kat\u0131l\u0131n ve sohbetin nereye gidece\u011fini g\u00f6r\u00fcn.<\/p>","protected":false},"excerpt":{"rendered":"<p>In an age dominated by social media algorithms and dating apps, ChatHour offers a refreshing throwback to the roots of online communication \u2014 chatrooms. It\u2019s a platform that celebrates the art of conversation, where people meet not through swipes or curated feeds, but through shared interests and spontaneous interaction. With thousands of active users across [&hellip;]<\/p>\n","protected":false},"author":6,"featured_media":0,"parent":0,"menu_order":0,"comment_status":"closed","ping_status":"closed","template":"","meta":{"footnotes":""},"class_list":["post-8689","page","type-page","status-publish","hentry"],"yoast_head":"<!-- This site is optimized with the Yoast SEO plugin v27.4 - https:\/\/yoast.com\/product\/yoast-seo-wordpress\/ -->\n<title>ChatHour - Mobile Free Chat Rooms - TinyChat.com<\/title>\n<meta name=\"description\" content=\"Enjoying ChatHour? Join over 50,000,000 strangers on TinyChat! Turn on your cam and start meeting new people, or find a match.\" \/>\n<meta name=\"robots\" content=\"index, follow, max-snippet:-1, max-image-preview:large, max-video-preview:-1\" \/>\n<link rel=\"canonical\" href=\"https:\/\/tinychat.com\/tr\/chathour\/\" \/>\n<meta property=\"og:locale\" content=\"tr_TR\" \/>\n<meta property=\"og:type\" content=\"article\" \/>\n<meta property=\"og:title\" content=\"ChatHour - Mobile Free Chat Rooms - TinyChat.com\" \/>\n<meta property=\"og:description\" content=\"Enjoying ChatHour? Join over 50,000,000 strangers on TinyChat! Turn on your cam and start meeting new people, or find a match.\" \/>\n<meta property=\"og:url\" content=\"https:\/\/tinychat.com\/tr\/chathour\/\" \/>\n<meta property=\"og:site_name\" content=\"TinyChat\" \/>\n<meta property=\"article:publisher\" content=\"https:\/\/www.facebook.com\/tinychat\" \/>\n<meta property=\"article:modified_time\" content=\"2025-10-21T11:17:16+00:00\" \/>\n<meta property=\"og:image\" content=\"https:\/\/tinychat.com\/wp-content\/uploads\/2020\/04\/Tinychat-logo-1280x284-new-black.png\" \/>\n\t<meta property=\"og:image:width\" content=\"1280\" \/>\n\t<meta property=\"og:image:height\" content=\"284\" \/>\n\t<meta property=\"og:image:type\" content=\"image\/png\" \/>\n<meta name=\"twitter:card\" content=\"summary_large_image\" \/>\n<meta name=\"twitter:site\" content=\"@tinychat\" \/>\n<meta name=\"twitter:label1\" content=\"Tahmini okuma s\u00fcresi\" \/>\n\t<meta name=\"twitter:data1\" content=\"6 dakika\" \/>\n<script type=\"application\/ld+json\" class=\"yoast-schema-graph\">{\"@context\":\"https:\\\/\\\/schema.org\",\"@graph\":[{\"@type\":\"WebPage\",\"@id\":\"https:\\\/\\\/tinychat.com\\\/chathour\\\/\",\"url\":\"https:\\\/\\\/tinychat.com\\\/chathour\\\/\",\"name\":\"ChatHour - Mobile Free Chat Rooms - TinyChat.com\",\"isPartOf\":{\"@id\":\"https:\\\/\\\/tinychat.com\\\/#website\"},\"datePublished\":\"2025-10-21T09:18:47+00:00\",\"dateModified\":\"2025-10-21T11:17:16+00:00\",\"description\":\"Enjoying ChatHour? Join over 50,000,000 strangers on TinyChat! Turn on your cam and start meeting new people, or find a match.\",\"breadcrumb\":{\"@id\":\"https:\\\/\\\/tinychat.com\\\/chathour\\\/#breadcrumb\"},\"inLanguage\":\"tr\",\"potentialAction\":[{\"@type\":\"ReadAction\",\"target\":[\"https:\\\/\\\/tinychat.com\\\/chathour\\\/\"]}]},{\"@type\":\"BreadcrumbList\",\"@id\":\"https:\\\/\\\/tinychat.com\\\/chathour\\\/#breadcrumb\",\"itemListElement\":[{\"@type\":\"ListItem\",\"position\":1,\"name\":\"Home\",\"item\":\"https:\\\/\\\/tinychat.com\\\/\"},{\"@type\":\"ListItem\",\"position\":2,\"name\":\"ChatHour\"}]},{\"@type\":\"WebSite\",\"@id\":\"https:\\\/\\\/tinychat.com\\\/#website\",\"url\":\"https:\\\/\\\/tinychat.com\\\/\",\"name\":\"TinyChat\",\"description\":\"Random Video Chat with Strangers\",\"publisher\":{\"@id\":\"https:\\\/\\\/tinychat.com\\\/#organization\"},\"alternateName\":\"TinyChat.com\",\"potentialAction\":[{\"@type\":\"SearchAction\",\"target\":{\"@type\":\"EntryPoint\",\"urlTemplate\":\"https:\\\/\\\/tinychat.com\\\/?s={search_term_string}\"},\"query-input\":{\"@type\":\"PropertyValueSpecification\",\"valueRequired\":true,\"valueName\":\"search_term_string\"}}],\"inLanguage\":\"tr\"},{\"@type\":\"Organization\",\"@id\":\"https:\\\/\\\/tinychat.com\\\/#organization\",\"name\":\"TinyChat\",\"alternateName\":\"TinyChat.com\",\"url\":\"https:\\\/\\\/tinychat.com\\\/\",\"logo\":{\"@type\":\"ImageObject\",\"inLanguage\":\"tr\",\"@id\":\"https:\\\/\\\/tinychat.com\\\/#\\\/schema\\\/logo\\\/image\\\/\",\"url\":\"https:\\\/\\\/tinychat.com\\\/wp-content\\\/uploads\\\/2023\\\/11\\\/Tinychat-icon-square.png\",\"contentUrl\":\"https:\\\/\\\/tinychat.com\\\/wp-content\\\/uploads\\\/2023\\\/11\\\/Tinychat-icon-square.png\",\"width\":284,\"height\":284,\"caption\":\"TinyChat\"},\"image\":{\"@id\":\"https:\\\/\\\/tinychat.com\\\/#\\\/schema\\\/logo\\\/image\\\/\"},\"sameAs\":[\"https:\\\/\\\/www.facebook.com\\\/tinychat\",\"https:\\\/\\\/x.com\\\/tinychat\"]}]}<\/script>\n<!-- \/ Yoast SEO plugin. -->","yoast_head_json":{"title":"ChatHour - Mobil \u00dccretsiz Sohbet Odalar\u0131 - TinyChat.com","description":"ChatHour'yi be\u011feniyor musunuz? TinyChat'de 50.000.000'dan fazla yabanc\u0131ya kat\u0131l\u0131n! Kameran\u0131z\u0131 a\u00e7\u0131n ve yeni insanlarla tan\u0131\u015fmaya ba\u015flay\u0131n veya bir e\u015fle\u015fme bulun.","robots":{"index":"index","follow":"follow","max-snippet":"max-snippet:-1","max-image-preview":"max-image-preview:large","max-video-preview":"max-video-preview:-1"},"canonical":"https:\/\/tinychat.com\/tr\/chathour\/","og_locale":"tr_TR","og_type":"article","og_title":"ChatHour - Mobile Free Chat Rooms - TinyChat.com","og_description":"Enjoying ChatHour? Join over 50,000,000 strangers on TinyChat! Turn on your cam and start meeting new people, or find a match.","og_url":"https:\/\/tinychat.com\/tr\/chathour\/","og_site_name":"TinyChat","article_publisher":"https:\/\/www.facebook.com\/tinychat","article_modified_time":"2025-10-21T11:17:16+00:00","og_image":[{"width":1280,"height":284,"url":"https:\/\/tinychat.com\/wp-content\/uploads\/2020\/04\/Tinychat-logo-1280x284-new-black.png","type":"image\/png"}],"twitter_card":"summary_large_image","twitter_site":"@tinychat","twitter_misc":{"Tahmini okuma s\u00fcresi":"6 dakika"},"schema":{"@context":"https:\/\/schema.org","@graph":[{"@type":"WebPage","@id":"https:\/\/tinychat.com\/chathour\/","url":"https:\/\/tinychat.com\/chathour\/","name":"ChatHour - Mobil \u00dccretsiz Sohbet Odalar\u0131 - TinyChat.com","isPartOf":{"@id":"https:\/\/tinychat.com\/#website"},"datePublished":"2025-10-21T09:18:47+00:00","dateModified":"2025-10-21T11:17:16+00:00","description":"ChatHour'yi be\u011feniyor musunuz? TinyChat'de 50.000.000'dan fazla yabanc\u0131ya kat\u0131l\u0131n! Kameran\u0131z\u0131 a\u00e7\u0131n ve yeni insanlarla tan\u0131\u015fmaya ba\u015flay\u0131n veya bir e\u015fle\u015fme bulun.","breadcrumb":{"@id":"https:\/\/tinychat.com\/chathour\/#breadcrumb"},"inLanguage":"tr","potentialAction":[{"@type":"ReadAction","target":["https:\/\/tinychat.com\/chathour\/"]}]},{"@type":"BreadcrumbList","@id":"https:\/\/tinychat.com\/chathour\/#breadcrumb","itemListElement":[{"@type":"ListItem","position":1,"name":"Home","item":"https:\/\/tinychat.com\/"},{"@type":"ListItem","position":2,"name":"ChatHour"}]},{"@type":"WebSite","@id":"https:\/\/tinychat.com\/#website","url":"https:\/\/tinychat.com\/","name":"TinyChat","description":"Yabanc\u0131larla Rastgele G\u00f6r\u00fcnt\u00fcl\u00fc Sohbet","publisher":{"@id":"https:\/\/tinychat.com\/#organization"},"alternateName":"TinyChat.com","potentialAction":[{"@type":"SearchAction","target":{"@type":"EntryPoint","urlTemplate":"https:\/\/tinychat.com\/?s={search_term_string}"},"query-input":{"@type":"PropertyValueSpecification","valueRequired":true,"valueName":"search_term_string"}}],"inLanguage":"tr"},{"@type":"Organization","@id":"https:\/\/tinychat.com\/#organization","name":"TinyChat","alternateName":"TinyChat.com","url":"https:\/\/tinychat.com\/","logo":{"@type":"ImageObject","inLanguage":"tr","@id":"https:\/\/tinychat.com\/#\/schema\/logo\/image\/","url":"https:\/\/tinychat.com\/wp-content\/uploads\/2023\/11\/Tinychat-icon-square.png","contentUrl":"https:\/\/tinychat.com\/wp-content\/uploads\/2023\/11\/Tinychat-icon-square.png","width":284,"height":284,"caption":"TinyChat"},"image":{"@id":"https:\/\/tinychat.com\/#\/schema\/logo\/image\/"},"sameAs":["https:\/\/www.facebook.com\/tinychat","https:\/\/x.com\/tinychat"]}]}},"_links":{"self":[{"href":"https:\/\/tinychat.com\/tr\/wp-json\/wp\/v2\/pages\/8689","targetHints":{"allow":["GET"]}}],"collection":[{"href":"https:\/\/tinychat.com\/tr\/wp-json\/wp\/v2\/pages"}],"about":[{"href":"https:\/\/tinychat.com\/tr\/wp-json\/wp\/v2\/types\/page"}],"author":[{"embeddable":true,"href":"https:\/\/tinychat.com\/tr\/wp-json\/wp\/v2\/users\/6"}],"replies":[{"embeddable":true,"href":"https:\/\/tinychat.com\/tr\/wp-json\/wp\/v2\/comments?post=8689"}],"version-history":[{"count":3,"href":"https:\/\/tinychat.com\/tr\/wp-json\/wp\/v2\/pages\/8689\/revisions"}],"predecessor-version":[{"id":13560,"href":"https:\/\/tinychat.com\/tr\/wp-json\/wp\/v2\/pages\/8689\/revisions\/13560"}],"wp:attachment":[{"href":"https:\/\/tinychat.com\/tr\/wp-json\/wp\/v2\/media?parent=8689"}],"curies":[{"name":"wp","href":"https:\/\/api.w.org\/{rel}","templated":true}]}}