{"id":8857,"date":"2021-11-11T13:53:57","date_gmt":"2021-11-11T11:53:57","guid":{"rendered":"https:\/\/tinychat.com\/?page_id=8857"},"modified":"2025-07-16T14:57:09","modified_gmt":"2025-07-16T12:57:09","slug":"teen-chat","status":"publish","type":"page","link":"https:\/\/tinychat.com\/tr\/teen-chat\/","title":{"rendered":"Gen\u00e7 Sohbet"},"content":{"rendered":"<p>G\u00fcn\u00fcm\u00fcz\u00fcn dijital d\u00fcnyas\u0131nda, gen\u00e7 sohbeti gen\u00e7lerin yeni arkada\u015flarla tan\u0131\u015fmas\u0131, hikayelerini payla\u015fmas\u0131, tavsiye almas\u0131 ve sadece e\u011flenmesi i\u00e7in en pop\u00fcler ve heyecan verici yollardan biri haline geldi - hepsi de ev konforunda. \u0130lgi alanlar\u0131n\u0131z hakk\u0131nda konu\u015fmak, grup sohbetlerine kat\u0131lmak veya hatta di\u011fer gen\u00e7lerle g\u00fcvenli g\u00f6r\u00fcnt\u00fcl\u00fc sohbeti denemek i\u00e7in bir yer ar\u0131yorsan\u0131z, sizin i\u00e7in bir sohbet odas\u0131 veya uygulamas\u0131 var.<\/p>\n<p>Ancak gen\u00e7 sohbeti ba\u011flant\u0131 kurmak i\u00e7in harika olsa da, nereye gidece\u011finizi, ne bekleyece\u011finizi ve kendinizi nas\u0131l g\u00fcvende tutaca\u011f\u0131n\u0131z\u0131 bilmek \u00f6nemlidir. Bu k\u0131lavuz bilmeniz gereken her \u015feyi kaps\u0131yor: en iyi \u00fccretsiz gen\u00e7 sohbet siteleri ve uygulamalar\u0131, gen\u00e7lerin neden \u00e7evrimi\u00e7i sohbet etmeyi sevdi\u011fi, kalabal\u0131\u011f\u0131n\u0131z\u0131 nas\u0131l bulaca\u011f\u0131n\u0131z ve deneyiminizin her zaman olumlu olmas\u0131n\u0131 sa\u011flamak i\u00e7in ak\u0131ll\u0131 ipu\u00e7lar\u0131.<\/p>\n<h2>Gen\u00e7 Sohbeti Nedir ve Neden Bu Kadar Pop\u00fclerdir?<\/h2>\n<p>Gen\u00e7 sohbeti, gen\u00e7lerin kendi ya\u015flar\u0131ndaki di\u011fer insanlarla ba\u011flant\u0131 kurabilece\u011fi ve konu\u015fabilece\u011fi herhangi bir \u00e7evrimi\u00e7i sohbet hizmetidir (metin, ses veya video). \u00c7o\u011funlukla zaten tan\u0131d\u0131\u011f\u0131n\u0131z insanlarla konu\u015ftu\u011funuz geleneksel sosyal medyan\u0131n aksine, gen\u00e7 sohbet odalar\u0131 ve uygulamalar\u0131 yabanc\u0131larla tan\u0131\u015fman\u0131za, gruplara kat\u0131lman\u0131za ve istedi\u011finiz her \u015fey hakk\u0131nda a\u00e7\u0131k\u00e7a konu\u015fman\u0131za olanak tan\u0131r.<\/p>\n<p>Neden bu kadar pop\u00fcler?<\/p>\n<ul>\n<li>An\u0131nda ve kolay: Bir sohbete kat\u0131lmak ve konu\u015fmaya ba\u015flamak i\u00e7in tonlarca takip\u00e7iye veya arkada\u015fa ihtiyac\u0131n\u0131z yok.<\/li>\n<li>Yeni insanlarla tan\u0131\u015f\u0131n: Okulunuzdan, \u015fehrinizden, \u00fclkenizden ve hatta d\u00fcnyan\u0131n d\u00f6rt bir yan\u0131ndan gen\u00e7lerle ba\u011flant\u0131 kurun.<\/li>\n<li>Toplulu\u011funuzu bulun: M\u00fczik, oyun, sanat, spor, ak\u0131l sa\u011fl\u0131\u011f\u0131, LGBTQ+ deste\u011fi ve \u00e7ok daha fazlas\u0131 gibi her ilgi alan\u0131na y\u00f6nelik odalar ve sunucular bulunmaktad\u0131r.<\/li>\n<li>Kendiniz olun: \u0130stedi\u011finiz kadar \u00e7ok veya az \u015fey payla\u015fabilirsiniz ve bazen hen\u00fcz tan\u0131mad\u0131\u011f\u0131n\u0131z insanlara a\u00e7\u0131lmak daha kolayd\u0131r.<\/li>\n<\/ul>\n<p>\u0130ster utanga\u00e7 ister d\u0131\u015fa d\u00f6n\u00fck, ister i\u00e7e d\u00f6n\u00fck ister d\u0131\u015fa d\u00f6n\u00fck olun, gen\u00e7 sohbet d\u00fcnyas\u0131nda herkes i\u00e7in bir yer vard\u0131r.<\/p>\n<h2>Gen\u00e7 Sohbet T\u00fcrleri: Metin, Ses ve Video<\/h2>\n<p>\u0130nsanlar gen\u00e7 sohbetinden bahsederken genellikle bu formatlardan birini (veya daha fazlas\u0131n\u0131) kastederler:<\/p>\n<ul>\n<li>Metin sohbet odalar\u0131: Ba\u011flant\u0131 kurman\u0131n en klasik yolu. Herkese a\u00e7\u0131k bir odada veya \u00f6zel DM'de sadece mesaj yaz\u0131n ve g\u00f6nderin.<\/li>\n<li>Sesli sohbet: Ger\u00e7ek sohbet i\u00e7in grup aramalar\u0131na veya \u00f6zel sesli sohbetlere atlay\u0131n.<\/li>\n<li>Gen\u00e7 g\u00f6r\u00fcnt\u00fcl\u00fc sohbet: Baz\u0131 platformlar gen\u00e7ler i\u00e7in g\u00fcvenli g\u00f6r\u00fcnt\u00fcl\u00fc sohbet sunarak \u00e7evrimi\u00e7i arkada\u015fl\u0131klara daha \"ger\u00e7ek\" bir his katar.<\/li>\n<li>Temal\u0131 sohbet odalar\u0131: Belirli konulara, oyunlara, m\u00fczi\u011fe, tavsiyelere veya yerel alanlara odaklanan alanlar bulun.<\/li>\n<\/ul>\n<p>\u00c7o\u011fu platform, metinle ba\u015flaman\u0131za ve kendinizi rahat hissetti\u011finizde ses veya videoyu denemenize izin veren bir kar\u0131\u015f\u0131m sunar.<\/p>\n<h2>En \u0130yi \u00dccretsiz Gen\u00e7 Sohbet Odalar\u0131 ve Uygulamalar\u0131<\/h2>\n<p>G\u00fcvenli bir \u015fekilde sohbet etmek ve ya\u015f\u0131tlar\u0131n\u0131zla tan\u0131\u015fmak i\u00e7in bir yer mi ar\u0131yorsunuz? \u0130\u015fte \u00fccretsiz gen\u00e7 sohbeti i\u00e7in en g\u00fcvenilir ve pop\u00fcler se\u00e7eneklerden baz\u0131lar\u0131:<\/p>\n<h3>1. Gen\u00e7 Sohbet (teen-chat.org)<\/h3>\n<p>\u00c7evrimi\u00e7i orijinal gen\u00e7 sohbet odalar\u0131ndan biri olan bu platform, 13-19 ya\u015f aras\u0131 i\u00e7in y\u00f6netilen odalar sunmaktad\u0131r. Tavsiye, oyun, m\u00fczik ve daha fazlas\u0131 i\u00e7in temal\u0131 odalar vard\u0131r. Kay\u0131t gerekmiyor, ancak moderat\u00f6rler i\u015fleri g\u00fcvende tutmak i\u00e7in aktif.<\/p>\n<h3>2. Discord (Gen\u00e7 Sunucular)<\/h3>\n<p>Discord, en \u00fcst d\u00fczey topluluk sohbet uygulamas\u0131d\u0131r. Yeti\u015fkinler ve di\u011fer gen\u00e7ler taraf\u0131ndan y\u00f6netilen, kat\u0131 ya\u015f kurallar\u0131 ve \u00f6zel odalar\u0131 olan do\u011frulanm\u0131\u015f \"gen\u00e7\" sunucular\u0131 aray\u0131n. Bir davet ba\u011flant\u0131s\u0131 ile kat\u0131labilir ve hemen hemen her ilgi alan\u0131 i\u00e7in gruplar bulabilirsiniz.<\/p>\n<h3>3. Amino<\/h3>\n<p>Bir\u00e7o\u011fu gen\u00e7ler i\u00e7in olmak \u00fczere y\u00fczlerce toplulu\u011fa (\"Amino\" olarak adland\u0131r\u0131l\u0131r) sahip bir sosyal uygulama. Metin sohbeti, grup forumlar\u0131 ve multimedya payla\u015f\u0131m\u0131 i\u00e7erir. Baz\u0131lar\u0131 herkese a\u00e7\u0131kken, di\u011ferleri yaln\u0131zca davetli veya \u00f6zeldir.<\/p>\n<h3>4. Chat Avenue (Gen\u00e7 Sohbet Odas\u0131)<\/h3>\n<p>\u00d6zel, denetlenen bir gen\u00e7 odas\u0131na sahip iyi bilinen bir sohbet sitesi. Kurallar a\u00e7\u0131k ve s\u0131k\u0131 bir \u015fekilde uygulan\u0131yor - grup sohbetleri veya insanlarla bire bir tan\u0131\u015fmak i\u00e7in harika.<\/p>\n<h3>5. Telegram ve Kik (Gen\u00e7 Gruplar\u0131)<\/h3>\n<p>Gen\u00e7lere \u00f6zel olmamakla birlikte, her iki uygulama da b\u00fcy\u00fck ve aktif gen\u00e7 topluluklar\u0131na sahiptir. Her zaman herkese a\u00e7\u0131k gruplar\u0131 kullan\u0131n ve DM'lerde ki\u015fisel bilgilerinizi payla\u015fmaktan ka\u00e7\u0131n\u0131n.<\/p>\n<h3>6. Snapchat Grup Sohbetleri<\/h3>\n<p>Snapchat genellikle arkada\u015flarla sohbet etmek i\u00e7in kullan\u0131l\u0131r, ancak ortak ilgi alanlar\u0131na sahip yeni insanlar bulman\u0131z\u0131 sa\u011flayan genel gruplar ve hikaye payla\u015fma \u00f6zellikleri vard\u0131r.<\/p>\n<blockquote><p>Not: Kulland\u0131\u011f\u0131n\u0131z herhangi bir uygulaman\u0131n mevcut g\u00fcvenlik itibar\u0131n\u0131 ve moderasyon uygulamalar\u0131n\u0131 her zaman kontrol edin.<\/p><\/blockquote>\n<h2>Gen\u00e7ler \u0130nternette Sohbet Etmeyi Neden Seviyor?<\/h2>\n<ul>\n<li>Kendinizi ifade etme \u00f6zg\u00fcrl\u00fc\u011f\u00fc: Bazen, \u00f6zellikle utanga\u00e7 veya farkl\u0131 hissediyorsan\u0131z, \u00e7evrimi\u00e7i olarak a\u00e7\u0131lmak daha kolayd\u0131r.<\/li>\n<li>Destek ve tavsiye: \u00c7evrimi\u00e7i arkada\u015flar zor zamanlarda b\u00fcy\u00fck bir cesaret kayna\u011f\u0131 olabilir - bir\u00e7ok gen\u00e7 sohbet yoluyla duygusal destek bulduklar\u0131n\u0131 s\u00f6yl\u00fcyor.<\/li>\n<li>Ortak ilgi alanlar\u0131: En sevdi\u011finiz m\u00fczikleri, animeleri, oyunlar\u0131 veya ya\u015fam deneyimlerini ger\u00e7ekten \"anlayan\" insanlar bulun.<\/li>\n<li>D\u00fcnya hakk\u0131nda bilgi edinin: Di\u011fer \u00fclkelerden gen\u00e7lerle tan\u0131\u015f\u0131n, yeni k\u00fclt\u00fcrler hakk\u0131nda bilgi edinin ve k\u00fcresel \u00e7apta arkada\u015flar edinin.<\/li>\n<li>Bask\u0131 yok: E\u011fer birinden ho\u015flanm\u0131yorsan\u0131z, sohbetten \u00e7\u0131k\u0131n ve ba\u015fka bir oda deneyin.<\/li>\n<\/ul>\n<h2>\u00c7evrimi\u00e7i Gen\u00e7 Sohbetine Nas\u0131l Ba\u015flan\u0131r<\/h2>\n<p>Basittir, ancak g\u00fcvenli ve olumlu bir deneyim i\u00e7in ak\u0131lda tutulmas\u0131 gereken birka\u00e7 \u015fey vard\u0131r:<\/p>\n<ol>\n<li>Sayg\u0131n bir platform se\u00e7in. G\u00fcvenlik kay\u0131tlar\u0131 zay\u0131f olan veya denetlenmeyen sitelerden veya uygulamalardan ka\u00e7\u0131n\u0131n.<\/li>\n<li>Bir takma ad veya kullan\u0131c\u0131 ad\u0131 olu\u015fturun. Ger\u00e7ek ad\u0131n\u0131z\u0131 kullanmay\u0131n. E\u011flenceli veya benzersiz bir \u015fey se\u00e7in.<\/li>\n<li>Ya\u015f\u0131n\u0131z\u0131 belirleyin veya ya\u015f\u0131n\u0131za uygun odalara kat\u0131l\u0131n. \u00c7o\u011fu site ya\u015f aral\u0131\u011f\u0131n\u0131z\u0131 belirtmenize izin verir.<\/li>\n<li>Kurallar\u0131 okuyun. Her sohbetin kurallar\u0131 vard\u0131r; yasaklanmaktan ka\u00e7\u0131nmak ve herkesi g\u00fcvende tutmak i\u00e7in bunlar\u0131 okuyun.<\/li>\n<li>Genel sohbet ile ba\u015flay\u0131n. \u00d6zel mesajla\u015fma iyidir, ancak her zaman \u00f6nce rahat olun ve i\u00e7g\u00fcd\u00fclerinize g\u00fcvenin.<\/li>\n<\/ol>\n<p>Haz\u0131rsan\u0131z, bir sohbet odas\u0131na atlay\u0131n, kendinizi tan\u0131t\u0131n ve konu\u015fmaya ba\u015flay\u0131n!<\/p>\n<h2>Gen\u00e7 Sohbet Odalar\u0131 ve Uygulamalar\u0131nda G\u00fcvende Kalmak<\/h2>\n<p>G\u00fcvenlik her zaman \u00f6nce gelir. \u0130\u015fte arkada\u015f edinirken kendinizi nas\u0131l koruyaca\u011f\u0131n\u0131z:<\/p>\n<ul>\n<li>Ger\u00e7ek ad\u0131n\u0131z\u0131, adresinizi, okulunuzu, telefon numaran\u0131z\u0131 veya sosyal medya hesaplar\u0131n\u0131z\u0131 asla yabanc\u0131larla payla\u015fmay\u0131n.<\/li>\n<li>\u00d6zel foto\u011fraf veya video g\u00f6ndermeyin. Birisi g\u00fcvenilir g\u00f6r\u00fcnse bile.<\/li>\n<li>Yan\u0131n\u0131zda ebeveyniniz veya g\u00fcvendi\u011finiz bir yeti\u015fkin olmad\u0131\u011f\u0131 s\u00fcrece insanlarla ger\u00e7ek hayatta bulu\u015fmaktan ka\u00e7\u0131n\u0131n.<\/li>\n<li>\"Ger\u00e7ek olamayacak kadar iyi\" hikayelere dikkat edin - baz\u0131 insanlar internette yalan s\u00f6yleyebilir veya abartabilir.<\/li>\n<li>Sizi rahats\u0131z eden herkesi rapor edin ve engelleyin. Moderat\u00f6rler yard\u0131m etmek i\u00e7in oradalar.<\/li>\n<li>\u00c7evrimi\u00e7i bir konuda kendinizi bask\u0131 alt\u0131nda hissederseniz veya endi\u015felenirseniz bir ebeveyn veya yeti\u015fkinle konu\u015fun.<\/li>\n<\/ul>\n<p>Bir\u00e7ok uygulama raporlama ve engelleme \u00f6zellikleri sunar; gerekti\u011finde bunlar\u0131 kullan\u0131n.<\/p>\n<h2>Sizin \u0130\u00e7in Do\u011fru Gen\u00e7 Sohbet Odas\u0131n\u0131 Nas\u0131l Bulursunuz?<\/h2>\n<ul>\n<li>\u0130lgi alan\u0131na dayal\u0131 odalar: Oyun, anime, m\u00fczik veya sanat sever misiniz? \u0130lgi alanlar\u0131n\u0131za adanm\u0131\u015f temal\u0131 sunucular\u0131 veya sohbet odalar\u0131n\u0131 aray\u0131n.<\/li>\n<li>Yerel sohbet: Baz\u0131 platformlar \u015fehir veya \u00fclke bazl\u0131 odalar sunar, b\u00f6ylece yak\u0131n\u0131n\u0131zdaki insanlarla tan\u0131\u015fabilirsiniz (ev \u00f6devi yard\u0131m\u0131 veya yerel tavsiye i\u00e7in harika).<\/li>\n<li>Destek gruplar\u0131: Okul, ili\u015fkiler veya ruh sa\u011fl\u0131\u011f\u0131n\u0131zla ilgili sorunlar\u0131n\u0131z varsa, akran destek sohbetleri veya yard\u0131m hatlar\u0131n\u0131 aray\u0131n.<\/li>\n<li>K\u00fc\u00e7\u00fck grup sohbetleri: B\u00fcy\u00fck odalar bunalt\u0131c\u0131 geliyorsa, daha yak\u0131n bir topluluk i\u00e7in daha k\u00fc\u00e7\u00fck, yaln\u0131zca davet edilen gruplar\u0131 deneyin.<\/li>\n<\/ul>\n<p>Do\u011fru uyumu bulana kadar denemeler yap\u0131n-herkes farkl\u0131d\u0131r!<\/p>\n<h2>Gen\u00e7 Sohbet Odalar\u0131nda Ne Hakk\u0131nda Konu\u015fabilirsiniz?<\/h2>\n<p>En iyi k\u0131sm\u0131 m\u0131? Kurallara uydu\u011funuz s\u00fcrece neredeyse her \u015fey hakk\u0131nda konu\u015fabilirsiniz:<\/p>\n<ul>\n<li>Favori m\u00fczik, film ve TV \u015fovlar\u0131<\/li>\n<li>Okul ve ders \u00e7al\u0131\u015fma ipu\u00e7lar\u0131<\/li>\n<li>Hayat hileleri, komik hikayeler ve memler<\/li>\n<li>Stres, kayg\u0131 veya zor g\u00fcnlerle ba\u015fa \u00e7\u0131kmak<\/li>\n<li>Yarat\u0131c\u0131 hobiler-sanat, yaz\u0131 veya oyun ba\u015far\u0131lar\u0131n\u0131z\u0131 payla\u015f\u0131n<\/li>\n<li>Arkada\u015fl\u0131klar, fl\u00f6rtler veya ailevi konular hakk\u0131nda tavsiyeler<\/li>\n<li>Gelecek hayalleri, seyahat planlar\u0131 ve harika deneyimler<\/li>\n<\/ul>\n<p>\u0130lk ba\u015fta utanga\u00e7san\u0131z endi\u015felenmeyin. \u00c7o\u011fu gen\u00e7 ba\u015flad\u0131\u011f\u0131nda biraz gergin olur, ancak daha fazla sohbet ettik\u00e7e kolayla\u015f\u0131r.<\/p>\n<h2>Gen\u00e7 G\u00f6r\u00fcnt\u00fcl\u00fc Sohbet: G\u00fcvenli mi?<\/h2>\n<p>Baz\u0131 platformlar daha da ger\u00e7ek bir ba\u011flant\u0131 i\u00e7in gen\u00e7lere g\u00f6r\u00fcnt\u00fcl\u00fc sohbet imkan\u0131 sunar. E\u011fer denerseniz, bu ipu\u00e7lar\u0131n\u0131 takip edin:<\/p>\n<ul>\n<li>Yaln\u0131zca g\u00fcvenilir, denetlenen uygulamalar\u0131 kullan\u0131n.<\/li>\n<li>Web kameran\u0131z\u0131n arka plan\u0131n\u0131 gizli tutun (odan\u0131z\u0131, okulunuzu vb. g\u00f6stermekten ka\u00e7\u0131n\u0131n).<\/li>\n<li>Rahats\u0131zsan\u0131z kameran\u0131z\u0131 a\u00e7mak i\u00e7in kendinizi bask\u0131 alt\u0131nda hissetmeyin.<\/li>\n<li>Sohbetleri asla kaydetmeyin veya platform d\u0131\u015f\u0131nda payla\u015fmay\u0131n.<\/li>\n<li>Uygunsuz davran\u0131\u015flar\u0131 her zaman derhal bildirin.<\/li>\n<\/ul>\n<p>G\u00f6r\u00fcnt\u00fcl\u00fc sohbet e\u011flenceli ve samimi olabilir, ancak her zaman g\u00fcvenli\u011finizi ve rahat\u0131n\u0131z\u0131 \u00f6n planda tutun.<\/p>\n<h2>Gen\u00e7 Sohbeti vs Sosyal Medya ve Di\u011fer Se\u00e7enekler<\/h2>\n<table>\n<thead>\n<tr>\n<th>\u00d6zellik<\/th>\n<th>Gen\u00e7 Sohbet Odalar\u0131<\/th>\n<th>Sosyal Medya<\/th>\n<th>Grup Sohbetleri<\/th>\n<th>Mesajla\u015fma Uygulamalar\u0131<\/th>\n<\/tr>\n<\/thead>\n<tbody>\n<tr>\n<td>Ya\u015f odakl\u0131 g\u00fcvenlik<\/td>\n<td>\u2705<\/td>\n<td>\u274c<\/td>\n<td>\u274c<\/td>\n<td>\u274c<\/td>\n<\/tr>\n<tr>\n<td>Anonim profiller<\/td>\n<td>\u2705<\/td>\n<td>\u274c<\/td>\n<td>\u274c<\/td>\n<td>\u2705<\/td>\n<\/tr>\n<tr>\n<td>Ger\u00e7ek zamanl\u0131 e\u015fle\u015ftirme<\/td>\n<td>\u2705<\/td>\n<td>\u274c<\/td>\n<td>\u2705<\/td>\n<td>\u2705<\/td>\n<\/tr>\n<tr>\n<td>Grup veya bire bir<\/td>\n<td>\u2705<\/td>\n<td>\u2705<\/td>\n<td>\u2705<\/td>\n<td>\u2705<\/td>\n<\/tr>\n<tr>\n<td>\u0130lgi alan\u0131na dayal\u0131 odalar<\/td>\n<td>\u2705<\/td>\n<td>\u2705<\/td>\n<td>\u2705<\/td>\n<td>\u2705<\/td>\n<\/tr>\n<tr>\n<td>Moderasyon<\/td>\n<td>\u2705<\/td>\n<td>\u274c\/\u2705<\/td>\n<td>\u2705<\/td>\n<td>\u274c<\/td>\n<\/tr>\n<tr>\n<td>Kullan\u0131m\u0131 \u00fccretsiz<\/td>\n<td>\u2705<\/td>\n<td>\u2705<\/td>\n<td>\u2705<\/td>\n<td>\u2705<\/td>\n<\/tr>\n<\/tbody>\n<\/table>\n<p>Gen\u00e7 sohbeti, ger\u00e7ek konu\u015fmalar i\u00e7in genel sosyal medyadan genellikle daha g\u00fcvenli ve daha misafirperverdir.<\/p>\n<h2>Ebeveynler \u0130\u00e7in: \u00c7ocu\u011funuzun \u0130nternette G\u00fcvende Kalmas\u0131na Yard\u0131mc\u0131 Olmak<\/h2>\n<p>E\u011fer bir ebeveynseniz, \u00e7ocu\u011funuzun yabanc\u0131larla sohbet etmesi konusunda biraz endi\u015feli hissetmeniz do\u011fald\u0131r. \u00c7evrimi\u00e7i g\u00fcvenlik hakk\u0131nda a\u00e7\u0131k konu\u015fmalar \u00e7ok \u00f6nemlidir. \u0130\u015fte size birka\u00e7 ipucu:<\/p>\n<ul>\n<li>\u00c7ocu\u011funuzun kulland\u0131\u011f\u0131 uygulamalar\u0131 ve bunlar\u0131 neden sevdiklerini sorun.<\/li>\n<li>Ki\u015fisel bilgi ve foto\u011fraf payla\u015f\u0131m\u0131 konusunda net s\u0131n\u0131rlar belirleyin.<\/li>\n<li>\u00c7ocu\u011funuz kendini rahats\u0131z veya bask\u0131 alt\u0131nda hissederse size gelmesini te\u015fvik edin.<\/li>\n<li>Birlikte raporlama\/engelleme \u00f6zellikleri hakk\u0131nda bilgi edinin.<\/li>\n<li>\u00d6zellikle k\u00fc\u00e7\u00fck ya\u015ftaki gen\u00e7ler i\u00e7in bilgisayarlar\u0131 veya cihazlar\u0131 ortak alanlarda tutun.<\/li>\n<\/ul>\n<p>Gen\u00e7ler sizin destekleyici oldu\u011funuzu (sadece kontrolc\u00fc de\u011fil) bildiklerinde, endi\u015felerini payla\u015fma olas\u0131l\u0131klar\u0131 daha y\u00fcksektir.<\/p>\n<p>Gen\u00e7 sohbeti, \u00e7evrimi\u00e7i zaman \u00f6ld\u00fcrmenin bir yolundan daha fazlas\u0131d\u0131r - ger\u00e7ek arkada\u015flar edinme, destek bulma ve kendiniz ve ba\u015fkalar\u0131 hakk\u0131nda bilgi edinme \u015fans\u0131d\u0131r. \u0130ster h\u0131zl\u0131 grup sohbetlerinden, ister sessiz DM'lerden, hatta ister g\u00fcvenli video g\u00f6r\u00fc\u015fmelerinden ho\u015flan\u0131yor olun, sizin i\u00e7in m\u00fckemmel bir platform var.<\/p>\n<p>Unutmay\u0131n: e\u011flenin, nazik olun, ak\u0131ll\u0131 kal\u0131n ve kendinize ve arkada\u015flar\u0131n\u0131za dikkat edin. \u0130nternet harika insanlarla dolu - bir sonraki en iyi arkada\u015f\u0131n\u0131z, \u00e7al\u0131\u015fma arkada\u015f\u0131n\u0131z veya favori grubunuz bir sonraki sohbet odas\u0131nda sizi bekliyor olabilir.<\/p>\n<p>Denemeye haz\u0131r m\u0131s\u0131n\u0131z? Bug\u00fcn \u00fccretsiz bir gen\u00e7 sohbet odas\u0131na veya uygulamas\u0131na girin ve kimlerle tan\u0131\u015faca\u011f\u0131n\u0131z\u0131 g\u00f6r\u00fcn!<\/p>","protected":false},"excerpt":{"rendered":"<p>In today\u2019s digital world, teen chat has become one of the most popular and exciting ways for young people to meet new friends, share stories, get advice, and just have fun\u2014all from the comfort of home. Whether you\u2019re looking for a place to talk about your interests, join group chats, or even try safe video [&hellip;]<\/p>\n","protected":false},"author":8,"featured_media":0,"parent":0,"menu_order":0,"comment_status":"closed","ping_status":"closed","template":"","meta":{"footnotes":""},"class_list":["post-8857","page","type-page","status-publish","hentry"],"yoast_head":"<!-- This site is optimized with the Yoast SEO plugin v27.4 - https:\/\/yoast.com\/product\/yoast-seo-wordpress\/ -->\n<title>Teen Chat with Video Chat on TinyChat.com<\/title>\n<meta name=\"description\" content=\"Enjoying Teen Chat? Join over 50,000,000 strangers on TinyChat! Turn on your cam and start meeting new people, or find a match.\" \/>\n<meta name=\"robots\" content=\"index, follow, max-snippet:-1, max-image-preview:large, max-video-preview:-1\" \/>\n<link rel=\"canonical\" href=\"https:\/\/tinychat.com\/tr\/teen-chat\/\" \/>\n<meta property=\"og:locale\" content=\"tr_TR\" \/>\n<meta property=\"og:type\" content=\"article\" \/>\n<meta property=\"og:title\" content=\"Teen Chat with Video Chat on TinyChat.com\" \/>\n<meta property=\"og:description\" content=\"Enjoying Teen Chat? Join over 50,000,000 strangers on TinyChat! Turn on your cam and start meeting new people, or find a match.\" \/>\n<meta property=\"og:url\" content=\"https:\/\/tinychat.com\/tr\/teen-chat\/\" \/>\n<meta property=\"og:site_name\" content=\"TinyChat\" \/>\n<meta property=\"article:publisher\" content=\"https:\/\/www.facebook.com\/tinychat\" \/>\n<meta property=\"article:modified_time\" content=\"2025-07-16T12:57:09+00:00\" \/>\n<meta property=\"og:image\" content=\"https:\/\/tinychat.com\/wp-content\/uploads\/2020\/04\/Tinychat-logo-1280x284-new-black.png\" \/>\n\t<meta property=\"og:image:width\" content=\"1280\" \/>\n\t<meta property=\"og:image:height\" content=\"284\" \/>\n\t<meta property=\"og:image:type\" content=\"image\/png\" \/>\n<meta name=\"twitter:card\" content=\"summary_large_image\" \/>\n<meta name=\"twitter:site\" content=\"@tinychat\" \/>\n<meta name=\"twitter:label1\" content=\"Tahmini okuma s\u00fcresi\" \/>\n\t<meta name=\"twitter:data1\" content=\"7 dakika\" \/>\n<script type=\"application\/ld+json\" class=\"yoast-schema-graph\">{\"@context\":\"https:\\\/\\\/schema.org\",\"@graph\":[{\"@type\":\"WebPage\",\"@id\":\"https:\\\/\\\/tinychat.com\\\/teen-chat\\\/\",\"url\":\"https:\\\/\\\/tinychat.com\\\/teen-chat\\\/\",\"name\":\"Teen Chat with Video Chat on TinyChat.com\",\"isPartOf\":{\"@id\":\"https:\\\/\\\/tinychat.com\\\/#website\"},\"datePublished\":\"2021-11-11T11:53:57+00:00\",\"dateModified\":\"2025-07-16T12:57:09+00:00\",\"description\":\"Enjoying Teen Chat? Join over 50,000,000 strangers on TinyChat! Turn on your cam and start meeting new people, or find a match.\",\"breadcrumb\":{\"@id\":\"https:\\\/\\\/tinychat.com\\\/teen-chat\\\/#breadcrumb\"},\"inLanguage\":\"tr\",\"potentialAction\":[{\"@type\":\"ReadAction\",\"target\":[\"https:\\\/\\\/tinychat.com\\\/teen-chat\\\/\"]}]},{\"@type\":\"BreadcrumbList\",\"@id\":\"https:\\\/\\\/tinychat.com\\\/teen-chat\\\/#breadcrumb\",\"itemListElement\":[{\"@type\":\"ListItem\",\"position\":1,\"name\":\"Home\",\"item\":\"https:\\\/\\\/tinychat.com\\\/\"},{\"@type\":\"ListItem\",\"position\":2,\"name\":\"Teen Chat\"}]},{\"@type\":\"WebSite\",\"@id\":\"https:\\\/\\\/tinychat.com\\\/#website\",\"url\":\"https:\\\/\\\/tinychat.com\\\/\",\"name\":\"TinyChat\",\"description\":\"Random Video Chat with Strangers\",\"publisher\":{\"@id\":\"https:\\\/\\\/tinychat.com\\\/#organization\"},\"alternateName\":\"TinyChat.com\",\"potentialAction\":[{\"@type\":\"SearchAction\",\"target\":{\"@type\":\"EntryPoint\",\"urlTemplate\":\"https:\\\/\\\/tinychat.com\\\/?s={search_term_string}\"},\"query-input\":{\"@type\":\"PropertyValueSpecification\",\"valueRequired\":true,\"valueName\":\"search_term_string\"}}],\"inLanguage\":\"tr\"},{\"@type\":\"Organization\",\"@id\":\"https:\\\/\\\/tinychat.com\\\/#organization\",\"name\":\"TinyChat\",\"alternateName\":\"TinyChat.com\",\"url\":\"https:\\\/\\\/tinychat.com\\\/\",\"logo\":{\"@type\":\"ImageObject\",\"inLanguage\":\"tr\",\"@id\":\"https:\\\/\\\/tinychat.com\\\/#\\\/schema\\\/logo\\\/image\\\/\",\"url\":\"https:\\\/\\\/tinychat.com\\\/wp-content\\\/uploads\\\/2023\\\/11\\\/Tinychat-icon-square.png\",\"contentUrl\":\"https:\\\/\\\/tinychat.com\\\/wp-content\\\/uploads\\\/2023\\\/11\\\/Tinychat-icon-square.png\",\"width\":284,\"height\":284,\"caption\":\"TinyChat\"},\"image\":{\"@id\":\"https:\\\/\\\/tinychat.com\\\/#\\\/schema\\\/logo\\\/image\\\/\"},\"sameAs\":[\"https:\\\/\\\/www.facebook.com\\\/tinychat\",\"https:\\\/\\\/x.com\\\/tinychat\"]}]}<\/script>\n<!-- \/ Yoast SEO plugin. -->","yoast_head_json":{"title":"TinyChat.com'da G\u00f6r\u00fcnt\u00fcl\u00fc Sohbet ile Gen\u00e7 Sohbet","description":"Gen\u00e7 Sohbetini mi seviyorsun? TinyChat'de 50.000.000'dan fazla yabanc\u0131ya kat\u0131l\u0131n! Kameran\u0131z\u0131 a\u00e7\u0131n ve yeni insanlarla tan\u0131\u015fmaya ba\u015flay\u0131n veya bir e\u015fle\u015fme bulun.","robots":{"index":"index","follow":"follow","max-snippet":"max-snippet:-1","max-image-preview":"max-image-preview:large","max-video-preview":"max-video-preview:-1"},"canonical":"https:\/\/tinychat.com\/tr\/teen-chat\/","og_locale":"tr_TR","og_type":"article","og_title":"Teen Chat with Video Chat on TinyChat.com","og_description":"Enjoying Teen Chat? Join over 50,000,000 strangers on TinyChat! Turn on your cam and start meeting new people, or find a match.","og_url":"https:\/\/tinychat.com\/tr\/teen-chat\/","og_site_name":"TinyChat","article_publisher":"https:\/\/www.facebook.com\/tinychat","article_modified_time":"2025-07-16T12:57:09+00:00","og_image":[{"width":1280,"height":284,"url":"https:\/\/tinychat.com\/wp-content\/uploads\/2020\/04\/Tinychat-logo-1280x284-new-black.png","type":"image\/png"}],"twitter_card":"summary_large_image","twitter_site":"@tinychat","twitter_misc":{"Tahmini okuma s\u00fcresi":"7 dakika"},"schema":{"@context":"https:\/\/schema.org","@graph":[{"@type":"WebPage","@id":"https:\/\/tinychat.com\/teen-chat\/","url":"https:\/\/tinychat.com\/teen-chat\/","name":"TinyChat.com'da G\u00f6r\u00fcnt\u00fcl\u00fc Sohbet ile Gen\u00e7 Sohbet","isPartOf":{"@id":"https:\/\/tinychat.com\/#website"},"datePublished":"2021-11-11T11:53:57+00:00","dateModified":"2025-07-16T12:57:09+00:00","description":"Gen\u00e7 Sohbetini mi seviyorsun? TinyChat'de 50.000.000'dan fazla yabanc\u0131ya kat\u0131l\u0131n! Kameran\u0131z\u0131 a\u00e7\u0131n ve yeni insanlarla tan\u0131\u015fmaya ba\u015flay\u0131n veya bir e\u015fle\u015fme bulun.","breadcrumb":{"@id":"https:\/\/tinychat.com\/teen-chat\/#breadcrumb"},"inLanguage":"tr","potentialAction":[{"@type":"ReadAction","target":["https:\/\/tinychat.com\/teen-chat\/"]}]},{"@type":"BreadcrumbList","@id":"https:\/\/tinychat.com\/teen-chat\/#breadcrumb","itemListElement":[{"@type":"ListItem","position":1,"name":"Home","item":"https:\/\/tinychat.com\/"},{"@type":"ListItem","position":2,"name":"Teen Chat"}]},{"@type":"WebSite","@id":"https:\/\/tinychat.com\/#website","url":"https:\/\/tinychat.com\/","name":"TinyChat","description":"Yabanc\u0131larla Rastgele G\u00f6r\u00fcnt\u00fcl\u00fc Sohbet","publisher":{"@id":"https:\/\/tinychat.com\/#organization"},"alternateName":"TinyChat.com","potentialAction":[{"@type":"SearchAction","target":{"@type":"EntryPoint","urlTemplate":"https:\/\/tinychat.com\/?s={search_term_string}"},"query-input":{"@type":"PropertyValueSpecification","valueRequired":true,"valueName":"search_term_string"}}],"inLanguage":"tr"},{"@type":"Organization","@id":"https:\/\/tinychat.com\/#organization","name":"TinyChat","alternateName":"TinyChat.com","url":"https:\/\/tinychat.com\/","logo":{"@type":"ImageObject","inLanguage":"tr","@id":"https:\/\/tinychat.com\/#\/schema\/logo\/image\/","url":"https:\/\/tinychat.com\/wp-content\/uploads\/2023\/11\/Tinychat-icon-square.png","contentUrl":"https:\/\/tinychat.com\/wp-content\/uploads\/2023\/11\/Tinychat-icon-square.png","width":284,"height":284,"caption":"TinyChat"},"image":{"@id":"https:\/\/tinychat.com\/#\/schema\/logo\/image\/"},"sameAs":["https:\/\/www.facebook.com\/tinychat","https:\/\/x.com\/tinychat"]}]}},"_links":{"self":[{"href":"https:\/\/tinychat.com\/tr\/wp-json\/wp\/v2\/pages\/8857","targetHints":{"allow":["GET"]}}],"collection":[{"href":"https:\/\/tinychat.com\/tr\/wp-json\/wp\/v2\/pages"}],"about":[{"href":"https:\/\/tinychat.com\/tr\/wp-json\/wp\/v2\/types\/page"}],"author":[{"embeddable":true,"href":"https:\/\/tinychat.com\/tr\/wp-json\/wp\/v2\/users\/8"}],"replies":[{"embeddable":true,"href":"https:\/\/tinychat.com\/tr\/wp-json\/wp\/v2\/comments?post=8857"}],"version-history":[{"count":2,"href":"https:\/\/tinychat.com\/tr\/wp-json\/wp\/v2\/pages\/8857\/revisions"}],"predecessor-version":[{"id":13334,"href":"https:\/\/tinychat.com\/tr\/wp-json\/wp\/v2\/pages\/8857\/revisions\/13334"}],"wp:attachment":[{"href":"https:\/\/tinychat.com\/tr\/wp-json\/wp\/v2\/media?parent=8857"}],"curies":[{"name":"wp","href":"https:\/\/api.w.org\/{rel}","templated":true}]}}