{"id":9038,"date":"2025-08-14T09:37:31","date_gmt":"2025-08-14T07:37:31","guid":{"rendered":"https:\/\/tinychat.com\/?page_id=9038"},"modified":"2025-08-14T09:58:55","modified_gmt":"2025-08-14T07:58:55","slug":"free-online-chat","status":"publish","type":"page","link":"https:\/\/tinychat.com\/tr\/free-online-chat\/","title":{"rendered":"\u00dccretsiz Online Sohbet"},"content":{"rendered":"<p>\u00c7o\u011fu sosyal platformun algoritmalara, be\u011fenilere ve sonsuz kayd\u0131rmaya ba\u011fl\u0131 oldu\u011fu bir \u00e7a\u011fda, \u00fccretsiz \u00e7evrimi\u00e7i sohbet canland\u0131r\u0131c\u0131 derecede basit bir \u015fey sunar - ger\u00e7ek sohbet. \u0130ster zaman ge\u00e7irmek, ister ba\u015fka bir \u00fclkeden biriyle tan\u0131\u015fmak, ilgi alanlar\u0131n\u0131 payla\u015fmak veya sadece merhaba demek i\u00e7in olsun, bu sohbet platformlar\u0131 size d\u00fcnyan\u0131n her yerinden insanlara an\u0131nda eri\u015fim sa\u011flar.<\/p>\n<p>Hepsinden iyisi mi? Ba\u015flamak i\u00e7in tek kuru\u015f harcaman\u0131za veya karma\u015f\u0131k bir yaz\u0131l\u0131m indirmenize gerek yok.<\/p>\n<h2>\u00dccretsiz Online Sohbet Nedir?<\/h2>\n<p>\u00dccretsiz \u00e7evrimi\u00e7i sohbet, herhangi bir \u00fccret \u00f6demeden metin, ses veya video arac\u0131l\u0131\u011f\u0131yla ba\u015fkalar\u0131yla an\u0131nda ba\u011flant\u0131 kurman\u0131z\u0131 sa\u011flayan bir hizmettir. Konsept basittir: bir sohbet odas\u0131na veya bire bir sohbete kat\u0131l\u0131r ve konu\u015fmaya ba\u015flars\u0131n\u0131z. Bir\u00e7ok platform kay\u0131t gerektirmez, yani saniyeler i\u00e7inde sohbet etmeye ba\u015flayabilirsiniz.<\/p>\n<p>Siteye veya uygulamaya ba\u011fl\u0131 olarak, \u00fccretsiz \u00e7evrimi\u00e7i sohbet deneyiminiz farkl\u0131 \u015fekillerde olabilir:<\/p>\n<ul>\n<li>Yaln\u0131zca metin sohbet odalar\u0131 - H\u0131zl\u0131, anonim sohbet i\u00e7in harika.<\/li>\n<li>G\u00f6r\u00fcnt\u00fcl\u00fc sohbet - Y\u00fcz y\u00fcze g\u00f6r\u00fc\u015fmeden y\u00fcz y\u00fcze etkile\u015fim.<\/li>\n<li>Sesli sohbet - Kamera kullanmadan konu\u015fmay\u0131 tercih ediyorsan\u0131z m\u00fckemmeldir.<\/li>\n<li>Grup sohbeti alanlar\u0131 - Belirli konular veya ilgi alanlar\u0131 etraf\u0131nda sohbetlere kat\u0131l\u0131n.<\/li>\n<\/ul>\n<h2>\u0130nsanlar Neden Sosyal Medya Yerine \u00dccretsiz \u00c7evrimi\u00e7i Sohbeti Se\u00e7iyor?<\/h2>\n<p>Sosyal medya milyarlarca insan\u0131 birbirine ba\u011flayabilir, ancak ki\u015fisel olmaktan uzakt\u0131r. \u00d6te yandan, \u00fccretsiz \u00e7evrimi\u00e7i sohbet, bir profil veya takip\u00e7i say\u0131s\u0131n\u0131 koruma bask\u0131s\u0131 olmadan do\u011frudan, ger\u00e7ek zamanl\u0131 konu\u015fma ile ilgilidir.<\/p>\n<p>\u0130\u015fte bu y\u00fczden bu kadar \u00e7ekici:<\/p>\n<ul>\n<li>An\u0131nda ba\u011flant\u0131 - Bir arkada\u015fl\u0131k iste\u011finin kabul edilmesini beklemek yok.<\/li>\n<li>Algoritma yok - Sohbetler ger\u00e7ek zamanl\u0131 olarak ger\u00e7ekle\u015fir, bir ak\u0131\u015f taraf\u0131ndan filtrelenmez.<\/li>\n<li>Gizlilik - \u0130stemiyorsan\u0131z kimli\u011finizi a\u00e7\u0131klaman\u0131za gerek yok.<\/li>\n<li>\u00c7e\u015fitlilik - Farkl\u0131 \u00fclkelerden, k\u00fclt\u00fcrlerden ve ge\u00e7mi\u015flerden gelen insanlarla konu\u015fun.<\/li>\n<li>\u00c7e\u015fitlilik - S\u0131radan sohbetlerden derin tart\u0131\u015fmalara kadar, tonu siz belirlersiniz.<\/li>\n<\/ul>\n<h2>\u00dccretsiz Online Sohbet Nas\u0131l \u00c7al\u0131\u015f\u0131r?<\/h2>\n<p>Ba\u015flamak d\u00fc\u015f\u00fcnd\u00fc\u011f\u00fcn\u00fczden daha kolayd\u0131r. \u0130\u015fte tipik s\u00fcre\u00e7:<\/p>\n<ol>\n<li>Bir platform se\u00e7in - Se\u00e7enekler, \u00f6zel \u00fccretsiz \u00e7evrimi\u00e7i sohbet odalar\u0131ndan TinyChat, Chatspin ve CooMeet gibi g\u00f6r\u00fcnt\u00fcl\u00fc sohbet sitelerine kadar uzan\u0131r.<\/li>\n<li>Tarz\u0131n\u0131za karar verin - Metin mi, sesli mi yoksa g\u00f6r\u00fcnt\u00fcl\u00fc sohbet mi istiyorsunuz?<\/li>\n<li>An\u0131nda kat\u0131l\u0131n - Bir\u00e7ok site kay\u0131t gerektirmez - sadece \"Ba\u015flat \"a t\u0131klay\u0131n ve ba\u011flan\u0131n.<\/li>\n<li>Kat\u0131l\u0131n veya devam edin - Ho\u015funuza giden bir sohbete devam edin veya istedi\u011finiz zaman yeni bir sohbete ge\u00e7in.<\/li>\n<\/ol>\n<h2>\u00dccretsiz Online Sohbet Platformlar\u0131n\u0131n T\u00fcrleri<\/h2>\n<p>T\u00fcm \u00fccretsiz \u00e7evrimi\u00e7i sohbet hizmetleri ayn\u0131 de\u011fildir. \u0130\u015fte ana stiller:<\/p>\n<h3>1. \u00dccretsiz Online Sohbet Odalar\u0131<\/h3>\n<p>Bunlar, birden fazla ki\u015finin ger\u00e7ek zamanl\u0131 olarak mesaj yazabildi\u011fi dijital alanlard\u0131r. Herkese a\u00e7\u0131k olabilirler veya m\u00fczik, oyun veya seyahat gibi konulara odaklanabilirler.<\/p>\n<h3>2. Bire Bir \u00dccretsiz Online Sohbet<\/h3>\n<p>Do\u011frudan mesajla\u015fmaya benzer, ancak yabanc\u0131larla. Bu, yaln\u0131zca metin olabilir veya video ve ses i\u00e7erebilir.<\/p>\n<h3>3. \u00dccretsiz Rastgele Sohbet<\/h3>\n<p>Yeni biriyle tan\u0131\u015fman\u0131n tamamen filtrelenmemi\u015f bir yolu, genellikle sizi d\u00fcnyan\u0131n herhangi bir yerindeki rastgele bir kullan\u0131c\u0131yla e\u015fle\u015ftirir. Yeni bir ki\u015fiyi an\u0131nda atlayabilir ve ona ba\u011flanabilirsiniz.<\/p>\n<h3>4. \u00dccretsiz Online G\u00f6r\u00fcnt\u00fcl\u00fc Sohbet<\/h3>\n<p>Y\u00fcz y\u00fcze ileti\u015fimi tercih edenler i\u00e7in, platformlar herhangi bir kay\u0131t veya \u00f6deme yapmadan canl\u0131 video g\u00f6r\u00fc\u015fmelerine izin verir.<\/p>\n<h3>5. Ni\u015f Sohbet Platformlar\u0131<\/h3>\n<p>Baz\u0131 sohbet hizmetleri oyuncular, bekarlar veya dil \u00f6\u011frenenler gibi belirli topluluklara odaklan\u0131r.<\/p>\n<h2>TinyChat: \u00dccretsiz \u00c7evrimi\u00e7i Sohbet i\u00e7in G\u00f6ze \u00c7arpan Bir Se\u00e7enek<\/h2>\n<p>D\u00fczinelerce platform olsa da TinyChat, kullan\u0131c\u0131 dostu bir \u015fekilde \u00e7e\u015fitli sohbet deneyimlerini tutarl\u0131 bir \u015fekilde sunan bir platformdur.<\/p>\n<p>Neden denemeye de\u011fer:<\/p>\n<ul>\n<li>Kay\u0131t olmadan kat\u0131l\u0131n - Genel bir odaya an\u0131nda atlay\u0131n.<\/li>\n<li>Birden fazla sohbet bi\u00e7imi - Video, ses ve metin kullan\u0131labilir.<\/li>\n<li>Konu bazl\u0131 odalar - Fl\u00f6rt, m\u00fczik, politika veya genel tak\u0131lmalar i\u00e7in alanlar bulun.<\/li>\n<li>Kendi odan\u0131z\u0131 olu\u015fturun - \u00d6zel bir sohbete ev sahipli\u011fi yap\u0131n veya ba\u015fkalar\u0131n\u0131 davet edin.<\/li>\n<li>Her cihazda \u00e7al\u0131\u015f\u0131r - Taray\u0131c\u0131n\u0131zda veya iOS\/Android uygulamas\u0131 arac\u0131l\u0131\u011f\u0131yla kullan\u0131n.<\/li>\n<\/ul>\n<p>Rastgele sohbet ile yap\u0131land\u0131r\u0131lm\u0131\u015f ilgi alan\u0131na dayal\u0131 konu\u015fmalar aras\u0131nda bir denge kurmak istiyorsan\u0131z TinyChat m\u00fckemmel bir se\u00e7imdir.<\/p>\n<h2>\u00dccretsiz \u00c7evrimi\u00e7i Sohbet Kullan\u0131rken G\u00fcvende Kalmak<\/h2>\n<p>\u00c7o\u011fu insan bu hizmetleri sayg\u0131l\u0131 bir \u015fekilde kullansa da, \u00f6zellikle yabanc\u0131larla sohbet ederken g\u00fcvenli\u011fi ak\u0131lda tutmak \u00f6nemlidir.<\/p>\n<ul>\n<li>Bilgilerinizi gizli tutun - Adresinizi, telefon numaran\u0131z\u0131 veya i\u015f yerinizi payla\u015fmaktan ka\u00e7\u0131n\u0131n.<\/li>\n<li>Bir takma ad kullan\u0131n - Daha fazlas\u0131n\u0131 a\u00e7\u0131klamakta kendinizi rahat hissedene kadar anonim kal\u0131n.<\/li>\n<li>Kameran\u0131z\u0131 kontrol edin - Arka planda neyin g\u00f6r\u00fcnd\u00fc\u011f\u00fcne dikkat edin.<\/li>\n<li>\u0130stenmeyen sohbetleri hemen sonland\u0131r\u0131n - Yanl\u0131\u015f hissettiren bir sohbeti terk etmekten \u00e7ekinmeyin.<\/li>\n<li>K\u00f6t\u00fc davran\u0131\u015flar\u0131 bildirin - \u00c7o\u011fu platformun kolay bir raporlama sistemi vard\u0131r.<\/li>\n<\/ul>\n<h2>\u00dccretsiz Online Sohbeti Kimler Kullan\u0131r?<\/h2>\n<p>\u00dccretsiz \u00e7evrimi\u00e7i sohbet odalar\u0131yla ilgili b\u00fcy\u00fcleyici \u015feylerden biri de tan\u0131\u015fabilece\u011finiz insanlar\u0131n \u00e7e\u015fitlili\u011fidir. \u015eunlarla ba\u011flant\u0131 kurabilirsiniz<\/p>\n<ul>\n<li>\u0130kinci bir dil prati\u011fi yapmak isteyen \u00f6\u011frenciler.<\/li>\n<li>Gezginler ipu\u00e7lar\u0131n\u0131 ve hikayelerini payla\u015f\u0131yor.<\/li>\n<li>G\u00fcndelik sohbet veya bulu\u015fma arayan bekarlar.<\/li>\n<li>Evden \u00e7al\u0131\u015fan ve sosyal etkile\u015fim isteyen ki\u015filer.<\/li>\n<li>Hobi sahipleri en sevdikleri u\u011fra\u015flar\u0131 tart\u0131\u015f\u0131yor.<\/li>\n<\/ul>\n<h2>\u00dccretsiz Online Sohbetin Faydalar\u0131<\/h2>\n<p>\u0130nsanlar\u0131n \u00fccretsiz \u00e7evrimi\u00e7i sohbet platformlar\u0131na geri d\u00f6nmeye devam etmelerinin bir nedeni var. Baz\u0131 \u00f6nemli avantajlar \u015funlard\u0131r:<\/p>\n<ul>\n<li>Eri\u015filebilirlik - \u00dccret veya pahal\u0131 ekipman gerekmez.<\/li>\n<li>H\u0131z - Saniyeler i\u00e7inde sohbet edebilirsiniz.<\/li>\n<li>Esneklik - Birka\u00e7 dakikal\u0131\u011f\u0131na kat\u0131l\u0131n veya saatlerce kal\u0131n.<\/li>\n<li>D\u00fc\u015f\u00fck bask\u0131 - \u0130stemedi\u011finiz takdirde ileti\u015fime ge\u00e7me zorunlulu\u011fu yok.<\/li>\n<li>Serendipity - Her sohbet farkl\u0131d\u0131r; kiminle tan\u0131\u015faca\u011f\u0131n\u0131z\u0131 asla bilemezsiniz.<\/li>\n<\/ul>\n<h2>\u00dccretsiz \u00c7evrimi\u00e7i Sohbet ve \u00dccretli Sohbet Hizmetleri<\/h2>\n<p>\u00dccretli sohbet platformlar\u0131 bazen daha fazla filtreleme se\u00e7ene\u011fi, geli\u015fmi\u015f \u00f6zellikler veya reklams\u0131z ortamlar sunar. Ancak bir\u00e7ok insan i\u00e7in \u00fccretsiz sohbet siteleri fazlas\u0131yla yeterli.<\/p>\n<table>\n<thead>\n<tr>\n<th>\u00d6zellik<\/th>\n<th>\u00dccretsiz Online Sohbet<\/th>\n<th>\u00dccretli Sohbet Hizmetleri<\/th>\n<\/tr>\n<\/thead>\n<tbody>\n<tr>\n<td>Maliyet<\/td>\n<td>\u00dccretsiz<\/td>\n<td>\u274c Abonelik<\/td>\n<\/tr>\n<tr>\n<td>An\u0131nda Eri\u015fim<\/td>\n<td>Evet<\/td>\n<td>\u26a0\ufe0f Sometimes limited<\/td>\n<\/tr>\n<tr>\n<td>K\u00fcresel Eri\u015fim<\/td>\n<td>Evet<\/td>\n<td>Evet<\/td>\n<\/tr>\n<tr>\n<td>\u0130lgi Alan\u0131 Filtreleri<\/td>\n<td>\u26a0\ufe0f Limited<\/td>\n<td>\u2705 Kapsaml\u0131<\/td>\n<\/tr>\n<tr>\n<td>Taahh\u00fct Yok<\/td>\n<td>Evet<\/td>\n<td>\u26a0\ufe0f Genellikle kay\u0131t gerektirir<\/td>\n<\/tr>\n<\/tbody>\n<\/table>\n<h2>Harika Bir \u00dccretsiz Online Sohbet Deneyimi \u0130\u00e7in \u0130pu\u00e7lar\u0131<\/h2>\n<p>\u00dccretsiz \u00e7evrimi\u00e7i sohbet oturumlar\u0131n\u0131zdan en iyi \u015fekilde yararlanmak ister misiniz? \u0130\u015fte size birka\u00e7 ipucu:<\/p>\n<ul>\n<li>Kibar ve sayg\u0131l\u0131 olun - Bu, daha iyi konu\u015fmalar i\u00e7in ortam haz\u0131rlar.<\/li>\n<li>\u0130lgi alan\u0131 etiketlerini kullan\u0131n - Hobilerinizi payla\u015fan ki\u015filerle e\u015fle\u015fmenize yard\u0131mc\u0131 olurlar.<\/li>\n<li>Farkl\u0131 zamanlar\u0131 deneyin - Saate ba\u011fl\u0131 olarak farkl\u0131 insan tipleriyle tan\u0131\u015facaks\u0131n\u0131z.<\/li>\n<li>\u00c7ok ciddiye almay\u0131n - A\u00e7\u0131k fikirli bir \u015fekilde gidin ve e\u011flenin.<\/li>\n<li>Atlamaya haz\u0131r olun - Her sohbet ilgi \u00e7ekici olmayacakt\u0131r ve bu sorun de\u011fildir.<\/li>\n<\/ul>\n<h2>\u00dccretsiz \u00c7evrimi\u00e7i Sohbet Neden Kal\u0131c\u0131<\/h2>\n<p>Bir\u00e7ok \u00e7evrimi\u00e7i platformun kitleler olu\u015fturmak veya reklam satmakla ilgili oldu\u011fu bir \u00e7a\u011fda, \u00fccretsiz \u00e7evrimi\u00e7i sohbet, internetin ba\u015flang\u0131\u00e7ta harika oldu\u011fu \u015feye odaklan\u0131r - insanlar\u0131 birbirine ba\u011flamak. Kiminle tan\u0131\u015faca\u011f\u0131n\u0131z\u0131 kontrol eden algoritmalar ve sizi engelleyen maliyetler olmadan, yeni biriyle bir an\u0131 payla\u015fman\u0131n kolay ve keyifli bir yoludur.<\/p>\n<p>\u0130ster g\u00fcndelik sohbet, ister derin tart\u0131\u015fma havas\u0131nda olun, ister sadece arkada\u015f canl\u0131s\u0131 yabanc\u0131larla vakit ge\u00e7irmek isteyin, her zaman sizi bekleyen bir sohbet odas\u0131 veya canl\u0131 konu\u015fma vard\u0131r.<\/p>\n<p>\u00dccretsiz \u00e7evrimi\u00e7i sohbet, d\u00fcnyan\u0131n d\u00f6rt bir yan\u0131ndaki insanlarla ba\u011flant\u0131 kurman\u0131n en basit, en h\u0131zl\u0131 ve en eri\u015filebilir yollar\u0131ndan biridir. \u0130ster metin tabanl\u0131 bir sohbet odas\u0131, ister bire bir g\u00f6r\u00fcnt\u00fcl\u00fc konu\u015fma veya en sevdi\u011finiz hobiniz hakk\u0131nda bir grup tart\u0131\u015fmas\u0131 se\u00e7in, an\u0131nda sohbete ba\u015flayabilirsiniz - kredi kart\u0131 yok, indirme yok, tela\u015f yok.<\/p>\n<p>G\u00fczelli\u011fi \u00f6zg\u00fcrl\u00fc\u011f\u00fcnde: saniyeler i\u00e7inde yeni biriyle tan\u0131\u015fabilir, istedi\u011finiz kadar konu\u015fabilir ve istedi\u011finiz zaman devam edebilirsiniz. Ger\u00e7ek insan ba\u011f\u0131n\u0131 bulman\u0131n zor olabilece\u011fi bir d\u00fcnyada, \u00fccretsiz \u00e7evrimi\u00e7i sohbet bunu kolayla\u015ft\u0131r\u0131r.<\/p>","protected":false},"excerpt":{"rendered":"<p>In an era where most social platforms are tied to algorithms, likes, and endless scrolling, free online chat offers something refreshingly simple\u2014real conversation. Whether it\u2019s to pass the time, meet someone from another country, share interests, or just say hello, these chat platforms give you instant access to people from all over the world. Best [&hellip;]<\/p>\n","protected":false},"author":8,"featured_media":0,"parent":0,"menu_order":0,"comment_status":"closed","ping_status":"closed","template":"","meta":{"footnotes":""},"class_list":["post-9038","page","type-page","status-publish","hentry"],"yoast_head":"<!-- This site is optimized with the Yoast SEO plugin v27.6 - https:\/\/yoast.com\/product\/yoast-seo-wordpress\/ -->\n<title>Free Online Chat with Video Chat on TinyChat.com<\/title>\n<meta name=\"description\" content=\"Enjoying Free Online Chat? Join over 50,000,000 strangers on TinyChat! Turn on your cam and start meeting new people, or find a match.\" \/>\n<meta name=\"robots\" content=\"index, follow, max-snippet:-1, max-image-preview:large, max-video-preview:-1\" \/>\n<link rel=\"canonical\" href=\"https:\/\/tinychat.com\/tr\/free-online-chat\/\" \/>\n<meta property=\"og:locale\" content=\"tr_TR\" \/>\n<meta property=\"og:type\" content=\"article\" \/>\n<meta property=\"og:title\" content=\"Free Online Chat with Video Chat on TinyChat.com\" \/>\n<meta property=\"og:description\" content=\"Enjoying Free Online Chat? Join over 50,000,000 strangers on TinyChat! Turn on your cam and start meeting new people, or find a match.\" \/>\n<meta property=\"og:url\" content=\"https:\/\/tinychat.com\/tr\/free-online-chat\/\" \/>\n<meta property=\"og:site_name\" content=\"TinyChat\" \/>\n<meta property=\"article:publisher\" content=\"https:\/\/www.facebook.com\/tinychat\" \/>\n<meta property=\"article:modified_time\" content=\"2025-08-14T07:58:55+00:00\" \/>\n<meta property=\"og:image\" content=\"https:\/\/tinychat.com\/wp-content\/uploads\/2020\/04\/Tinychat-logo-1280x284-new-black.png\" \/>\n\t<meta property=\"og:image:width\" content=\"1280\" \/>\n\t<meta property=\"og:image:height\" content=\"284\" \/>\n\t<meta property=\"og:image:type\" content=\"image\/png\" \/>\n<meta name=\"twitter:card\" content=\"summary_large_image\" \/>\n<meta name=\"twitter:site\" content=\"@tinychat\" \/>\n<meta name=\"twitter:label1\" content=\"Tahmini okuma s\u00fcresi\" \/>\n\t<meta name=\"twitter:data1\" content=\"6 dakika\" \/>\n<script type=\"application\/ld+json\" class=\"yoast-schema-graph\">{\"@context\":\"https:\\\/\\\/schema.org\",\"@graph\":[{\"@type\":\"WebPage\",\"@id\":\"https:\\\/\\\/tinychat.com\\\/free-online-chat\\\/\",\"url\":\"https:\\\/\\\/tinychat.com\\\/free-online-chat\\\/\",\"name\":\"Free Online Chat with Video Chat on TinyChat.com\",\"isPartOf\":{\"@id\":\"https:\\\/\\\/tinychat.com\\\/#website\"},\"datePublished\":\"2025-08-14T07:37:31+00:00\",\"dateModified\":\"2025-08-14T07:58:55+00:00\",\"description\":\"Enjoying Free Online Chat? Join over 50,000,000 strangers on TinyChat! Turn on your cam and start meeting new people, or find a match.\",\"breadcrumb\":{\"@id\":\"https:\\\/\\\/tinychat.com\\\/free-online-chat\\\/#breadcrumb\"},\"inLanguage\":\"tr\",\"potentialAction\":[{\"@type\":\"ReadAction\",\"target\":[\"https:\\\/\\\/tinychat.com\\\/free-online-chat\\\/\"]}]},{\"@type\":\"BreadcrumbList\",\"@id\":\"https:\\\/\\\/tinychat.com\\\/free-online-chat\\\/#breadcrumb\",\"itemListElement\":[{\"@type\":\"ListItem\",\"position\":1,\"name\":\"Home\",\"item\":\"https:\\\/\\\/tinychat.com\\\/\"},{\"@type\":\"ListItem\",\"position\":2,\"name\":\"Free Online Chat\"}]},{\"@type\":\"WebSite\",\"@id\":\"https:\\\/\\\/tinychat.com\\\/#website\",\"url\":\"https:\\\/\\\/tinychat.com\\\/\",\"name\":\"TinyChat\",\"description\":\"Random Video Chat with Strangers\",\"publisher\":{\"@id\":\"https:\\\/\\\/tinychat.com\\\/#organization\"},\"alternateName\":\"TinyChat.com\",\"potentialAction\":[{\"@type\":\"SearchAction\",\"target\":{\"@type\":\"EntryPoint\",\"urlTemplate\":\"https:\\\/\\\/tinychat.com\\\/?s={search_term_string}\"},\"query-input\":{\"@type\":\"PropertyValueSpecification\",\"valueRequired\":true,\"valueName\":\"search_term_string\"}}],\"inLanguage\":\"tr\"},{\"@type\":\"Organization\",\"@id\":\"https:\\\/\\\/tinychat.com\\\/#organization\",\"name\":\"TinyChat\",\"alternateName\":\"TinyChat.com\",\"url\":\"https:\\\/\\\/tinychat.com\\\/\",\"logo\":{\"@type\":\"ImageObject\",\"inLanguage\":\"tr\",\"@id\":\"https:\\\/\\\/tinychat.com\\\/#\\\/schema\\\/logo\\\/image\\\/\",\"url\":\"https:\\\/\\\/tinychat.com\\\/wp-content\\\/uploads\\\/2023\\\/11\\\/Tinychat-icon-square.png\",\"contentUrl\":\"https:\\\/\\\/tinychat.com\\\/wp-content\\\/uploads\\\/2023\\\/11\\\/Tinychat-icon-square.png\",\"width\":284,\"height\":284,\"caption\":\"TinyChat\"},\"image\":{\"@id\":\"https:\\\/\\\/tinychat.com\\\/#\\\/schema\\\/logo\\\/image\\\/\"},\"sameAs\":[\"https:\\\/\\\/www.facebook.com\\\/tinychat\",\"https:\\\/\\\/x.com\\\/tinychat\"]}]}<\/script>\n<!-- \/ Yoast SEO plugin. -->","yoast_head_json":{"title":"TinyChat.com'da G\u00f6r\u00fcnt\u00fcl\u00fc Sohbet ile \u00dccretsiz \u00c7evrimi\u00e7i Sohbet","description":"\u00dccretsiz \u00c7evrimi\u00e7i Sohbetin tad\u0131n\u0131 m\u0131 \u00e7\u0131kar\u0131yorsunuz? TinyChat'de 50.000.000'dan fazla yabanc\u0131ya kat\u0131l\u0131n! Kameran\u0131z\u0131 a\u00e7\u0131n ve yeni insanlarla tan\u0131\u015fmaya ba\u015flay\u0131n veya bir e\u015fle\u015fme bulun.","robots":{"index":"index","follow":"follow","max-snippet":"max-snippet:-1","max-image-preview":"max-image-preview:large","max-video-preview":"max-video-preview:-1"},"canonical":"https:\/\/tinychat.com\/tr\/free-online-chat\/","og_locale":"tr_TR","og_type":"article","og_title":"Free Online Chat with Video Chat on TinyChat.com","og_description":"Enjoying Free Online Chat? Join over 50,000,000 strangers on TinyChat! Turn on your cam and start meeting new people, or find a match.","og_url":"https:\/\/tinychat.com\/tr\/free-online-chat\/","og_site_name":"TinyChat","article_publisher":"https:\/\/www.facebook.com\/tinychat","article_modified_time":"2025-08-14T07:58:55+00:00","og_image":[{"width":1280,"height":284,"url":"https:\/\/tinychat.com\/wp-content\/uploads\/2020\/04\/Tinychat-logo-1280x284-new-black.png","type":"image\/png"}],"twitter_card":"summary_large_image","twitter_site":"@tinychat","twitter_misc":{"Tahmini okuma s\u00fcresi":"6 dakika"},"schema":{"@context":"https:\/\/schema.org","@graph":[{"@type":"WebPage","@id":"https:\/\/tinychat.com\/free-online-chat\/","url":"https:\/\/tinychat.com\/free-online-chat\/","name":"TinyChat.com'da G\u00f6r\u00fcnt\u00fcl\u00fc Sohbet ile \u00dccretsiz \u00c7evrimi\u00e7i Sohbet","isPartOf":{"@id":"https:\/\/tinychat.com\/#website"},"datePublished":"2025-08-14T07:37:31+00:00","dateModified":"2025-08-14T07:58:55+00:00","description":"\u00dccretsiz \u00c7evrimi\u00e7i Sohbetin tad\u0131n\u0131 m\u0131 \u00e7\u0131kar\u0131yorsunuz? TinyChat'de 50.000.000'dan fazla yabanc\u0131ya kat\u0131l\u0131n! Kameran\u0131z\u0131 a\u00e7\u0131n ve yeni insanlarla tan\u0131\u015fmaya ba\u015flay\u0131n veya bir e\u015fle\u015fme bulun.","breadcrumb":{"@id":"https:\/\/tinychat.com\/free-online-chat\/#breadcrumb"},"inLanguage":"tr","potentialAction":[{"@type":"ReadAction","target":["https:\/\/tinychat.com\/free-online-chat\/"]}]},{"@type":"BreadcrumbList","@id":"https:\/\/tinychat.com\/free-online-chat\/#breadcrumb","itemListElement":[{"@type":"ListItem","position":1,"name":"Home","item":"https:\/\/tinychat.com\/"},{"@type":"ListItem","position":2,"name":"Free Online Chat"}]},{"@type":"WebSite","@id":"https:\/\/tinychat.com\/#website","url":"https:\/\/tinychat.com\/","name":"TinyChat","description":"Yabanc\u0131larla Rastgele G\u00f6r\u00fcnt\u00fcl\u00fc Sohbet","publisher":{"@id":"https:\/\/tinychat.com\/#organization"},"alternateName":"TinyChat.com","potentialAction":[{"@type":"SearchAction","target":{"@type":"EntryPoint","urlTemplate":"https:\/\/tinychat.com\/?s={search_term_string}"},"query-input":{"@type":"PropertyValueSpecification","valueRequired":true,"valueName":"search_term_string"}}],"inLanguage":"tr"},{"@type":"Organization","@id":"https:\/\/tinychat.com\/#organization","name":"TinyChat","alternateName":"TinyChat.com","url":"https:\/\/tinychat.com\/","logo":{"@type":"ImageObject","inLanguage":"tr","@id":"https:\/\/tinychat.com\/#\/schema\/logo\/image\/","url":"https:\/\/tinychat.com\/wp-content\/uploads\/2023\/11\/Tinychat-icon-square.png","contentUrl":"https:\/\/tinychat.com\/wp-content\/uploads\/2023\/11\/Tinychat-icon-square.png","width":284,"height":284,"caption":"TinyChat"},"image":{"@id":"https:\/\/tinychat.com\/#\/schema\/logo\/image\/"},"sameAs":["https:\/\/www.facebook.com\/tinychat","https:\/\/x.com\/tinychat"]}]}},"_links":{"self":[{"href":"https:\/\/tinychat.com\/tr\/wp-json\/wp\/v2\/pages\/9038","targetHints":{"allow":["GET"]}}],"collection":[{"href":"https:\/\/tinychat.com\/tr\/wp-json\/wp\/v2\/pages"}],"about":[{"href":"https:\/\/tinychat.com\/tr\/wp-json\/wp\/v2\/types\/page"}],"author":[{"embeddable":true,"href":"https:\/\/tinychat.com\/tr\/wp-json\/wp\/v2\/users\/8"}],"replies":[{"embeddable":true,"href":"https:\/\/tinychat.com\/tr\/wp-json\/wp\/v2\/comments?post=9038"}],"version-history":[{"count":3,"href":"https:\/\/tinychat.com\/tr\/wp-json\/wp\/v2\/pages\/9038\/revisions"}],"predecessor-version":[{"id":13444,"href":"https:\/\/tinychat.com\/tr\/wp-json\/wp\/v2\/pages\/9038\/revisions\/13444"}],"wp:attachment":[{"href":"https:\/\/tinychat.com\/tr\/wp-json\/wp\/v2\/media?parent=9038"}],"curies":[{"name":"wp","href":"https:\/\/api.w.org\/{rel}","templated":true}]}}