{"id":980,"date":"2025-08-11T09:06:16","date_gmt":"2025-08-11T07:06:16","guid":{"rendered":"https:\/\/tinychat.com\/?page_id=980"},"modified":"2025-08-11T09:12:11","modified_gmt":"2025-08-11T07:12:11","slug":"azar","status":"publish","type":"page","link":"https:\/\/tinychat.com\/tr\/azar\/","title":{"rendered":"Azar"},"content":{"rendered":"<p>Her zamankinden daha ba\u011flant\u0131l\u0131 hissettiren ancak yine de dil, k\u00fclt\u00fcr ve mesafe ile b\u00f6l\u00fcnm\u00fc\u015f bir d\u00fcnyada, Azar bu bo\u015fluklar\u0131 ger\u00e7ekten kapatan bir platform olarak \u00f6ne \u00e7\u0131k\u0131yor. Bu pop\u00fcler mobil uygulama rastgele g\u00f6r\u00fcnt\u00fcl\u00fc sohbet, sosyal ke\u015fif ve ger\u00e7ek zamanl\u0131 \u00e7eviriyi kusursuz bir deneyimle harmanlayarak d\u00fcnyan\u0131n d\u00f6rt bir yan\u0131ndaki insanlarla tan\u0131\u015fmak i\u00e7in en g\u00fc\u00e7l\u00fc ara\u00e7lardan biri haline geliyor.<\/p>\n<p>500 milyondan fazla indirme ve 190'dan fazla \u00fclkedeki kullan\u0131c\u0131 say\u0131s\u0131yla Azar, yabanc\u0131larla \u00e7evrimi\u00e7i bulu\u015fman\u0131n ne anlama geldi\u011fini yeniden tan\u0131mlad\u0131. Yurtd\u0131\u015f\u0131nda arkada\u015f edinmek, dil prati\u011fi yapmak, di\u011fer k\u00fclt\u00fcrleri ke\u015ffetmek ya da sadece spontane g\u00f6r\u00fcnt\u00fcl\u00fc konu\u015fmalar\u0131n tad\u0131n\u0131 \u00e7\u0131karmak istiyorsan\u0131z, Azar bunu sa\u011flarken, cilal\u0131, mobil \u00f6ncelikli bir aray\u00fcz ve sa\u011flam g\u00fcvenlik kontrollerini korur.<\/p>\n<p>Bu derinlemesine inceleme, \u00f6zellikleri ve kurulumundan di\u011fer platformlarla nas\u0131l kar\u015f\u0131la\u015ft\u0131r\u0131ld\u0131\u011f\u0131na kadar Azar hakk\u0131nda bilmeniz gereken her \u015feyin yan\u0131 s\u0131ra uygulamada ge\u00e7irdi\u011finiz zamandan en iyi \u015fekilde yararlanman\u0131z i\u00e7in uzman ipu\u00e7lar\u0131na kadar size yol g\u00f6sterecektir.<\/p>\n<h2>Azar Nedir?<\/h2>\n<p>Azar, d\u00fcnyan\u0131n herhangi bir yerinden insanlarla saniyeler i\u00e7inde ba\u011flant\u0131 kurman\u0131z\u0131 sa\u011flayan bir anl\u0131k g\u00f6r\u00fcnt\u00fcl\u00fc sohbet ve sosyal a\u011f uygulamas\u0131d\u0131r. Basit metin tabanl\u0131 sohbet odalar\u0131n\u0131n aksine, Azar'nin ana odak noktas\u0131 y\u00fcz y\u00fcze sohbettir - insan unsurunu \u00e7evrimi\u00e7i etkile\u015fime geri getirir.<\/p>\n<p>Hyperconnect taraf\u0131ndan 2014 y\u0131l\u0131nda ba\u015flat\u0131lan (daha sonra 2021 y\u0131l\u0131nda Match Group taraf\u0131ndan sat\u0131n al\u0131nd\u0131) Azar, rastgele g\u00f6r\u00fcnt\u00fcl\u00fc sohbetin en tan\u0131nm\u0131\u015f isimlerinden biri haline geldi. Belirleyici \u00f6zellikleri (canl\u0131 \u00e7eviri, cinsiyet\/konum filtreleri ve arkada\u015f edinme ara\u00e7lar\u0131) onu g\u00fcndelik sohbetler, dil de\u011fi\u015fimi ve k\u00fclt\u00fcrel ke\u015fif i\u00e7in e\u015fit derecede pop\u00fcler hale getiriyor.<\/p>\n<h2>Azar'nin Temel \u00d6zellikleri<\/h2>\n<p>Azar'nin pop\u00fclerli\u011fi tesad\u00fcf de\u011fildir; hem ba\u011flant\u0131y\u0131 hem de g\u00fcvenli\u011fi art\u0131ran benzersiz ara\u00e7larla doludur.<\/p>\n<h3>1. Rastgele G\u00f6r\u00fcnt\u00fcl\u00fc Sohbet<\/h3>\n<ul>\n<li>D\u00fcnyan\u0131n her yerinden kullan\u0131c\u0131larla an\u0131nda e\u015fle\u015fin.<\/li>\n<li>Bir sonraki ki\u015fiye ba\u011flanmak i\u00e7in kayd\u0131r\u0131n.<\/li>\n<li>Ak\u0131c\u0131 konu\u015fmalar i\u00e7in ger\u00e7ek zamanl\u0131 HD video ve ses.<\/li>\n<\/ul>\n<h3>2. Konum ve Cinsiyet Filtreleri<\/h3>\n<ul>\n<li>Belirli \u00fclke veya b\u00f6lgelerden ki\u015filerle ba\u011flant\u0131 kurmay\u0131 se\u00e7in.<\/li>\n<li>Daha ki\u015fiselle\u015ftirilmi\u015f bir deneyim i\u00e7in cinsiyete g\u00f6re filtreleyin.<\/li>\n<li>Baz\u0131 filtreler jeton veya premium eri\u015fim gerektirir.<\/li>\n<\/ul>\n<h3>3. Ger\u00e7ek Zamanl\u0131 \u00c7eviri<\/h3>\n<ul>\n<li>Birden fazla dilde otomatik metin ve ses \u00e7evirisi.<\/li>\n<li>Dil engellerini an\u0131nda ortadan kald\u0131r\u0131r.<\/li>\n<li>Dil \u00f6\u011frenenler veya k\u00fclt\u00fcrler aras\u0131 ba\u011flant\u0131lar i\u00e7in idealdir.<\/li>\n<\/ul>\n<h3>4. Arkada\u015f Sistemi ve Mesajla\u015fma<\/h3>\n<ul>\n<li>Ba\u011flant\u0131 kurdu\u011funuz ki\u015fileri arkada\u015f olarak ekleyin.<\/li>\n<li>Uygulama i\u00e7i metin ve video mesajlar\u0131 arac\u0131l\u0131\u011f\u0131yla konu\u015fmalara devam edin.<\/li>\n<li>Sohbette resimler, \u00e7\u0131kartmalar ve emojiler payla\u015f\u0131n.<\/li>\n<\/ul>\n<h3>5. Sanal Efektler ve Ki\u015fiselle\u015ftirme<\/h3>\n<ul>\n<li>Aramalara ki\u015filik katmak i\u00e7in e\u011flenceli video filtreleri, \u00e7er\u00e7eveler ve \u00e7\u0131kartmalar.<\/li>\n<li>Profilinizi foto\u011fraflar ve ilgi alanlar\u0131yla \u00f6zelle\u015ftirin.<\/li>\n<\/ul>\n<h3>6. G\u00fcvenlik ve \u00d6l\u00e7\u00fcl\u00fcl\u00fck<\/h3>\n<ul>\n<li>7\/24 yapay zeka destekli ve insan moderasyonu.<\/li>\n<li>Uygulama i\u00e7i rapor\/engelleme ara\u00e7lar\u0131.<\/li>\n<li>Ba\u011flanmadan \u00f6nce e\u015fle\u015fmeleri \u00f6nizlemek i\u00e7in iste\u011fe ba\u011fl\u0131 bulan\u0131kla\u015ft\u0131rma filtresi.<\/li>\n<\/ul>\n<h3>7. Para ve Prim Sistemi<\/h3>\n<ul>\n<li>Belirli filtrelerin ve \u00f6zelliklerin kilidini a\u00e7mak i\u00e7in jeton kazan\u0131n veya sat\u0131n al\u0131n.<\/li>\n<li>Premium, daha spesifik konum hedefleme, s\u0131n\u0131rs\u0131z sohbet ve geli\u015fmi\u015f \u00f6zelliklerin kilidini a\u00e7ar.<\/li>\n<\/ul>\n<h2>Azar Nas\u0131l Kullan\u0131l\u0131r<\/h2>\n<p>Azar, ilk kez kullanacaklar i\u00e7in basit, m\u00fcdavimler i\u00e7in ise yeterli derinlik sunacak \u015fekilde tasarlanm\u0131\u015ft\u0131r.<\/p>\n<h3>Ad\u0131m 1: Uygulamay\u0131 \u0130ndirin<\/h3>\n<ul>\n<li>iOS ve Android i\u00e7in \u00fccretsiz olarak kullan\u0131labilir.<\/li>\n<li>App Store veya Google Play'den y\u00fckleyin.<\/li>\n<\/ul>\n<h3>Ad\u0131m 2: Kaydolun veya Giri\u015f Yap\u0131n<\/h3>\n<ul>\n<li>E-posta, Facebook, Google veya Apple ID ile kaydolun.<\/li>\n<li>Etkile\u015fimi art\u0131rmak i\u00e7in bir profil foto\u011fraf\u0131 ekleyin.<\/li>\n<\/ul>\n<h3>Ad\u0131m 3: Tercihlerinizi Ayarlay\u0131n<\/h3>\n<ul>\n<li>Cinsiyet ve ya\u015f aral\u0131\u011f\u0131n\u0131 se\u00e7in.<\/li>\n<li>Konum tercihlerini se\u00e7in (k\u00fcresel veya belirli \u00fclkeler).<\/li>\n<li>Gizlilik ayarlar\u0131n\u0131 d\u00fczenleyin.<\/li>\n<\/ul>\n<h3>Ad\u0131m 4: Sohbete Ba\u015flay\u0131n<\/h3>\n<ul>\n<li>An\u0131nda e\u015fle\u015fmek i\u00e7in video simgesine dokunun.<\/li>\n<li>Atlamak ve yeni birini bulmak i\u00e7in kayd\u0131r\u0131n.<\/li>\n<li>Gerekirse ger\u00e7ek zamanl\u0131 \u00e7eviri \u00f6zelli\u011fini kullan\u0131n.<\/li>\n<\/ul>\n<h3>Ad\u0131m 5: Arkada\u015f Ekleyin ve Sohbete Devam Edin<\/h3>\n<ul>\n<li>\u0130yi ba\u011flant\u0131lar\u0131 kaydetmek i\u00e7in \"arkada\u015f ekle\" d\u00fc\u011fmesine t\u0131klay\u0131n.<\/li>\n<li>\u0130leti\u015fimde kalmak i\u00e7in uygulama i\u00e7i metin sohbetini veya video mesajlar\u0131n\u0131 kullan\u0131n.<\/li>\n<\/ul>\n<h2>Azar'de Kullan\u0131c\u0131 Deneyimi<\/h2>\n<p>Azar'nin mobil \u00f6ncelikli, kayd\u0131rma tabanl\u0131 tasar\u0131m\u0131, modern uygulamalara a\u015fina olan herkes i\u00e7in do\u011fal hissettiriyor.<\/p>\n<h3>Kullan\u0131c\u0131lar Neyi Seviyor?<\/h3>\n<ul>\n<li>K\u00fcresel eri\u015fim: 190'dan fazla \u00fclkeden insanlarla tan\u0131\u015f\u0131n.<\/li>\n<li>Ger\u00e7ek zamanl\u0131 \u00e7eviri: \u0130leti\u015fim engellerini ortadan kald\u0131r\u0131r.<\/li>\n<li>Ak\u0131c\u0131 video kalitesi: Uluslararas\u0131 ba\u011flant\u0131larda bile.<\/li>\n<li>E\u011flenceli filtreler ve \u00e7\u0131kartmalar: Aramalara ki\u015filik kat\u0131n.<\/li>\n<li>G\u00fcvenli ortam: Aktif moderasyon her \u015feyin sayg\u0131l\u0131 olmas\u0131n\u0131 sa\u011flar.<\/li>\n<li>Arkada\u015f sistemi: S\u00fcrekli ba\u011flant\u0131lar kurun.<\/li>\n<\/ul>\n<h3>Kullan\u0131c\u0131lar\u0131n \u0130yile\u015ftirme \u0130\u00e7in Yer G\u00f6rd\u00fc\u011f\u00fc Noktalar<\/h3>\n<ul>\n<li>Baz\u0131 geli\u015fmi\u015f filtreler jeton veya prim gerektirir.<\/li>\n<li>\u00c7eviride zaman zaman dil uyu\u015fmazl\u0131\u011f\u0131.<\/li>\n<li>Tamamen \u00fccretsiz platformlara k\u0131yasla s\u0131n\u0131rl\u0131 \u00fccretsiz ma\u00e7lar.<\/li>\n<li>S\u0131radan kullan\u0131c\u0131lar i\u00e7in prim maliyeti y\u00fcksek olabilir.<\/li>\n<\/ul>\n<h2>Azar vs Di\u011fer G\u00f6r\u00fcnt\u00fcl\u00fc Sohbet Uygulamalar\u0131<\/h2>\n<table>\n<thead>\n<tr>\n<th>\u00d6zellik<\/th>\n<th>Azar<\/th>\n<th>HOLLA<\/th>\n<th>LivU<\/th>\n<th>Maymun<\/th>\n<th>ChatHub<\/th>\n<th>OmegleWeb<\/th>\n<\/tr>\n<\/thead>\n<tbody>\n<tr>\n<td>Rastgele G\u00f6r\u00fcnt\u00fcl\u00fc Sohbet<\/td>\n<td>Evet<\/td>\n<td>Evet<\/td>\n<td>Evet<\/td>\n<td>Evet<\/td>\n<td>Evet<\/td>\n<td>Evet<\/td>\n<\/tr>\n<tr>\n<td>Ger\u00e7ek Zamanl\u0131 \u00c7eviri<\/td>\n<td>Evet<\/td>\n<td>\u274c Hay\u0131r<\/td>\n<td>\u274c Hay\u0131r<\/td>\n<td>\u274c Hay\u0131r<\/td>\n<td>\u274c Hay\u0131r<\/td>\n<td>\u274c Hay\u0131r<\/td>\n<\/tr>\n<tr>\n<td>Arkada\u015f Sistemi<\/td>\n<td>Evet<\/td>\n<td>Evet<\/td>\n<td>Evet<\/td>\n<td>Evet<\/td>\n<td>Evet<\/td>\n<td>\u274c Hay\u0131r<\/td>\n<\/tr>\n<tr>\n<td>Cinsiyet\/Konum Filtreleri<\/td>\n<td>Evet<\/td>\n<td>Evet<\/td>\n<td>Evet<\/td>\n<td>Evet<\/td>\n<td>Evet<\/td>\n<td>\u26a0\ufe0f Limited<\/td>\n<\/tr>\n<tr>\n<td>Mobil Uygulama<\/td>\n<td>Evet<\/td>\n<td>Evet<\/td>\n<td>Evet<\/td>\n<td>Evet<\/td>\n<td>Evet<\/td>\n<td>Evet<\/td>\n<\/tr>\n<tr>\n<td>Filtreler ve Efektler<\/td>\n<td>Evet<\/td>\n<td>Evet<\/td>\n<td>Evet<\/td>\n<td>Evet<\/td>\n<td>Evet<\/td>\n<td>\u274c Hay\u0131r<\/td>\n<\/tr>\n<tr>\n<td>Premium Se\u00e7enek<\/td>\n<td>Evet<\/td>\n<td>Evet<\/td>\n<td>Evet<\/td>\n<td>Evet<\/td>\n<td>\u274c Hay\u0131r<\/td>\n<td>\u274c Hay\u0131r<\/td>\n<\/tr>\n<\/tbody>\n<\/table>\n<p>\u00d6zet: Azar, dil engeli olmadan uluslararas\u0131 ba\u011flant\u0131lar isteyenler i\u00e7in idealdir. \u00c7eviri ara\u00e7lar\u0131 ve b\u00fcy\u00fck kullan\u0131c\u0131 taban\u0131, onu daha basit rastgele sohbet platformlar\u0131ndan ay\u0131r\u0131r.<\/p>\n<h2>Azar G\u00fcvenli mi?<\/h2>\n<p>Temel \u00e7evrimi\u00e7i g\u00fcvenlik kurallar\u0131na uyman\u0131z ko\u015fuluyla evet. Azar kullan\u0131r:<\/p>\n<ul>\n<li>Uygunsuz i\u00e7eri\u011fi filtrelemek i\u00e7in yapay zeka ve insan moderasyonu.<\/li>\n<li>Sahte hesaplar\u0131 azaltmak i\u00e7in profil do\u011frulama.<\/li>\n<li>Daha fazla konfor i\u00e7in bulan\u0131k \u00f6nizleme.<\/li>\n<li>Herhangi bir ihlal i\u00e7in ara\u00e7lar\u0131 raporlay\u0131n\/engelleyin.<\/li>\n<\/ul>\n<h3>Kullan\u0131c\u0131lar i\u00e7in G\u00fcvenlik \u0130pu\u00e7lar\u0131<\/h3>\n<ul>\n<li>Ki\u015fisel bilgilerinizi payla\u015fmaktan ka\u00e7\u0131n\u0131n.<\/li>\n<li>\u00c7eviriyi dikkatli kullan\u0131n - makine \u00e7evirileri bazen anlam\u0131 de\u011fi\u015ftirebilir.<\/li>\n<li>\u0130\u00e7g\u00fcd\u00fclerinize g\u00fcvenin - sizi rahats\u0131z eden her t\u00fcrl\u00fc sohbeti sonland\u0131r\u0131n.<\/li>\n<li>Gen\u00e7lerin cihazlar\u0131na y\u00fcklenmi\u015fse ebeveynler kullan\u0131m\u0131 izlemelidir.<\/li>\n<\/ul>\n<h2>Azar'den En \u0130yi \u015eekilde Yararlanmak \u0130\u00e7in \u0130pu\u00e7lar\u0131<\/h2>\n<ul>\n<li>Farkl\u0131 b\u00f6lgeleri deneyin: K\u00fclt\u00fcrel ufkunuzu geni\u015fletin.<\/li>\n<li>\u00c7eviriyi aktif olarak kullan\u0131n: Sohbet ederken c\u00fcmleleri \u00f6\u011frenin.<\/li>\n<li>Yo\u011fun zamanlarda sohbet edin: Ma\u00e7 \u00e7e\u015fitlili\u011fini art\u0131r\u0131r.<\/li>\n<li>Net bir profil resmi kullan\u0131n: Etkile\u015fim oranlar\u0131n\u0131 art\u0131r\u0131r.<\/li>\n<li>Arkada\u015f canl\u0131s\u0131 ve a\u00e7\u0131k fikirli olun: Pozitif enerji daha iyi sohbetleri \u00e7eker.<\/li>\n<li>K\u00f6t\u00fc davran\u0131\u015flar\u0131 bildirir: Toplum g\u00fcvenli\u011finin korunmas\u0131na yard\u0131mc\u0131 olur.<\/li>\n<\/ul>\n<h2>Yayg\u0131n Azar Sorunlar\u0131 ve D\u00fczeltmeleri<\/h2>\n<h3>Video Ba\u011flanm\u0131yor<\/h3>\n<p>\u0130nternet h\u0131z\u0131n\u0131z\u0131 kontrol edin, Wi-Fi'ye ge\u00e7in ve kamera\/mikrofon izinlerine izin verin.<\/p>\n<h3>Filtreler \u00c7al\u0131\u015fm\u0131yor<\/h3>\n<p>Yeterli jetonunuz veya premium etkinli\u011finiz oldu\u011fundan emin olun.<\/p>\n<h3>K\u00f6t\u00fc \u00c7eviri Kalitesi<\/h3>\n<p>Net konu\u015fun, argodan ka\u00e7\u0131n\u0131n ve k\u0131sa c\u00fcmleler kullan\u0131n.<\/p>\n<h3>Uygunsuz Kullan\u0131c\u0131lar<\/h3>\n<p>Engelleyin ve hemen bildirin - moderasyon duyarl\u0131d\u0131r.<\/p>\n<p>Amac\u0131n\u0131z d\u00fcnya \u00e7ap\u0131nda insanlarla tan\u0131\u015fmak, di\u011fer k\u00fclt\u00fcrler hakk\u0131nda bilgi edinmek ve dil farkl\u0131l\u0131klar\u0131 hakk\u0131nda endi\u015felenmeden konu\u015fmaksa, Azar bug\u00fcn mevcut olan en geli\u015fmi\u015f ve g\u00f6steri\u015fli se\u00e7eneklerden biridir. \u00c7eviri \u00f6zelli\u011fi tek ba\u015f\u0131na onu rastgele g\u00f6r\u00fcnt\u00fcl\u00fc sohbet alan\u0131nda benzersiz k\u0131lar.<\/p>\n<p>Baz\u0131 \u00f6zellikler jeton veya premium eri\u015fim gerektirse de, \u00fccretsiz s\u00fcr\u00fcm yine de k\u00fcresel olarak ba\u011flant\u0131 kurmak i\u00e7in bir\u00e7ok f\u0131rsat sunuyor. Azar uluslararas\u0131 sosyalle\u015fme, dil de\u011fi\u015fimi ve s\u0131n\u0131rlar \u00f6tesinde kal\u0131c\u0131 arkada\u015fl\u0131klar kurmak i\u00e7in m\u00fckemmel bir se\u00e7imdir.<\/p>\n<p>Sohbete ba\u015flamaya haz\u0131r m\u0131s\u0131n\u0131z? iOS veya Android i\u00e7in Azar'yi indirin, tercihlerinizi belirleyin ve d\u00fcnyay\u0131 ke\u015ffedin - her seferinde bir y\u00fcz y\u00fcze konu\u015fma.<\/p>","protected":false},"excerpt":{"rendered":"<p>In a world that feels more connected than ever yet still divided by language, culture, and distance, Azar stands out as a platform that truly bridges those gaps. This popular mobile app blends random video chat, social discovery, and real-time translation into a seamless experience, making it one of the most powerful tools for meeting [&hellip;]<\/p>\n","protected":false},"author":6,"featured_media":0,"parent":0,"menu_order":0,"comment_status":"closed","ping_status":"closed","template":"","meta":{"footnotes":""},"class_list":["post-980","page","type-page","status-publish","hentry"],"yoast_head":"<!-- This site is optimized with the Yoast SEO plugin v27.6 - https:\/\/yoast.com\/product\/yoast-seo-wordpress\/ -->\n<title>Azar - Alternative to OmeTV &amp; Monkey App - TinyChat.com<\/title>\n<meta name=\"description\" content=\"Enjoying Azar? Join over 50,000,000 strangers on TinyChat! Turn on your cam and start meeting new people, or find a match.\" \/>\n<meta name=\"robots\" content=\"index, follow, max-snippet:-1, max-image-preview:large, max-video-preview:-1\" \/>\n<link rel=\"canonical\" href=\"https:\/\/tinychat.com\/tr\/azar\/\" \/>\n<meta property=\"og:locale\" content=\"tr_TR\" \/>\n<meta property=\"og:type\" content=\"article\" \/>\n<meta property=\"og:title\" content=\"Azar - Alternative to OmeTV &amp; Monkey App - TinyChat.com\" \/>\n<meta property=\"og:description\" content=\"Enjoying Azar? Join over 50,000,000 strangers on TinyChat! Turn on your cam and start meeting new people, or find a match.\" \/>\n<meta property=\"og:url\" content=\"https:\/\/tinychat.com\/tr\/azar\/\" \/>\n<meta property=\"og:site_name\" content=\"TinyChat\" \/>\n<meta property=\"article:publisher\" content=\"https:\/\/www.facebook.com\/tinychat\" \/>\n<meta property=\"article:modified_time\" content=\"2025-08-11T07:12:11+00:00\" \/>\n<meta property=\"og:image\" content=\"https:\/\/tinychat.com\/wp-content\/uploads\/2020\/04\/Tinychat-logo-1280x284-new-black.png\" \/>\n\t<meta property=\"og:image:width\" content=\"1280\" \/>\n\t<meta property=\"og:image:height\" content=\"284\" \/>\n\t<meta property=\"og:image:type\" content=\"image\/png\" \/>\n<meta name=\"twitter:card\" content=\"summary_large_image\" \/>\n<meta name=\"twitter:site\" content=\"@tinychat\" \/>\n<meta name=\"twitter:label1\" content=\"Tahmini okuma s\u00fcresi\" \/>\n\t<meta name=\"twitter:data1\" content=\"5 dakika\" \/>\n<script type=\"application\/ld+json\" class=\"yoast-schema-graph\">{\"@context\":\"https:\\\/\\\/schema.org\",\"@graph\":[{\"@type\":\"WebPage\",\"@id\":\"https:\\\/\\\/tinychat.com\\\/azar\\\/\",\"url\":\"https:\\\/\\\/tinychat.com\\\/azar\\\/\",\"name\":\"Azar - Alternative to OmeTV & Monkey App - TinyChat.com\",\"isPartOf\":{\"@id\":\"https:\\\/\\\/tinychat.com\\\/#website\"},\"datePublished\":\"2025-08-11T07:06:16+00:00\",\"dateModified\":\"2025-08-11T07:12:11+00:00\",\"description\":\"Enjoying Azar? Join over 50,000,000 strangers on TinyChat! Turn on your cam and start meeting new people, or find a match.\",\"breadcrumb\":{\"@id\":\"https:\\\/\\\/tinychat.com\\\/azar\\\/#breadcrumb\"},\"inLanguage\":\"tr\",\"potentialAction\":[{\"@type\":\"ReadAction\",\"target\":[\"https:\\\/\\\/tinychat.com\\\/azar\\\/\"]}]},{\"@type\":\"BreadcrumbList\",\"@id\":\"https:\\\/\\\/tinychat.com\\\/azar\\\/#breadcrumb\",\"itemListElement\":[{\"@type\":\"ListItem\",\"position\":1,\"name\":\"Home\",\"item\":\"https:\\\/\\\/tinychat.com\\\/\"},{\"@type\":\"ListItem\",\"position\":2,\"name\":\"Azar\"}]},{\"@type\":\"WebSite\",\"@id\":\"https:\\\/\\\/tinychat.com\\\/#website\",\"url\":\"https:\\\/\\\/tinychat.com\\\/\",\"name\":\"TinyChat\",\"description\":\"Random Video Chat with Strangers\",\"publisher\":{\"@id\":\"https:\\\/\\\/tinychat.com\\\/#organization\"},\"alternateName\":\"TinyChat.com\",\"potentialAction\":[{\"@type\":\"SearchAction\",\"target\":{\"@type\":\"EntryPoint\",\"urlTemplate\":\"https:\\\/\\\/tinychat.com\\\/?s={search_term_string}\"},\"query-input\":{\"@type\":\"PropertyValueSpecification\",\"valueRequired\":true,\"valueName\":\"search_term_string\"}}],\"inLanguage\":\"tr\"},{\"@type\":\"Organization\",\"@id\":\"https:\\\/\\\/tinychat.com\\\/#organization\",\"name\":\"TinyChat\",\"alternateName\":\"TinyChat.com\",\"url\":\"https:\\\/\\\/tinychat.com\\\/\",\"logo\":{\"@type\":\"ImageObject\",\"inLanguage\":\"tr\",\"@id\":\"https:\\\/\\\/tinychat.com\\\/#\\\/schema\\\/logo\\\/image\\\/\",\"url\":\"https:\\\/\\\/tinychat.com\\\/wp-content\\\/uploads\\\/2023\\\/11\\\/Tinychat-icon-square.png\",\"contentUrl\":\"https:\\\/\\\/tinychat.com\\\/wp-content\\\/uploads\\\/2023\\\/11\\\/Tinychat-icon-square.png\",\"width\":284,\"height\":284,\"caption\":\"TinyChat\"},\"image\":{\"@id\":\"https:\\\/\\\/tinychat.com\\\/#\\\/schema\\\/logo\\\/image\\\/\"},\"sameAs\":[\"https:\\\/\\\/www.facebook.com\\\/tinychat\",\"https:\\\/\\\/x.com\\\/tinychat\"]}]}<\/script>\n<!-- \/ Yoast SEO plugin. -->","yoast_head_json":{"title":"Azar - OmeTV ve Monkey App'ye Alternatif - TinyChat.com","description":"Azar'yi be\u011feniyor musunuz? TinyChat'de 50.000.000'dan fazla yabanc\u0131ya kat\u0131l\u0131n! Kameran\u0131z\u0131 a\u00e7\u0131n ve yeni insanlarla tan\u0131\u015fmaya ba\u015flay\u0131n veya bir e\u015fle\u015fme bulun.","robots":{"index":"index","follow":"follow","max-snippet":"max-snippet:-1","max-image-preview":"max-image-preview:large","max-video-preview":"max-video-preview:-1"},"canonical":"https:\/\/tinychat.com\/tr\/azar\/","og_locale":"tr_TR","og_type":"article","og_title":"Azar - Alternative to OmeTV & Monkey App - TinyChat.com","og_description":"Enjoying Azar? Join over 50,000,000 strangers on TinyChat! Turn on your cam and start meeting new people, or find a match.","og_url":"https:\/\/tinychat.com\/tr\/azar\/","og_site_name":"TinyChat","article_publisher":"https:\/\/www.facebook.com\/tinychat","article_modified_time":"2025-08-11T07:12:11+00:00","og_image":[{"width":1280,"height":284,"url":"https:\/\/tinychat.com\/wp-content\/uploads\/2020\/04\/Tinychat-logo-1280x284-new-black.png","type":"image\/png"}],"twitter_card":"summary_large_image","twitter_site":"@tinychat","twitter_misc":{"Tahmini okuma s\u00fcresi":"5 dakika"},"schema":{"@context":"https:\/\/schema.org","@graph":[{"@type":"WebPage","@id":"https:\/\/tinychat.com\/azar\/","url":"https:\/\/tinychat.com\/azar\/","name":"Azar - OmeTV ve Monkey App'ye Alternatif - TinyChat.com","isPartOf":{"@id":"https:\/\/tinychat.com\/#website"},"datePublished":"2025-08-11T07:06:16+00:00","dateModified":"2025-08-11T07:12:11+00:00","description":"Azar'yi be\u011feniyor musunuz? TinyChat'de 50.000.000'dan fazla yabanc\u0131ya kat\u0131l\u0131n! Kameran\u0131z\u0131 a\u00e7\u0131n ve yeni insanlarla tan\u0131\u015fmaya ba\u015flay\u0131n veya bir e\u015fle\u015fme bulun.","breadcrumb":{"@id":"https:\/\/tinychat.com\/azar\/#breadcrumb"},"inLanguage":"tr","potentialAction":[{"@type":"ReadAction","target":["https:\/\/tinychat.com\/azar\/"]}]},{"@type":"BreadcrumbList","@id":"https:\/\/tinychat.com\/azar\/#breadcrumb","itemListElement":[{"@type":"ListItem","position":1,"name":"Home","item":"https:\/\/tinychat.com\/"},{"@type":"ListItem","position":2,"name":"Azar"}]},{"@type":"WebSite","@id":"https:\/\/tinychat.com\/#website","url":"https:\/\/tinychat.com\/","name":"TinyChat","description":"Yabanc\u0131larla Rastgele G\u00f6r\u00fcnt\u00fcl\u00fc Sohbet","publisher":{"@id":"https:\/\/tinychat.com\/#organization"},"alternateName":"TinyChat.com","potentialAction":[{"@type":"SearchAction","target":{"@type":"EntryPoint","urlTemplate":"https:\/\/tinychat.com\/?s={search_term_string}"},"query-input":{"@type":"PropertyValueSpecification","valueRequired":true,"valueName":"search_term_string"}}],"inLanguage":"tr"},{"@type":"Organization","@id":"https:\/\/tinychat.com\/#organization","name":"TinyChat","alternateName":"TinyChat.com","url":"https:\/\/tinychat.com\/","logo":{"@type":"ImageObject","inLanguage":"tr","@id":"https:\/\/tinychat.com\/#\/schema\/logo\/image\/","url":"https:\/\/tinychat.com\/wp-content\/uploads\/2023\/11\/Tinychat-icon-square.png","contentUrl":"https:\/\/tinychat.com\/wp-content\/uploads\/2023\/11\/Tinychat-icon-square.png","width":284,"height":284,"caption":"TinyChat"},"image":{"@id":"https:\/\/tinychat.com\/#\/schema\/logo\/image\/"},"sameAs":["https:\/\/www.facebook.com\/tinychat","https:\/\/x.com\/tinychat"]}]}},"_links":{"self":[{"href":"https:\/\/tinychat.com\/tr\/wp-json\/wp\/v2\/pages\/980","targetHints":{"allow":["GET"]}}],"collection":[{"href":"https:\/\/tinychat.com\/tr\/wp-json\/wp\/v2\/pages"}],"about":[{"href":"https:\/\/tinychat.com\/tr\/wp-json\/wp\/v2\/types\/page"}],"author":[{"embeddable":true,"href":"https:\/\/tinychat.com\/tr\/wp-json\/wp\/v2\/users\/6"}],"replies":[{"embeddable":true,"href":"https:\/\/tinychat.com\/tr\/wp-json\/wp\/v2\/comments?post=980"}],"version-history":[{"count":4,"href":"https:\/\/tinychat.com\/tr\/wp-json\/wp\/v2\/pages\/980\/revisions"}],"predecessor-version":[{"id":13425,"href":"https:\/\/tinychat.com\/tr\/wp-json\/wp\/v2\/pages\/980\/revisions\/13425"}],"wp:attachment":[{"href":"https:\/\/tinychat.com\/tr\/wp-json\/wp\/v2\/media?parent=980"}],"curies":[{"name":"wp","href":"https:\/\/api.w.org\/{rel}","templated":true}]}}