{"id":9827,"date":"2022-03-01T17:29:57","date_gmt":"2022-03-01T15:29:57","guid":{"rendered":"https:\/\/tinychat.com\/?page_id=9827"},"modified":"2025-08-06T10:57:28","modified_gmt":"2025-08-06T08:57:28","slug":"2257-compliance-statement","status":"publish","type":"page","link":"https:\/\/tinychat.com\/tr\/2257-compliance-statement\/","title":{"rendered":"2257 Uyumluluk Beyan\u0131"},"content":{"rendered":"<p>ABD yasalar\u0131 18 U.S.C. B\u00f6l\u00fcm 2257 (1988 \u00c7ocuk Koruma ve M\u00fcstehcenlik Uygulama Yasas\u0131) ve di\u011fer ilgili uluslararas\u0131 yasalar uyar\u0131nca, TinyChat.com ile ba\u011flant\u0131l\u0131 veya referans verilen platformlarda veya hizmetlerde yer alan t\u00fcm modeller veya bireyler, bildi\u011fimiz kadar\u0131yla en az 18 ya\u015f\u0131ndad\u0131r.<\/p>\n<h2>Ortakl\u0131k \u0130li\u015fkisi<\/h2>\n<p>TinyChat.com, bu web sitesinde g\u00f6r\u00fcnt\u00fclenen, bahsedilen veya ba\u011flant\u0131 verilen herhangi bir web kameras\u0131 veya g\u00f6r\u00fcnt\u00fcl\u00fc sohbet platformunun veya hizmetinin sahibi de\u011fildir, i\u015fletmez veya kontrol etmez. TinyChat.com yaln\u0131zca bir ortakl\u0131k ve inceleme platformu olarak faaliyet g\u00f6stermektedir. Modelleri veya sanat\u00e7\u0131lar\u0131 i\u00e7eren herhangi bir proje, etkinlik veya faaliyeti i\u015fe alm\u0131yor, y\u00f6netmiyor, s\u00f6zle\u015fme yapm\u0131yor veya ba\u015fka bir \u015fekilde organize etmiyoruz. T\u00fcm dok\u00fcmantasyon, ya\u015f do\u011frulama ve kay\u0131t tutma y\u00fck\u00fcml\u00fcl\u00fckleri dahil olmak \u00fczere 18 USC B\u00f6l\u00fcm 2257'ye uygunluk, ba\u011fl\u0131 kurulu\u015f ortaklar\u0131m\u0131z\u0131n ve \u00fc\u00e7\u00fcnc\u00fc taraf hizmetlerinin operat\u00f6rlerinin m\u00fcnhas\u0131r sorumlulu\u011fundad\u0131r.<\/p>\n<h2>\u00dc\u00e7\u00fcnc\u00fc Taraf \u0130\u00e7eri\u011fi<\/h2>\n<p>TinyChat.com, platformumuzdan ba\u011flant\u0131 verilen \u00fc\u00e7\u00fcnc\u00fc taraf sitelerinde yer alan herhangi bir i\u00e7eri\u011fi olu\u015fturmaz, bar\u0131nd\u0131rmaz veya y\u00f6netmez. Kullan\u0131c\u0131 taraf\u0131ndan olu\u015fturulan t\u00fcm i\u00e7erik, model performanslar\u0131 ve bu harici platformlarda bulunan di\u011fer materyaller, TinyChat.com taraf\u0131ndan de\u011fil, ilgili site operat\u00f6rleri taraf\u0131ndan y\u00f6netilir ve kontrol edilir.<\/p>\n<p>Rol\u00fcm\u00fcz, harici hizmetleri g\u00f6zden ge\u00e7irmek, tavsiye etmek ve ba\u011fl\u0131 kurulu\u015f ba\u011flant\u0131lar\u0131 sa\u011flamakla s\u0131n\u0131rl\u0131d\u0131r. TinyChat.com'da bulunan ba\u011flant\u0131lar arac\u0131l\u0131\u011f\u0131yla hizmetlere kaydolan veya hizmetleri kullanan herhangi bir kullan\u0131c\u0131, bunu TinyChat.com veya personelinin hi\u00e7bir m\u00fcdahalesi veya kat\u0131l\u0131m\u0131 olmadan do\u011frudan ve ba\u011f\u0131ms\u0131z olarak ilgili \u00fc\u00e7\u00fcnc\u00fc taraf platformlar\u0131nda yapar.<\/p>\n<h2>\u0130\u00e7erik Denetimi ve Standartlar<\/h2>\n<p>TinyChat.com m\u00fcstehcen i\u00e7eri\u011fin olu\u015fturulmas\u0131n\u0131 veya da\u011f\u0131t\u0131lmas\u0131n\u0131 desteklemez veya onaylamaz. Kendi takdirimize ba\u011fl\u0131 olarak, a\u00e7\u0131k\u00e7a m\u00fcstehcen, uygunsuz veya karalay\u0131c\u0131 oldu\u011funu d\u00fc\u015f\u00fcnd\u00fc\u011f\u00fcm\u00fcz harici i\u00e7eri\u011fe ba\u011flant\u0131lar\u0131 veya referanslar\u0131 kald\u0131rma hakk\u0131m\u0131z\u0131 sakl\u0131 tutar\u0131z.<\/p>\n<h2>TinyChat.com Taraf\u0131ndan \u00dcretilen \u0130\u00e7erik<\/h2>\n<p>Do\u011frudan TinyChat.com veya temsilcileri taraf\u0131ndan olu\u015fturulan veya yay\u0131nlanan herhangi bir i\u00e7erik erotik veya pornografik nitelikte de\u011fildir ve bu nedenle ABD yasalar\u0131 18 U.S.C. B\u00f6l\u00fcm 2257'ye tabi de\u011fildir.<\/p>\n<h2>Belge Saklama ve Uyumluluk<\/h2>\n<p>ABD yasas\u0131 18 U.S.C. B\u00f6l\u00fcm 2257 uyar\u0131nca gerekli olan t\u00fcm belgeler ve kay\u0131tlar, ba\u011fl\u0131 ortaklar\u0131m\u0131z ve ba\u011flant\u0131 verdi\u011fimiz \u00fc\u00e7\u00fcnc\u00fc taraf platformlar\u0131n\u0131n operat\u00f6rleri taraf\u0131ndan tutulur. TinyChat.com, bu t\u00fcr bir uyumluluk gerektiren i\u00e7erik \u00fcretmedi\u011fimiz veya i\u015fletmedi\u011fimiz i\u00e7in herhangi bir 2257 uyumluluk kayd\u0131 toplamaz, saklamaz veya tutmaz.<\/p>\n<p>Ya\u015f do\u011frulama veya uyumlulukla ilgili herhangi bir sorunuz veya endi\u015feniz varsa, l\u00fctfen do\u011frudan ilgili \u00fc\u00e7\u00fcnc\u00fc taraf platform operat\u00f6rleriyle ileti\u015fime ge\u00e7in.<\/p>","protected":false},"excerpt":{"rendered":"<p>In accordance with US law 18 U.S.C. Section 2257 (Child Protection and Obscenity Enforcement Act of 1988) and other relevant international laws, all models or individuals featured on platforms or services linked to or referenced by TinyChat.com are, to the best of our knowledge, at least 18 years old. Affiliate Relationship TinyChat.com does not own, [&hellip;]<\/p>\n","protected":false},"author":1,"featured_media":0,"parent":0,"menu_order":0,"comment_status":"closed","ping_status":"closed","template":"","meta":{"footnotes":""},"class_list":["post-9827","page","type-page","status-publish","hentry"],"yoast_head":"<!-- This site is optimized with the Yoast SEO plugin v27.4 - https:\/\/yoast.com\/product\/yoast-seo-wordpress\/ -->\n<title>2257 Compliance Statement - TinyChat<\/title>\n<meta name=\"robots\" content=\"index, follow, max-snippet:-1, max-image-preview:large, max-video-preview:-1\" \/>\n<link rel=\"canonical\" href=\"https:\/\/tinychat.com\/tr\/2257-compliance-statement\/\" \/>\n<meta property=\"og:locale\" content=\"tr_TR\" \/>\n<meta property=\"og:type\" content=\"article\" \/>\n<meta property=\"og:title\" content=\"2257 Compliance Statement - TinyChat\" \/>\n<meta property=\"og:description\" content=\"In accordance with US law 18 U.S.C. Section 2257 (Child Protection and Obscenity Enforcement Act of 1988) and other relevant international laws, all models or individuals featured on platforms or services linked to or referenced by TinyChat.com are, to the best of our knowledge, at least 18 years old. Affiliate Relationship TinyChat.com does not own, [&hellip;]\" \/>\n<meta property=\"og:url\" content=\"https:\/\/tinychat.com\/tr\/2257-compliance-statement\/\" \/>\n<meta property=\"og:site_name\" content=\"TinyChat\" \/>\n<meta property=\"article:publisher\" content=\"https:\/\/www.facebook.com\/tinychat\" \/>\n<meta property=\"article:modified_time\" content=\"2025-08-06T08:57:28+00:00\" \/>\n<meta property=\"og:image\" content=\"https:\/\/tinychat.com\/wp-content\/uploads\/2020\/04\/Tinychat-logo-1280x284-new-black.png\" \/>\n\t<meta property=\"og:image:width\" content=\"1280\" \/>\n\t<meta property=\"og:image:height\" content=\"284\" \/>\n\t<meta property=\"og:image:type\" content=\"image\/png\" \/>\n<meta name=\"twitter:card\" content=\"summary_large_image\" \/>\n<meta name=\"twitter:site\" content=\"@tinychat\" \/>\n<meta name=\"twitter:label1\" content=\"Tahmini okuma s\u00fcresi\" \/>\n\t<meta name=\"twitter:data1\" content=\"2 dakika\" \/>\n<script type=\"application\/ld+json\" class=\"yoast-schema-graph\">{\"@context\":\"https:\\\/\\\/schema.org\",\"@graph\":[{\"@type\":\"WebPage\",\"@id\":\"https:\\\/\\\/tinychat.com\\\/2257-compliance-statement\\\/\",\"url\":\"https:\\\/\\\/tinychat.com\\\/2257-compliance-statement\\\/\",\"name\":\"2257 Compliance Statement - TinyChat\",\"isPartOf\":{\"@id\":\"https:\\\/\\\/tinychat.com\\\/#website\"},\"datePublished\":\"2022-03-01T15:29:57+00:00\",\"dateModified\":\"2025-08-06T08:57:28+00:00\",\"breadcrumb\":{\"@id\":\"https:\\\/\\\/tinychat.com\\\/2257-compliance-statement\\\/#breadcrumb\"},\"inLanguage\":\"tr\",\"potentialAction\":[{\"@type\":\"ReadAction\",\"target\":[\"https:\\\/\\\/tinychat.com\\\/2257-compliance-statement\\\/\"]}]},{\"@type\":\"BreadcrumbList\",\"@id\":\"https:\\\/\\\/tinychat.com\\\/2257-compliance-statement\\\/#breadcrumb\",\"itemListElement\":[{\"@type\":\"ListItem\",\"position\":1,\"name\":\"Home\",\"item\":\"https:\\\/\\\/tinychat.com\\\/\"},{\"@type\":\"ListItem\",\"position\":2,\"name\":\"2257 Compliance Statement\"}]},{\"@type\":\"WebSite\",\"@id\":\"https:\\\/\\\/tinychat.com\\\/#website\",\"url\":\"https:\\\/\\\/tinychat.com\\\/\",\"name\":\"TinyChat\",\"description\":\"Random Video Chat with Strangers\",\"publisher\":{\"@id\":\"https:\\\/\\\/tinychat.com\\\/#organization\"},\"alternateName\":\"TinyChat.com\",\"potentialAction\":[{\"@type\":\"SearchAction\",\"target\":{\"@type\":\"EntryPoint\",\"urlTemplate\":\"https:\\\/\\\/tinychat.com\\\/?s={search_term_string}\"},\"query-input\":{\"@type\":\"PropertyValueSpecification\",\"valueRequired\":true,\"valueName\":\"search_term_string\"}}],\"inLanguage\":\"tr\"},{\"@type\":\"Organization\",\"@id\":\"https:\\\/\\\/tinychat.com\\\/#organization\",\"name\":\"TinyChat\",\"alternateName\":\"TinyChat.com\",\"url\":\"https:\\\/\\\/tinychat.com\\\/\",\"logo\":{\"@type\":\"ImageObject\",\"inLanguage\":\"tr\",\"@id\":\"https:\\\/\\\/tinychat.com\\\/#\\\/schema\\\/logo\\\/image\\\/\",\"url\":\"https:\\\/\\\/tinychat.com\\\/wp-content\\\/uploads\\\/2023\\\/11\\\/Tinychat-icon-square.png\",\"contentUrl\":\"https:\\\/\\\/tinychat.com\\\/wp-content\\\/uploads\\\/2023\\\/11\\\/Tinychat-icon-square.png\",\"width\":284,\"height\":284,\"caption\":\"TinyChat\"},\"image\":{\"@id\":\"https:\\\/\\\/tinychat.com\\\/#\\\/schema\\\/logo\\\/image\\\/\"},\"sameAs\":[\"https:\\\/\\\/www.facebook.com\\\/tinychat\",\"https:\\\/\\\/x.com\\\/tinychat\"]}]}<\/script>\n<!-- \/ Yoast SEO plugin. -->","yoast_head_json":{"title":"2257 Uyumluluk Beyan\u0131 - TinyChat","robots":{"index":"index","follow":"follow","max-snippet":"max-snippet:-1","max-image-preview":"max-image-preview:large","max-video-preview":"max-video-preview:-1"},"canonical":"https:\/\/tinychat.com\/tr\/2257-compliance-statement\/","og_locale":"tr_TR","og_type":"article","og_title":"2257 Compliance Statement - TinyChat","og_description":"In accordance with US law 18 U.S.C. Section 2257 (Child Protection and Obscenity Enforcement Act of 1988) and other relevant international laws, all models or individuals featured on platforms or services linked to or referenced by TinyChat.com are, to the best of our knowledge, at least 18 years old. Affiliate Relationship TinyChat.com does not own, [&hellip;]","og_url":"https:\/\/tinychat.com\/tr\/2257-compliance-statement\/","og_site_name":"TinyChat","article_publisher":"https:\/\/www.facebook.com\/tinychat","article_modified_time":"2025-08-06T08:57:28+00:00","og_image":[{"width":1280,"height":284,"url":"https:\/\/tinychat.com\/wp-content\/uploads\/2020\/04\/Tinychat-logo-1280x284-new-black.png","type":"image\/png"}],"twitter_card":"summary_large_image","twitter_site":"@tinychat","twitter_misc":{"Tahmini okuma s\u00fcresi":"2 dakika"},"schema":{"@context":"https:\/\/schema.org","@graph":[{"@type":"WebPage","@id":"https:\/\/tinychat.com\/2257-compliance-statement\/","url":"https:\/\/tinychat.com\/2257-compliance-statement\/","name":"2257 Uyumluluk Beyan\u0131 - TinyChat","isPartOf":{"@id":"https:\/\/tinychat.com\/#website"},"datePublished":"2022-03-01T15:29:57+00:00","dateModified":"2025-08-06T08:57:28+00:00","breadcrumb":{"@id":"https:\/\/tinychat.com\/2257-compliance-statement\/#breadcrumb"},"inLanguage":"tr","potentialAction":[{"@type":"ReadAction","target":["https:\/\/tinychat.com\/2257-compliance-statement\/"]}]},{"@type":"BreadcrumbList","@id":"https:\/\/tinychat.com\/2257-compliance-statement\/#breadcrumb","itemListElement":[{"@type":"ListItem","position":1,"name":"Home","item":"https:\/\/tinychat.com\/"},{"@type":"ListItem","position":2,"name":"2257 Compliance Statement"}]},{"@type":"WebSite","@id":"https:\/\/tinychat.com\/#website","url":"https:\/\/tinychat.com\/","name":"TinyChat","description":"Yabanc\u0131larla Rastgele G\u00f6r\u00fcnt\u00fcl\u00fc Sohbet","publisher":{"@id":"https:\/\/tinychat.com\/#organization"},"alternateName":"TinyChat.com","potentialAction":[{"@type":"SearchAction","target":{"@type":"EntryPoint","urlTemplate":"https:\/\/tinychat.com\/?s={search_term_string}"},"query-input":{"@type":"PropertyValueSpecification","valueRequired":true,"valueName":"search_term_string"}}],"inLanguage":"tr"},{"@type":"Organization","@id":"https:\/\/tinychat.com\/#organization","name":"TinyChat","alternateName":"TinyChat.com","url":"https:\/\/tinychat.com\/","logo":{"@type":"ImageObject","inLanguage":"tr","@id":"https:\/\/tinychat.com\/#\/schema\/logo\/image\/","url":"https:\/\/tinychat.com\/wp-content\/uploads\/2023\/11\/Tinychat-icon-square.png","contentUrl":"https:\/\/tinychat.com\/wp-content\/uploads\/2023\/11\/Tinychat-icon-square.png","width":284,"height":284,"caption":"TinyChat"},"image":{"@id":"https:\/\/tinychat.com\/#\/schema\/logo\/image\/"},"sameAs":["https:\/\/www.facebook.com\/tinychat","https:\/\/x.com\/tinychat"]}]}},"_links":{"self":[{"href":"https:\/\/tinychat.com\/tr\/wp-json\/wp\/v2\/pages\/9827","targetHints":{"allow":["GET"]}}],"collection":[{"href":"https:\/\/tinychat.com\/tr\/wp-json\/wp\/v2\/pages"}],"about":[{"href":"https:\/\/tinychat.com\/tr\/wp-json\/wp\/v2\/types\/page"}],"author":[{"embeddable":true,"href":"https:\/\/tinychat.com\/tr\/wp-json\/wp\/v2\/users\/1"}],"replies":[{"embeddable":true,"href":"https:\/\/tinychat.com\/tr\/wp-json\/wp\/v2\/comments?post=9827"}],"version-history":[{"count":3,"href":"https:\/\/tinychat.com\/tr\/wp-json\/wp\/v2\/pages\/9827\/revisions"}],"predecessor-version":[{"id":13395,"href":"https:\/\/tinychat.com\/tr\/wp-json\/wp\/v2\/pages\/9827\/revisions\/13395"}],"wp:attachment":[{"href":"https:\/\/tinychat.com\/tr\/wp-json\/wp\/v2\/media?parent=9827"}],"curies":[{"name":"wp","href":"https:\/\/api.w.org\/{rel}","templated":true}]}}